{"id":100311,"date":"2025-11-08T14:04:16","date_gmt":"2025-11-08T13:04:16","guid":{"rendered":"https:\/\/www.nau.gov.cz\/?page_id=100311"},"modified":"2026-04-01T14:19:49","modified_gmt":"2026-04-01T12:19:49","slug":"aktualni-sdeleni","status":"publish","type":"page","link":"https:\/\/www.nau.gov.cz\/aktualni-sdeleni\/","title":{"rendered":"Aktu\u00e1ln\u00ed sd\u011blen\u00ed"},"content":{"rendered":"<section class=\"bde-section-100311-100 bde-section\">\n  \n  \n\t\n\n\n\n<div class=\"section-container\"><div class=\"bde-post-loop-100311-101 bde-post-loop\">\n<div class=\"bde-loop bde-loop- ee-posts ee-posts-\">    <article class=\"bde-loop-item ee-post\">\n    <a class=\"bde-container-link-101570-102-102010-101570-1 bde-container-link bde-container-link-101570-102 breakdance-link\" href=\"https:\/\/www.nau.gov.cz\/102010\/\" target=\"_self\" data-type=\"url\">\n  \n  \n\t\n\n\n\n<div class=\"bde-div-101570-100-102010-101570-1 bde-div bde-div-101570-100\">\n  \n  \n\t\n\n\n\n<div class=\"bde-div-101570-104-102010-101570-1 bde-div bde-div-101570-104\">\n  \n  \n\t\n\n\n\n<h2 class=\"bde-heading-101570-101-102010-101570-1 bde-heading title bde-heading-101570-101\">\nMezin\u00e1rodn\u00ed semin\u00e1\u0159 ke sla\u010fov\u00e1n\u00ed s\u00a0ESG\n<\/h2><div class=\"bde-icon-101570-105-102010-101570-1 bde-icon icon bde-icon-101570-105\">\n\n    \n            <div class=\"bde-icon-icon breakdance-icon-atom\" >\n    \n                    <svg xmlns=\"http:\/\/www.w3.org\/2000\/svg\" id=\"icon-arrow-up-right2\" viewBox=\"0 0 32 32\">\n<path d=\"M7.414 27.414l16.586-16.586v7.172c0 1.105 0.895 2 2 2s2-0.895 2-2v-12c0-0.809-0.487-1.538-1.235-1.848-0.248-0.103-0.508-0.151-0.765-0.151v-0.001h-12c-1.105 0-2 0.895-2 2s0.895 2 2 2h7.172l-16.586 16.586c-0.391 0.39-0.586 0.902-0.586 1.414s0.195 1.024 0.586 1.414c0.781 0.781 2.047 0.781 2.828 0z\"\/>\n<\/svg>\n        \n        \n        \n            <\/div>\n    \n\n\n<\/div>\n<\/div><div class=\"bde-text-101570-103-102010-101570-1 bde-text bde-text-101570-103\">\nJe \u010desk\u00fd n\u00e1rodn\u00ed syst\u00e9m zabezpe\u010dov\u00e1n\u00ed kvality vysoko\u0161kolsk\u00e9ho vzd\u011bl\u00e1v\u00e1n\u00ed v \u010cR po novele z\u00e1kona o vysok\u00fdch \u0161kol\u00e1ch slad\u011bn...\n<\/div>\n<\/div>\n\n<\/a>    <\/article>\n        <article class=\"bde-loop-item ee-post\">\n    <a class=\"bde-container-link-101570-102-101039-101570-1 bde-container-link bde-container-link-101570-102 breakdance-link\" href=\"https:\/\/www.nau.gov.cz\/transformace-nau-na-nautv\/\" target=\"_self\" data-type=\"url\">\n  \n  \n\t\n\n\n\n<div class=\"bde-div-101570-100-101039-101570-1 bde-div bde-div-101570-100\">\n  \n  \n\t\n\n\n\n<div class=\"bde-div-101570-104-101039-101570-1 bde-div bde-div-101570-104\">\n  \n  \n\t\n\n\n\n<h2 class=\"bde-heading-101570-101-101039-101570-1 bde-heading title bde-heading-101570-101\">\nTransformace NA\u00da na NA\u00daTV\n<\/h2><div class=\"bde-icon-101570-105-101039-101570-1 bde-icon icon bde-icon-101570-105\">\n\n    \n            <div class=\"bde-icon-icon breakdance-icon-atom\" >\n    \n                    <svg xmlns=\"http:\/\/www.w3.org\/2000\/svg\" id=\"icon-arrow-up-right2\" viewBox=\"0 0 32 32\">\n<path d=\"M7.414 27.414l16.586-16.586v7.172c0 1.105 0.895 2 2 2s2-0.895 2-2v-12c0-0.809-0.487-1.538-1.235-1.848-0.248-0.103-0.508-0.151-0.765-0.151v-0.001h-12c-1.105 0-2 0.895-2 2s0.895 2 2 2h7.172l-16.586 16.586c-0.391 0.39-0.586 0.902-0.586 1.414s0.195 1.024 0.586 1.414c0.781 0.781 2.047 0.781 2.828 0z\"\/>\n<\/svg>\n        \n        \n        \n            <\/div>\n    \n\n\n<\/div>\n<\/div><div class=\"bde-text-101570-103-101039-101570-1 bde-text bde-text-101570-103\">\nN\u00e1rodn\u00ed akredita\u010dn\u00ed \u00fa\u0159ad pro vysok\u00e9 \u0161kolstv\u00ed, kter\u00fd byl z\u0159\u00edzen ke dni 1. z\u00e1\u0159\u00ed 2016 z\u00e1konem \u010d. 111\/1998 Sb., o vysok\u00fdch \u0161...\n<\/div>\n<\/div>\n\n<\/a>    <\/article>\n        <article class=\"bde-loop-item ee-post\">\n    <a class=\"bde-container-link-101570-102-101041-101570-1 bde-container-link bde-container-link-101570-102 breakdance-link\" href=\"https:\/\/www.nau.gov.cz\/nau-ziskal-status-uznani-tzv-recognition-svetove-federace-pro-lekarske-vzdelavani-wfme\/\" target=\"_self\" data-type=\"url\">\n  \n  \n\t\n\n\n\n<div class=\"bde-div-101570-100-101041-101570-1 bde-div bde-div-101570-100\">\n  \n  \n\t\n\n\n\n<div class=\"bde-div-101570-104-101041-101570-1 bde-div bde-div-101570-104\">\n  \n  \n\t\n\n\n\n<h2 class=\"bde-heading-101570-101-101041-101570-1 bde-heading title bde-heading-101570-101\">\nNA\u00da z\u00edskal status uzn\u00e1n\u00ed (tzv. recognition) Sv\u011btov\u00e9 federace pro l\u00e9ka\u0159sk\u00e9 vzd\u011bl\u00e1v\u00e1n\u00ed (WFME)\n<\/h2><div class=\"bde-icon-101570-105-101041-101570-1 bde-icon icon bde-icon-101570-105\">\n\n    \n            <div class=\"bde-icon-icon breakdance-icon-atom\" >\n    \n                    <svg xmlns=\"http:\/\/www.w3.org\/2000\/svg\" id=\"icon-arrow-up-right2\" viewBox=\"0 0 32 32\">\n<path d=\"M7.414 27.414l16.586-16.586v7.172c0 1.105 0.895 2 2 2s2-0.895 2-2v-12c0-0.809-0.487-1.538-1.235-1.848-0.248-0.103-0.508-0.151-0.765-0.151v-0.001h-12c-1.105 0-2 0.895-2 2s0.895 2 2 2h7.172l-16.586 16.586c-0.391 0.39-0.586 0.902-0.586 1.414s0.195 1.024 0.586 1.414c0.781 0.781 2.047 0.781 2.828 0z\"\/>\n<\/svg>\n        \n        \n        \n            <\/div>\n    \n\n\n<\/div>\n<\/div><div class=\"bde-text-101570-103-101041-101570-1 bde-text bde-text-101570-103\">\nN\u00e1rodn\u00ed akredita\u010dn\u00ed \u00fa\u0159ad pro vysok\u00e9 \u0161kolstv\u00ed (NA\u00da) z\u00edskal po v\u00edce ne\u017e dvoulet\u00e9m \u00fasil\u00ed status uzn\u00e1n\u00ed (tzv. recognition) o...\n<\/div>\n<\/div>\n\n<\/a>    <\/article>\n        <article class=\"bde-loop-item ee-post\">\n    <a class=\"bde-container-link-101570-102-101043-101570-1 bde-container-link bde-container-link-101570-102 breakdance-link\" href=\"https:\/\/www.nau.gov.cz\/vyzva-c-2-2024-k-predkladani-navrhu-na-zarazeni-osob-do-seznamu-hodnotitelu\/\" target=\"_self\" data-type=\"url\">\n  \n  \n\t\n\n\n\n<div class=\"bde-div-101570-100-101043-101570-1 bde-div bde-div-101570-100\">\n  \n  \n\t\n\n\n\n<div class=\"bde-div-101570-104-101043-101570-1 bde-div bde-div-101570-104\">\n  \n  \n\t\n\n\n\n<h2 class=\"bde-heading-101570-101-101043-101570-1 bde-heading title bde-heading-101570-101\">\nV\u00fdzva \u010d. 2\/2024 k p\u0159edkl\u00e1d\u00e1n\u00ed n\u00e1vrh\u016f na za\u0159azen\u00ed osob do Seznamu hodnotitel\u016f\n<\/h2><div class=\"bde-icon-101570-105-101043-101570-1 bde-icon icon bde-icon-101570-105\">\n\n    \n            <div class=\"bde-icon-icon breakdance-icon-atom\" >\n    \n                    <svg xmlns=\"http:\/\/www.w3.org\/2000\/svg\" id=\"icon-arrow-up-right2\" viewBox=\"0 0 32 32\">\n<path d=\"M7.414 27.414l16.586-16.586v7.172c0 1.105 0.895 2 2 2s2-0.895 2-2v-12c0-0.809-0.487-1.538-1.235-1.848-0.248-0.103-0.508-0.151-0.765-0.151v-0.001h-12c-1.105 0-2 0.895-2 2s0.895 2 2 2h7.172l-16.586 16.586c-0.391 0.39-0.586 0.902-0.586 1.414s0.195 1.024 0.586 1.414c0.781 0.781 2.047 0.781 2.828 0z\"\/>\n<\/svg>\n        \n        \n        \n            <\/div>\n    \n\n\n<\/div>\n<\/div><div class=\"bde-text-101570-103-101043-101570-1 bde-text bde-text-101570-103\">\nRada NA\u00da schv\u00e1lila na sv\u00e9m 7. \u0159\u00e1dn\u00e9m zased\u00e1n\u00ed vyhl\u00e1\u0161en\u00ed\u00a0v\u00fdzvy\u00a0k p\u0159edkl\u00e1d\u00e1n\u00ed n\u00e1vrh\u016f na za\u0159azen\u00ed osob do Seznamu hodnotite...\n<\/div>\n<\/div>\n\n<\/a>    <\/article>\n        <article class=\"bde-loop-item ee-post\">\n    <a class=\"bde-container-link-101570-102-101045-101570-1 bde-container-link bde-container-link-101570-102 breakdance-link\" href=\"https:\/\/www.nau.gov.cz\/stala-vyzva-k-predkladani-navrhu-na-zarazeni-osob-do-seznamu-hodnotitelu\/\" target=\"_self\" data-type=\"url\">\n  \n  \n\t\n\n\n\n<div class=\"bde-div-101570-100-101045-101570-1 bde-div bde-div-101570-100\">\n  \n  \n\t\n\n\n\n<div class=\"bde-div-101570-104-101045-101570-1 bde-div bde-div-101570-104\">\n  \n  \n\t\n\n\n\n<h2 class=\"bde-heading-101570-101-101045-101570-1 bde-heading title bde-heading-101570-101\">\nSt\u00e1l\u00e1 v\u00fdzva k p\u0159edkl\u00e1d\u00e1n\u00ed n\u00e1vrh\u016f na za\u0159azen\u00ed osob do Seznamu hodnotitel\u016f\n<\/h2><div class=\"bde-icon-101570-105-101045-101570-1 bde-icon icon bde-icon-101570-105\">\n\n    \n            <div class=\"bde-icon-icon breakdance-icon-atom\" >\n    \n                    <svg xmlns=\"http:\/\/www.w3.org\/2000\/svg\" id=\"icon-arrow-up-right2\" viewBox=\"0 0 32 32\">\n<path d=\"M7.414 27.414l16.586-16.586v7.172c0 1.105 0.895 2 2 2s2-0.895 2-2v-12c0-0.809-0.487-1.538-1.235-1.848-0.248-0.103-0.508-0.151-0.765-0.151v-0.001h-12c-1.105 0-2 0.895-2 2s0.895 2 2 2h7.172l-16.586 16.586c-0.391 0.39-0.586 0.902-0.586 1.414s0.195 1.024 0.586 1.414c0.781 0.781 2.047 0.781 2.828 0z\"\/>\n<\/svg>\n        \n        \n        \n            <\/div>\n    \n\n\n<\/div>\n<\/div><div class=\"bde-text-101570-103-101045-101570-1 bde-text bde-text-101570-103\">\nRada NA\u00da schv\u00e1lila na sv\u00e9m 6. \u0159\u00e1dn\u00e9m zased\u00e1n\u00ed vyhl\u00e1\u0161en\u00ed\u00a0v\u00fdzvy\u00a0k p\u0159edkl\u00e1d\u00e1n\u00ed n\u00e1vrh\u016f na za\u0159azen\u00ed osob do Seznamu hodnotite...\n<\/div>\n<\/div>\n\n<\/a>    <\/article>\n        <article class=\"bde-loop-item ee-post\">\n    <a class=\"bde-container-link-101570-102-101047-101570-1 bde-container-link bde-container-link-101570-102 breakdance-link\" href=\"https:\/\/www.nau.gov.cz\/aktualni-sdeleni-k-mimoradne-situaci-v-dusledku-povodni\/\" target=\"_self\" data-type=\"url\">\n  \n  \n\t\n\n\n\n<div class=\"bde-div-101570-100-101047-101570-1 bde-div bde-div-101570-100\">\n  \n  \n\t\n\n\n\n<div class=\"bde-div-101570-104-101047-101570-1 bde-div bde-div-101570-104\">\n  \n  \n\t\n\n\n\n<h2 class=\"bde-heading-101570-101-101047-101570-1 bde-heading title bde-heading-101570-101\">\nAktu\u00e1ln\u00ed sd\u011blen\u00ed k mimo\u0159\u00e1dn\u00e9 situaci v d\u016fsledku povodn\u00ed\n<\/h2><div class=\"bde-icon-101570-105-101047-101570-1 bde-icon icon bde-icon-101570-105\">\n\n    \n            <div class=\"bde-icon-icon breakdance-icon-atom\" >\n    \n                    <svg xmlns=\"http:\/\/www.w3.org\/2000\/svg\" id=\"icon-arrow-up-right2\" viewBox=\"0 0 32 32\">\n<path d=\"M7.414 27.414l16.586-16.586v7.172c0 1.105 0.895 2 2 2s2-0.895 2-2v-12c0-0.809-0.487-1.538-1.235-1.848-0.248-0.103-0.508-0.151-0.765-0.151v-0.001h-12c-1.105 0-2 0.895-2 2s0.895 2 2 2h7.172l-16.586 16.586c-0.391 0.39-0.586 0.902-0.586 1.414s0.195 1.024 0.586 1.414c0.781 0.781 2.047 0.781 2.828 0z\"\/>\n<\/svg>\n        \n        \n        \n            <\/div>\n    \n\n\n<\/div>\n<\/div><div class=\"bde-text-101570-103-101047-101570-1 bde-text bde-text-101570-103\">\nVzhledem k mimo\u0159\u00e1dn\u00e9 povod\u0148ov\u00e9 situaci a jej\u00edm d\u016fsledk\u016fm pro \u010dinnost vysok\u00fdch \u0161kol a \u010dlen\u016f jejich akademick\u00fdch obc\u00ed bere...\n<\/div>\n<\/div>\n\n<\/a>    <\/article>\n        <article class=\"bde-loop-item ee-post\">\n    <a class=\"bde-container-link-101570-102-101049-101570-1 bde-container-link bde-container-link-101570-102 breakdance-link\" href=\"https:\/\/www.nau.gov.cz\/vnejsi-hodnoceni-univerzity-karlovy-v-praze\/\" target=\"_self\" data-type=\"url\">\n  \n  \n\t\n\n\n\n<div class=\"bde-div-101570-100-101049-101570-1 bde-div bde-div-101570-100\">\n  \n  \n\t\n\n\n\n<div class=\"bde-div-101570-104-101049-101570-1 bde-div bde-div-101570-104\">\n  \n  \n\t\n\n\n\n<h2 class=\"bde-heading-101570-101-101049-101570-1 bde-heading title bde-heading-101570-101\">\n\u00a0Vn\u011bj\u0161\u00ed hodnocen\u00ed Univerzity Karlovy v Praze\n<\/h2><div class=\"bde-icon-101570-105-101049-101570-1 bde-icon icon bde-icon-101570-105\">\n\n    \n            <div class=\"bde-icon-icon breakdance-icon-atom\" >\n    \n                    <svg xmlns=\"http:\/\/www.w3.org\/2000\/svg\" id=\"icon-arrow-up-right2\" viewBox=\"0 0 32 32\">\n<path d=\"M7.414 27.414l16.586-16.586v7.172c0 1.105 0.895 2 2 2s2-0.895 2-2v-12c0-0.809-0.487-1.538-1.235-1.848-0.248-0.103-0.508-0.151-0.765-0.151v-0.001h-12c-1.105 0-2 0.895-2 2s0.895 2 2 2h7.172l-16.586 16.586c-0.391 0.39-0.586 0.902-0.586 1.414s0.195 1.024 0.586 1.414c0.781 0.781 2.047 0.781 2.828 0z\"\/>\n<\/svg>\n        \n        \n        \n            <\/div>\n    \n\n\n<\/div>\n<\/div><div class=\"bde-text-101570-103-101049-101570-1 bde-text bde-text-101570-103\">\nN\u00e1rodn\u00ed akredita\u010dn\u00ed \u00fa\u0159ad pro vysok\u00e9 \u0161kolstv\u00ed v r\u00e1mci sv\u00e9 \u010dinnosti podle \u00a7 84 z\u00e1kona o vysok\u00fdch \u0161kol\u00e1ch provedl vn\u011bj\u0161\u00ed ho...\n<\/div>\n<\/div>\n\n<\/a>    <\/article>\n        <article class=\"bde-loop-item ee-post\">\n    <a class=\"bde-container-link-101570-102-101051-101570-1 bde-container-link bde-container-link-101570-102 breakdance-link\" href=\"https:\/\/www.nau.gov.cz\/upravy-metodickych-materialu\/\" target=\"_self\" data-type=\"url\">\n  \n  \n\t\n\n\n\n<div class=\"bde-div-101570-100-101051-101570-1 bde-div bde-div-101570-100\">\n  \n  \n\t\n\n\n\n<div class=\"bde-div-101570-104-101051-101570-1 bde-div bde-div-101570-104\">\n  \n  \n\t\n\n\n\n<h2 class=\"bde-heading-101570-101-101051-101570-1 bde-heading title bde-heading-101570-101\">\n\u00a0\u00dapravy metodick\u00fdch materi\u00e1l\u016f\n<\/h2><div class=\"bde-icon-101570-105-101051-101570-1 bde-icon icon bde-icon-101570-105\">\n\n    \n            <div class=\"bde-icon-icon breakdance-icon-atom\" >\n    \n                    <svg xmlns=\"http:\/\/www.w3.org\/2000\/svg\" id=\"icon-arrow-up-right2\" viewBox=\"0 0 32 32\">\n<path d=\"M7.414 27.414l16.586-16.586v7.172c0 1.105 0.895 2 2 2s2-0.895 2-2v-12c0-0.809-0.487-1.538-1.235-1.848-0.248-0.103-0.508-0.151-0.765-0.151v-0.001h-12c-1.105 0-2 0.895-2 2s0.895 2 2 2h7.172l-16.586 16.586c-0.391 0.39-0.586 0.902-0.586 1.414s0.195 1.024 0.586 1.414c0.781 0.781 2.047 0.781 2.828 0z\"\/>\n<\/svg>\n        \n        \n        \n            <\/div>\n    \n\n\n<\/div>\n<\/div><div class=\"bde-text-101570-103-101051-101570-1 bde-text bde-text-101570-103\">\nRada NA\u00da na sv\u00e9m zased\u00e1n\u00ed \u010d. 3\/2024 konan\u00e9m ve dnech 3. a 4. dubna 2024 schv\u00e1lila \u00fapravu n\u00e1sleduj\u00edc\u00edch metodick\u00fdch mater...\n<\/div>\n<\/div>\n\n<\/a>    <\/article>\n    <\/div><div class='bde-posts-pagination bde-posts-pagination-prevnext bde-posts-prev-next-link'><a href=\"https:\/\/www.nau.gov.cz\/wp-json\/wp\/v2\/pages\/100311\/page\/2\/\" >Dal\u0161\u00ed<\/a><\/div>\n\n<\/div><\/div>\n<\/section>","protected":false},"excerpt":{"rendered":"<p>Mezin\u00e1rodn\u00ed semin\u00e1\u0159 ke sla\u010fov\u00e1n\u00ed s\u00a0ESG Je \u010desk\u00fd n\u00e1rodn\u00ed syst\u00e9m zabezpe\u010dov\u00e1n\u00ed kvality vysoko\u0161kolsk\u00e9ho vzd\u011bl\u00e1v\u00e1n\u00ed v \u010cR po novele z\u00e1kona o vysok\u00fdch \u0161kol\u00e1ch slad\u011bn&#8230; Transformace NA\u00da na NA\u00daTV N\u00e1rodn\u00ed akredita\u010dn\u00ed \u00fa\u0159ad pro vysok\u00e9 \u0161kolstv\u00ed, kter\u00fd byl z\u0159\u00edzen ke dni 1. z\u00e1\u0159\u00ed 2016 z\u00e1konem \u010d. 111\/1998 Sb., o vysok\u00fdch \u0161&#8230; NA\u00da z\u00edskal status uzn\u00e1n\u00ed (tzv. recognition) Sv\u011btov\u00e9 federace [&hellip;]<\/p>\n","protected":false},"author":1,"featured_media":0,"parent":0,"menu_order":0,"comment_status":"closed","ping_status":"closed","template":"","meta":{"_acf_changed":false,"_breakdance_hide_in_design_set":false,"_breakdance_tags":"","footnotes":""},"class_list":["post-100311","page","type-page","status-publish","hentry"],"acf":[],"yoast_head":"<!-- This site is optimized with the Yoast SEO plugin v26.3 - https:\/\/yoast.com\/wordpress\/plugins\/seo\/ -->\n<title>Aktu\u00e1ln\u00ed sd\u011blen\u00ed - N\u00e1rodn\u00ed akredita\u010dn\u00ed \u00fa\u0159ad<\/title>\n<meta name=\"robots\" content=\"index, follow, max-snippet:-1, max-image-preview:large, max-video-preview:-1\" \/>\n<link rel=\"canonical\" href=\"https:\/\/www.nau.gov.cz\/aktualni-sdeleni\/\" \/>\n<meta property=\"og:locale\" content=\"cs_CZ\" \/>\n<meta property=\"og:type\" content=\"article\" \/>\n<meta property=\"og:title\" content=\"Aktu\u00e1ln\u00ed sd\u011blen\u00ed - N\u00e1rodn\u00ed akredita\u010dn\u00ed \u00fa\u0159ad\" \/>\n<meta property=\"og:description\" content=\"Mezin\u00e1rodn\u00ed semin\u00e1\u0159 ke sla\u010fov\u00e1n\u00ed s\u00a0ESG Je \u010desk\u00fd n\u00e1rodn\u00ed syst\u00e9m zabezpe\u010dov\u00e1n\u00ed kvality vysoko\u0161kolsk\u00e9ho vzd\u011bl\u00e1v\u00e1n\u00ed v \u010cR po novele z\u00e1kona o vysok\u00fdch \u0161kol\u00e1ch slad\u011bn... Transformace NA\u00da na NA\u00daTV N\u00e1rodn\u00ed akredita\u010dn\u00ed \u00fa\u0159ad pro vysok\u00e9 \u0161kolstv\u00ed, kter\u00fd byl z\u0159\u00edzen ke dni 1. z\u00e1\u0159\u00ed 2016 z\u00e1konem \u010d. 111\/1998 Sb., o vysok\u00fdch \u0161... NA\u00da z\u00edskal status uzn\u00e1n\u00ed (tzv. recognition) Sv\u011btov\u00e9 federace [&hellip;]\" \/>\n<meta property=\"og:url\" content=\"https:\/\/www.nau.gov.cz\/aktualni-sdeleni\/\" \/>\n<meta property=\"og:site_name\" content=\"N\u00e1rodn\u00ed akredita\u010dn\u00ed \u00fa\u0159ad\" \/>\n<meta property=\"article:modified_time\" content=\"2026-04-01T12:19:49+00:00\" \/>\n<meta name=\"twitter:card\" content=\"summary_large_image\" \/>\n<meta name=\"twitter:label1\" content=\"Odhadovan\u00e1 doba \u010dten\u00ed\" \/>\n\t<meta name=\"twitter:data1\" content=\"2 minuty\" \/>\n<script type=\"application\/ld+json\" class=\"yoast-schema-graph\">{\"@context\":\"https:\/\/schema.org\",\"@graph\":[{\"@type\":\"WebPage\",\"@id\":\"https:\/\/www.nau.gov.cz\/aktualni-sdeleni\/\",\"url\":\"https:\/\/www.nau.gov.cz\/aktualni-sdeleni\/\",\"name\":\"Aktu\u00e1ln\u00ed sd\u011blen\u00ed - N\u00e1rodn\u00ed akredita\u010dn\u00ed \u00fa\u0159ad\",\"isPartOf\":{\"@id\":\"https:\/\/www.nau.gov.cz\/#website\"},\"datePublished\":\"2025-11-08T13:04:16+00:00\",\"dateModified\":\"2026-04-01T12:19:49+00:00\",\"breadcrumb\":{\"@id\":\"https:\/\/www.nau.gov.cz\/aktualni-sdeleni\/#breadcrumb\"},\"inLanguage\":\"cs\",\"potentialAction\":[{\"@type\":\"ReadAction\",\"target\":[\"https:\/\/www.nau.gov.cz\/aktualni-sdeleni\/\"]}]},{\"@type\":\"BreadcrumbList\",\"@id\":\"https:\/\/www.nau.gov.cz\/aktualni-sdeleni\/#breadcrumb\",\"itemListElement\":[{\"@type\":\"ListItem\",\"position\":1,\"name\":\"Dom\u016f\",\"item\":\"https:\/\/www.nau.gov.cz\/\"},{\"@type\":\"ListItem\",\"position\":2,\"name\":\"Aktu\u00e1ln\u00ed sd\u011blen\u00ed\"}]},{\"@type\":\"WebSite\",\"@id\":\"https:\/\/www.nau.gov.cz\/#website\",\"url\":\"https:\/\/www.nau.gov.cz\/\",\"name\":\"N\u00e1rodn\u00ed akredita\u010dn\u00ed \u00fa\u0159ad\",\"description\":\"N\u00e1rodn\u00ed akredita\u010dn\u00ed \u00fa\u0159ad pro vysok\u00e9 \u0161kolstv\u00ed\",\"potentialAction\":[{\"@type\":\"SearchAction\",\"target\":{\"@type\":\"EntryPoint\",\"urlTemplate\":\"https:\/\/www.nau.gov.cz\/?s={search_term_string}\"},\"query-input\":{\"@type\":\"PropertyValueSpecification\",\"valueRequired\":true,\"valueName\":\"search_term_string\"}}],\"inLanguage\":\"cs\"}]}<\/script>\n<!-- \/ Yoast SEO plugin. -->","yoast_head_json":{"title":"Aktu\u00e1ln\u00ed sd\u011blen\u00ed - N\u00e1rodn\u00ed akredita\u010dn\u00ed \u00fa\u0159ad","robots":{"index":"index","follow":"follow","max-snippet":"max-snippet:-1","max-image-preview":"max-image-preview:large","max-video-preview":"max-video-preview:-1"},"canonical":"https:\/\/www.nau.gov.cz\/aktualni-sdeleni\/","og_locale":"cs_CZ","og_type":"article","og_title":"Aktu\u00e1ln\u00ed sd\u011blen\u00ed - N\u00e1rodn\u00ed akredita\u010dn\u00ed \u00fa\u0159ad","og_description":"Mezin\u00e1rodn\u00ed semin\u00e1\u0159 ke sla\u010fov\u00e1n\u00ed s\u00a0ESG Je \u010desk\u00fd n\u00e1rodn\u00ed syst\u00e9m zabezpe\u010dov\u00e1n\u00ed kvality vysoko\u0161kolsk\u00e9ho vzd\u011bl\u00e1v\u00e1n\u00ed v \u010cR po novele z\u00e1kona o vysok\u00fdch \u0161kol\u00e1ch slad\u011bn... Transformace NA\u00da na NA\u00daTV N\u00e1rodn\u00ed akredita\u010dn\u00ed \u00fa\u0159ad pro vysok\u00e9 \u0161kolstv\u00ed, kter\u00fd byl z\u0159\u00edzen ke dni 1. z\u00e1\u0159\u00ed 2016 z\u00e1konem \u010d. 111\/1998 Sb., o vysok\u00fdch \u0161... NA\u00da z\u00edskal status uzn\u00e1n\u00ed (tzv. recognition) Sv\u011btov\u00e9 federace [&hellip;]","og_url":"https:\/\/www.nau.gov.cz\/aktualni-sdeleni\/","og_site_name":"N\u00e1rodn\u00ed akredita\u010dn\u00ed \u00fa\u0159ad","article_modified_time":"2026-04-01T12:19:49+00:00","twitter_card":"summary_large_image","twitter_misc":{"Odhadovan\u00e1 doba \u010dten\u00ed":"2 minuty"},"schema":{"@context":"https:\/\/schema.org","@graph":[{"@type":"WebPage","@id":"https:\/\/www.nau.gov.cz\/aktualni-sdeleni\/","url":"https:\/\/www.nau.gov.cz\/aktualni-sdeleni\/","name":"Aktu\u00e1ln\u00ed sd\u011blen\u00ed - N\u00e1rodn\u00ed akredita\u010dn\u00ed \u00fa\u0159ad","isPartOf":{"@id":"https:\/\/www.nau.gov.cz\/#website"},"datePublished":"2025-11-08T13:04:16+00:00","dateModified":"2026-04-01T12:19:49+00:00","breadcrumb":{"@id":"https:\/\/www.nau.gov.cz\/aktualni-sdeleni\/#breadcrumb"},"inLanguage":"cs","potentialAction":[{"@type":"ReadAction","target":["https:\/\/www.nau.gov.cz\/aktualni-sdeleni\/"]}]},{"@type":"BreadcrumbList","@id":"https:\/\/www.nau.gov.cz\/aktualni-sdeleni\/#breadcrumb","itemListElement":[{"@type":"ListItem","position":1,"name":"Dom\u016f","item":"https:\/\/www.nau.gov.cz\/"},{"@type":"ListItem","position":2,"name":"Aktu\u00e1ln\u00ed sd\u011blen\u00ed"}]},{"@type":"WebSite","@id":"https:\/\/www.nau.gov.cz\/#website","url":"https:\/\/www.nau.gov.cz\/","name":"N\u00e1rodn\u00ed akredita\u010dn\u00ed \u00fa\u0159ad","description":"N\u00e1rodn\u00ed akredita\u010dn\u00ed \u00fa\u0159ad pro vysok\u00e9 \u0161kolstv\u00ed","potentialAction":[{"@type":"SearchAction","target":{"@type":"EntryPoint","urlTemplate":"https:\/\/www.nau.gov.cz\/?s={search_term_string}"},"query-input":{"@type":"PropertyValueSpecification","valueRequired":true,"valueName":"search_term_string"}}],"inLanguage":"cs"}]}},"_links":{"self":[{"href":"https:\/\/www.nau.gov.cz\/wp-json\/wp\/v2\/pages\/100311","targetHints":{"allow":["GET"]}}],"collection":[{"href":"https:\/\/www.nau.gov.cz\/wp-json\/wp\/v2\/pages"}],"about":[{"href":"https:\/\/www.nau.gov.cz\/wp-json\/wp\/v2\/types\/page"}],"author":[{"embeddable":true,"href":"https:\/\/www.nau.gov.cz\/wp-json\/wp\/v2\/users\/1"}],"replies":[{"embeddable":true,"href":"https:\/\/www.nau.gov.cz\/wp-json\/wp\/v2\/comments?post=100311"}],"version-history":[{"count":41,"href":"https:\/\/www.nau.gov.cz\/wp-json\/wp\/v2\/pages\/100311\/revisions"}],"predecessor-version":[{"id":101805,"href":"https:\/\/www.nau.gov.cz\/wp-json\/wp\/v2\/pages\/100311\/revisions\/101805"}],"wp:attachment":[{"href":"https:\/\/www.nau.gov.cz\/wp-json\/wp\/v2\/media?parent=100311"}],"curies":[{"name":"wp","href":"https:\/\/api.w.org\/{rel}","templated":true}]}}