{"id":100323,"date":"2025-11-08T14:06:49","date_gmt":"2025-11-08T13:06:49","guid":{"rendered":"https:\/\/www.nau.gov.cz\/?page_id=100323"},"modified":"2026-03-18T14:55:02","modified_gmt":"2026-03-18T13:55:02","slug":"prezkumna-komise-2","status":"publish","type":"page","link":"https:\/\/www.nau.gov.cz\/organizacni-struktura\/prezkumna-komise-2\/","title":{"rendered":"P\u0159ezkumn\u00e1 komise"},"content":{"rendered":"<section class=\"bde-section-100323-101 bde-section\">\n  \n  \n\t\n\n\n\n<div class=\"section-container\"><div class=\"bde-div-100323-108 bde-div\">\n  \n  \n\t\n\n\n\n<h1 class=\"bde-heading-100323-109 bde-heading\">\n\u010clenov\u00e9\n<\/h1><div class=\"bde-post-loop-100323-110 bde-post-loop\">\n<div class=\"bde-loop bde-loop-list ee-posts ee-posts-list\">    <article class=\"bde-loop-item ee-post\">\n    <div class=\"bde-div-100944-100-100650-100944-1 bde-div bde-div-100944-100\">\n  \n  \n\t\n\n\n\n<div class=\"bde-text-100944-101-100650-100944-1 bde-text bde-text-100944-101\">\nJUDr. Ivan Baran\u010d\u00edk, PhD.\n<\/div>\n<\/div>    <\/article>\n        <article class=\"bde-loop-item ee-post\">\n    <div class=\"bde-div-100944-100-100651-100944-1 bde-div bde-div-100944-100\">\n  \n  \n\t\n\n\n\n<div class=\"bde-text-100944-101-100651-100944-1 bde-text bde-text-100944-101\">\nJUDr. Jana Janderov\u00e1, Ph.D.\n<\/div>\n<\/div>    <\/article>\n        <article class=\"bde-loop-item ee-post\">\n    <div class=\"bde-div-100944-100-100652-100944-1 bde-div bde-div-100944-100\">\n  \n  \n\t\n\n\n\n<div class=\"bde-text-100944-101-100652-100944-1 bde-text bde-text-100944-101\">\nJUDr. Zdenka Papou\u0161kov\u00e1, Ph.D.\n<\/div>\n<\/div>    <\/article>\n        <article class=\"bde-loop-item ee-post\">\n    <div class=\"bde-div-100944-100-100653-100944-1 bde-div bde-div-100944-100\">\n  \n  \n\t\n\n\n\n<div class=\"bde-text-100944-101-100653-100944-1 bde-text bde-text-100944-101\">\nJUDr. Veronika Smutn\u00e1, Ph.D.\n<\/div>\n<\/div>    <\/article>\n        <article class=\"bde-loop-item ee-post\">\n    <div class=\"bde-div-100944-100-100654-100944-1 bde-div bde-div-100944-100\">\n  \n  \n\t\n\n\n\n<div class=\"bde-text-100944-101-100654-100944-1 bde-text bde-text-100944-101\">\nMgr. Damir Solak\n<\/div>\n<\/div>    <\/article>\n    <\/div>\n\n<\/div>\n<\/div><\/div>\n<\/section>","protected":false},"excerpt":{"rendered":"<p>\u010clenov\u00e9 JUDr. Ivan Baran\u010d\u00edk, PhD. JUDr. Jana Janderov\u00e1, Ph.D. JUDr. Zdenka Papou\u0161kov\u00e1, Ph.D. JUDr. Veronika Smutn\u00e1, Ph.D. Mgr. Damir Solak<\/p>\n","protected":false},"author":1,"featured_media":0,"parent":100729,"menu_order":2,"comment_status":"closed","ping_status":"closed","template":"","meta":{"_acf_changed":false,"_breakdance_hide_in_design_set":false,"_breakdance_tags":"","footnotes":""},"class_list":["post-100323","page","type-page","status-publish","hentry"],"acf":[],"yoast_head":"<!-- This site is optimized with the Yoast SEO plugin v26.3 - https:\/\/yoast.com\/wordpress\/plugins\/seo\/ -->\n<title>P\u0159ezkumn\u00e1 komise - N\u00e1rodn\u00ed akredita\u010dn\u00ed \u00fa\u0159ad<\/title>\n<meta name=\"robots\" content=\"index, follow, max-snippet:-1, max-image-preview:large, max-video-preview:-1\" \/>\n<link rel=\"canonical\" href=\"https:\/\/www.nau.gov.cz\/organizacni-struktura\/prezkumna-komise-2\/\" \/>\n<meta property=\"og:locale\" content=\"cs_CZ\" \/>\n<meta property=\"og:type\" content=\"article\" \/>\n<meta property=\"og:title\" content=\"P\u0159ezkumn\u00e1 komise - N\u00e1rodn\u00ed akredita\u010dn\u00ed \u00fa\u0159ad\" \/>\n<meta property=\"og:description\" content=\"\u010clenov\u00e9 JUDr. Ivan Baran\u010d\u00edk, PhD. JUDr. Jana Janderov\u00e1, Ph.D. JUDr. Zdenka Papou\u0161kov\u00e1, Ph.D. JUDr. Veronika Smutn\u00e1, Ph.D. Mgr. Damir Solak\" \/>\n<meta property=\"og:url\" content=\"https:\/\/www.nau.gov.cz\/organizacni-struktura\/prezkumna-komise-2\/\" \/>\n<meta property=\"og:site_name\" content=\"N\u00e1rodn\u00ed akredita\u010dn\u00ed \u00fa\u0159ad\" \/>\n<meta property=\"article:modified_time\" content=\"2026-03-18T13:55:02+00:00\" \/>\n<meta name=\"twitter:card\" content=\"summary_large_image\" \/>\n<meta name=\"twitter:label1\" content=\"Odhadovan\u00e1 doba \u010dten\u00ed\" \/>\n\t<meta name=\"twitter:data1\" content=\"1 minuta\" \/>\n<script type=\"application\/ld+json\" class=\"yoast-schema-graph\">{\"@context\":\"https:\/\/schema.org\",\"@graph\":[{\"@type\":\"WebPage\",\"@id\":\"https:\/\/www.nau.gov.cz\/organizacni-struktura\/prezkumna-komise-2\/\",\"url\":\"https:\/\/www.nau.gov.cz\/organizacni-struktura\/prezkumna-komise-2\/\",\"name\":\"P\u0159ezkumn\u00e1 komise - N\u00e1rodn\u00ed akredita\u010dn\u00ed \u00fa\u0159ad\",\"isPartOf\":{\"@id\":\"https:\/\/www.nau.gov.cz\/#website\"},\"datePublished\":\"2025-11-08T13:06:49+00:00\",\"dateModified\":\"2026-03-18T13:55:02+00:00\",\"breadcrumb\":{\"@id\":\"https:\/\/www.nau.gov.cz\/organizacni-struktura\/prezkumna-komise-2\/#breadcrumb\"},\"inLanguage\":\"cs\",\"potentialAction\":[{\"@type\":\"ReadAction\",\"target\":[\"https:\/\/www.nau.gov.cz\/organizacni-struktura\/prezkumna-komise-2\/\"]}]},{\"@type\":\"BreadcrumbList\",\"@id\":\"https:\/\/www.nau.gov.cz\/organizacni-struktura\/prezkumna-komise-2\/#breadcrumb\",\"itemListElement\":[{\"@type\":\"ListItem\",\"position\":1,\"name\":\"Dom\u016f\",\"item\":\"https:\/\/www.nau.gov.cz\/\"},{\"@type\":\"ListItem\",\"position\":2,\"name\":\"Organiza\u010dn\u00ed struktura\",\"item\":\"https:\/\/www.nau.gov.cz\/organizacni-struktura\/\"},{\"@type\":\"ListItem\",\"position\":3,\"name\":\"P\u0159ezkumn\u00e1 komise\"}]},{\"@type\":\"WebSite\",\"@id\":\"https:\/\/www.nau.gov.cz\/#website\",\"url\":\"https:\/\/www.nau.gov.cz\/\",\"name\":\"N\u00e1rodn\u00ed akredita\u010dn\u00ed \u00fa\u0159ad\",\"description\":\"N\u00e1rodn\u00ed akredita\u010dn\u00ed \u00fa\u0159ad pro vysok\u00e9 \u0161kolstv\u00ed\",\"potentialAction\":[{\"@type\":\"SearchAction\",\"target\":{\"@type\":\"EntryPoint\",\"urlTemplate\":\"https:\/\/www.nau.gov.cz\/?s={search_term_string}\"},\"query-input\":{\"@type\":\"PropertyValueSpecification\",\"valueRequired\":true,\"valueName\":\"search_term_string\"}}],\"inLanguage\":\"cs\"}]}<\/script>\n<!-- \/ Yoast SEO plugin. -->","yoast_head_json":{"title":"P\u0159ezkumn\u00e1 komise - N\u00e1rodn\u00ed akredita\u010dn\u00ed \u00fa\u0159ad","robots":{"index":"index","follow":"follow","max-snippet":"max-snippet:-1","max-image-preview":"max-image-preview:large","max-video-preview":"max-video-preview:-1"},"canonical":"https:\/\/www.nau.gov.cz\/organizacni-struktura\/prezkumna-komise-2\/","og_locale":"cs_CZ","og_type":"article","og_title":"P\u0159ezkumn\u00e1 komise - N\u00e1rodn\u00ed akredita\u010dn\u00ed \u00fa\u0159ad","og_description":"\u010clenov\u00e9 JUDr. Ivan Baran\u010d\u00edk, PhD. JUDr. Jana Janderov\u00e1, Ph.D. JUDr. Zdenka Papou\u0161kov\u00e1, Ph.D. JUDr. Veronika Smutn\u00e1, Ph.D. Mgr. Damir Solak","og_url":"https:\/\/www.nau.gov.cz\/organizacni-struktura\/prezkumna-komise-2\/","og_site_name":"N\u00e1rodn\u00ed akredita\u010dn\u00ed \u00fa\u0159ad","article_modified_time":"2026-03-18T13:55:02+00:00","twitter_card":"summary_large_image","twitter_misc":{"Odhadovan\u00e1 doba \u010dten\u00ed":"1 minuta"},"schema":{"@context":"https:\/\/schema.org","@graph":[{"@type":"WebPage","@id":"https:\/\/www.nau.gov.cz\/organizacni-struktura\/prezkumna-komise-2\/","url":"https:\/\/www.nau.gov.cz\/organizacni-struktura\/prezkumna-komise-2\/","name":"P\u0159ezkumn\u00e1 komise - N\u00e1rodn\u00ed akredita\u010dn\u00ed \u00fa\u0159ad","isPartOf":{"@id":"https:\/\/www.nau.gov.cz\/#website"},"datePublished":"2025-11-08T13:06:49+00:00","dateModified":"2026-03-18T13:55:02+00:00","breadcrumb":{"@id":"https:\/\/www.nau.gov.cz\/organizacni-struktura\/prezkumna-komise-2\/#breadcrumb"},"inLanguage":"cs","potentialAction":[{"@type":"ReadAction","target":["https:\/\/www.nau.gov.cz\/organizacni-struktura\/prezkumna-komise-2\/"]}]},{"@type":"BreadcrumbList","@id":"https:\/\/www.nau.gov.cz\/organizacni-struktura\/prezkumna-komise-2\/#breadcrumb","itemListElement":[{"@type":"ListItem","position":1,"name":"Dom\u016f","item":"https:\/\/www.nau.gov.cz\/"},{"@type":"ListItem","position":2,"name":"Organiza\u010dn\u00ed struktura","item":"https:\/\/www.nau.gov.cz\/organizacni-struktura\/"},{"@type":"ListItem","position":3,"name":"P\u0159ezkumn\u00e1 komise"}]},{"@type":"WebSite","@id":"https:\/\/www.nau.gov.cz\/#website","url":"https:\/\/www.nau.gov.cz\/","name":"N\u00e1rodn\u00ed akredita\u010dn\u00ed \u00fa\u0159ad","description":"N\u00e1rodn\u00ed akredita\u010dn\u00ed \u00fa\u0159ad pro vysok\u00e9 \u0161kolstv\u00ed","potentialAction":[{"@type":"SearchAction","target":{"@type":"EntryPoint","urlTemplate":"https:\/\/www.nau.gov.cz\/?s={search_term_string}"},"query-input":{"@type":"PropertyValueSpecification","valueRequired":true,"valueName":"search_term_string"}}],"inLanguage":"cs"}]}},"_links":{"self":[{"href":"https:\/\/www.nau.gov.cz\/wp-json\/wp\/v2\/pages\/100323","targetHints":{"allow":["GET"]}}],"collection":[{"href":"https:\/\/www.nau.gov.cz\/wp-json\/wp\/v2\/pages"}],"about":[{"href":"https:\/\/www.nau.gov.cz\/wp-json\/wp\/v2\/types\/page"}],"author":[{"embeddable":true,"href":"https:\/\/www.nau.gov.cz\/wp-json\/wp\/v2\/users\/1"}],"replies":[{"embeddable":true,"href":"https:\/\/www.nau.gov.cz\/wp-json\/wp\/v2\/comments?post=100323"}],"version-history":[{"count":23,"href":"https:\/\/www.nau.gov.cz\/wp-json\/wp\/v2\/pages\/100323\/revisions"}],"predecessor-version":[{"id":101930,"href":"https:\/\/www.nau.gov.cz\/wp-json\/wp\/v2\/pages\/100323\/revisions\/101930"}],"up":[{"embeddable":true,"href":"https:\/\/www.nau.gov.cz\/wp-json\/wp\/v2\/pages\/100729"}],"wp:attachment":[{"href":"https:\/\/www.nau.gov.cz\/wp-json\/wp\/v2\/media?parent=100323"}],"curies":[{"name":"wp","href":"https:\/\/api.w.org\/{rel}","templated":true}]}}