{"id":100441,"date":"2025-11-08T20:52:22","date_gmt":"2025-11-08T19:52:22","guid":{"rendered":"https:\/\/www.nau.gov.cz\/?page_id=100441"},"modified":"2026-04-01T15:52:41","modified_gmt":"2026-04-01T13:52:41","slug":"rada-nau","status":"publish","type":"page","link":"https:\/\/www.nau.gov.cz\/organizacni-struktura\/rada-nau\/","title":{"rendered":"Rada NA\u00da"},"content":{"rendered":"<section class=\"bde-section-100441-100 bde-section\">\n  \n  \n\t\n\n\n\n<div class=\"section-container\"><div class=\"bde-div-100441-105 bde-div\">\n  \n  \n\t\n\n\n\n<h1 class=\"bde-heading-100441-102 bde-heading\">\nP\u0159edseda\n<\/h1><div class=\"bde-post-loop-100441-103 bde-post-loop\">\n<div class=\"bde-loop bde-loop-grid ee-posts ee-posts-grid\">    <article class=\"bde-loop-item ee-post\">\n    <div class=\"bde-div-100695-101-100634-100695-1 bde-div bde-div-100695-101\">\n  \n  \n\t\n\n\n\n<img decoding=\"async\" class=\"bde-image2-100695-100-100634-100695-1 bde-image2 bde-image2-100695-100\" src=\"https:\/\/www.nau.gov.cz\/wp-content\/uploads\/2025\/11\/Miller-Jaroslav-200x300.jpg\" loading=\"lazy\" srcset=\"https:\/\/www.nau.gov.cz\/wp-content\/uploads\/2025\/11\/Miller-Jaroslav-scaled.jpg 1704w, https:\/\/www.nau.gov.cz\/wp-content\/uploads\/2025\/11\/Miller-Jaroslav-200x300.jpg 200w, https:\/\/www.nau.gov.cz\/wp-content\/uploads\/2025\/11\/Miller-Jaroslav-682x1024.jpg 682w, https:\/\/www.nau.gov.cz\/wp-content\/uploads\/2025\/11\/Miller-Jaroslav-768x1154.jpg 768w, https:\/\/www.nau.gov.cz\/wp-content\/uploads\/2025\/11\/Miller-Jaroslav-1022x1536.jpg 1022w, https:\/\/www.nau.gov.cz\/wp-content\/uploads\/2025\/11\/Miller-Jaroslav-1363x2048.jpg 1363w\" sizes=\"(max-width: 1704px) 100vw, 1704px\"><div class=\"bde-text-100695-102-100634-100695-1 bde-text bde-text-100695-102\">\nprof. Mgr. Jaroslav Miller, M.A., Ph.D.\n<\/div>\n<\/div>    <\/article>\n    <\/div>\n\n<\/div>\n<\/div><div class=\"bde-div-100441-109 bde-div\">\n  \n  \n\t\n\n\n\n<h1 class=\"bde-heading-100441-110 bde-heading\">\nM\u00edstop\u0159edseda\n<\/h1><div class=\"bde-post-loop-100441-111 bde-post-loop\">\n<div class=\"bde-loop bde-loop-grid ee-posts ee-posts-grid\">    <article class=\"bde-loop-item ee-post\">\n    <div class=\"bde-div-100695-101-100635-100695-1 bde-div bde-div-100695-101\">\n  \n  \n\t\n\n\n\n<img decoding=\"async\" class=\"bde-image2-100695-100-100635-100695-1 bde-image2 bde-image2-100695-100\" src=\"https:\/\/www.nau.gov.cz\/wp-content\/uploads\/2025\/11\/smrcka_jiri-200x300.jpg\" loading=\"lazy\" srcset=\"https:\/\/www.nau.gov.cz\/wp-content\/uploads\/2025\/11\/smrcka_jiri-scaled.jpg 1704w, https:\/\/www.nau.gov.cz\/wp-content\/uploads\/2025\/11\/smrcka_jiri-200x300.jpg 200w, https:\/\/www.nau.gov.cz\/wp-content\/uploads\/2025\/11\/smrcka_jiri-682x1024.jpg 682w, https:\/\/www.nau.gov.cz\/wp-content\/uploads\/2025\/11\/smrcka_jiri-768x1154.jpg 768w, https:\/\/www.nau.gov.cz\/wp-content\/uploads\/2025\/11\/smrcka_jiri-1022x1536.jpg 1022w, https:\/\/www.nau.gov.cz\/wp-content\/uploads\/2025\/11\/smrcka_jiri-1363x2048.jpg 1363w\" sizes=\"(max-width: 1704px) 100vw, 1704px\"><div class=\"bde-text-100695-102-100635-100695-1 bde-text bde-text-100695-102\">\nPhDr. Ji\u0159\u00ed Smr\u010dka, Ph.D.\n<\/div>\n<\/div>    <\/article>\n        <article class=\"bde-loop-item ee-post\">\n    <div class=\"bde-div-100695-101-100637-100695-1 bde-div bde-div-100695-101\">\n  \n  \n\t\n\n\n\n<img decoding=\"async\" class=\"bde-image2-100695-100-100637-100695-1 bde-image2 bde-image2-100695-100\" src=\"https:\/\/www.nau.gov.cz\/wp-content\/uploads\/2025\/11\/spicar-200x300.jpg\" loading=\"lazy\" srcset=\"https:\/\/www.nau.gov.cz\/wp-content\/uploads\/2025\/11\/spicar-scaled.jpg 1704w, https:\/\/www.nau.gov.cz\/wp-content\/uploads\/2025\/11\/spicar-200x300.jpg 200w, https:\/\/www.nau.gov.cz\/wp-content\/uploads\/2025\/11\/spicar-682x1024.jpg 682w, https:\/\/www.nau.gov.cz\/wp-content\/uploads\/2025\/11\/spicar-768x1154.jpg 768w, https:\/\/www.nau.gov.cz\/wp-content\/uploads\/2025\/11\/spicar-1022x1536.jpg 1022w, https:\/\/www.nau.gov.cz\/wp-content\/uploads\/2025\/11\/spicar-1363x2048.jpg 1363w\" sizes=\"(max-width: 1704px) 100vw, 1704px\"><div class=\"bde-text-100695-102-100637-100695-1 bde-text bde-text-100695-102\">\nRadek \u0160picar, M.Phil.\n<\/div>\n<\/div>    <\/article>\n    <\/div>\n\n<\/div>\n<\/div><div class=\"bde-div-100441-106 bde-div\">\n  \n  \n\t\n\n\n\n<h1 class=\"bde-heading-100441-107 bde-heading\">\n\u010clenov\u00e9\n<\/h1><div class=\"bde-post-loop-100441-108 bde-post-loop\">\n<div class=\"bde-loop bde-loop-grid ee-posts ee-posts-grid\">    <article class=\"bde-loop-item ee-post\">\n    <div class=\"bde-div-100695-101-100638-100695-1 bde-div bde-div-100695-101\">\n  \n  \n\t\n\n\n\n<img decoding=\"async\" class=\"bde-image2-100695-100-100638-100695-1 bde-image2 bde-image2-100695-100\" src=\"https:\/\/www.nau.gov.cz\/wp-content\/uploads\/2025\/11\/Baierl-Petr-200x300.jpg\" loading=\"lazy\" srcset=\"https:\/\/www.nau.gov.cz\/wp-content\/uploads\/2025\/11\/Baierl-Petr-scaled.jpg 1704w, https:\/\/www.nau.gov.cz\/wp-content\/uploads\/2025\/11\/Baierl-Petr-200x300.jpg 200w, https:\/\/www.nau.gov.cz\/wp-content\/uploads\/2025\/11\/Baierl-Petr-682x1024.jpg 682w, https:\/\/www.nau.gov.cz\/wp-content\/uploads\/2025\/11\/Baierl-Petr-768x1154.jpg 768w, https:\/\/www.nau.gov.cz\/wp-content\/uploads\/2025\/11\/Baierl-Petr-1022x1536.jpg 1022w, https:\/\/www.nau.gov.cz\/wp-content\/uploads\/2025\/11\/Baierl-Petr-1363x2048.jpg 1363w\" sizes=\"(max-width: 1704px) 100vw, 1704px\"><div class=\"bde-text-100695-102-100638-100695-1 bde-text bde-text-100695-102\">\nMgr. Petr Baierl\n<\/div>\n<\/div>    <\/article>\n        <article class=\"bde-loop-item ee-post\">\n    <div class=\"bde-div-100695-101-100639-100695-1 bde-div bde-div-100695-101\">\n  \n  \n\t\n\n\n\n<img decoding=\"async\" class=\"bde-image2-100695-100-100639-100695-1 bde-image2 bde-image2-100695-100\" src=\"https:\/\/www.nau.gov.cz\/wp-content\/uploads\/2025\/11\/Fliegl-Tomas-200x300.jpg\" loading=\"lazy\" srcset=\"https:\/\/www.nau.gov.cz\/wp-content\/uploads\/2025\/11\/Fliegl-Tomas-scaled.jpg 1704w, https:\/\/www.nau.gov.cz\/wp-content\/uploads\/2025\/11\/Fliegl-Tomas-200x300.jpg 200w, https:\/\/www.nau.gov.cz\/wp-content\/uploads\/2025\/11\/Fliegl-Tomas-682x1024.jpg 682w, https:\/\/www.nau.gov.cz\/wp-content\/uploads\/2025\/11\/Fliegl-Tomas-768x1154.jpg 768w, https:\/\/www.nau.gov.cz\/wp-content\/uploads\/2025\/11\/Fliegl-Tomas-1022x1536.jpg 1022w, https:\/\/www.nau.gov.cz\/wp-content\/uploads\/2025\/11\/Fliegl-Tomas-1363x2048.jpg 1363w\" sizes=\"(max-width: 1704px) 100vw, 1704px\"><div class=\"bde-text-100695-102-100639-100695-1 bde-text bde-text-100695-102\">\nPhDr. Tom\u00e1\u0161 Fliegl\n<\/div>\n<\/div>    <\/article>\n        <article class=\"bde-loop-item ee-post\">\n    <div class=\"bde-div-100695-101-100640-100695-1 bde-div bde-div-100695-101\">\n  \n  \n\t\n\n\n\n<img decoding=\"async\" class=\"bde-image2-100695-100-100640-100695-1 bde-image2 bde-image2-100695-100\" src=\"data:image\/svg+xml;charset=UTF-8,%3csvg xmlns=&#039;http:\/\/www.w3.org\/2000\/svg&#039; width=&#039;540&#039; height=&#039;540&#039; viewBox=&#039;0 0 140 140&#039;%3e%3cpath d=&#039;M0 0h140v140H0z&#039; fill=&#039;%23e5e7eb&#039;\/%3e%3cpath d=&#039;M88 82.46H51.8v-4.52l6.74-6.74a1.13 1.13 0 011.6 0l5.23 5.23 12.76-12.77a1.13 1.13 0 011.6 0L88 71.91z&#039; fill=&#039;%23e5e7eb&#039;\/%3e%3cpath d=&#039;M89.48 52.32H50.29a4.52 4.52 0 00-4.52 4.52V84a4.53 4.53 0 004.52 4.52h39.19A4.52 4.52 0 0094 84V56.84a4.52 4.52 0 00-4.52-4.52zm-33.16 5.27a5.28 5.28 0 11-5.27 5.28 5.27 5.27 0 015.27-5.28zM88 82.46H51.8v-4.52l6.74-6.74a1.13 1.13 0 011.6 0l5.23 5.23 12.76-12.77a1.13 1.13 0 011.6 0L88 71.91z&#039; fill=&#039;%23d1d5db&#039;\/%3e%3c\/svg%3e\" loading=\"lazy\"><div class=\"bde-text-100695-102-100640-100695-1 bde-text bde-text-100695-102\">\ndoc. PhDr. Alice Gojov\u00e1, Ph.D.\n<\/div>\n<\/div>    <\/article>\n        <article class=\"bde-loop-item ee-post\">\n    <div class=\"bde-div-100695-101-100641-100695-1 bde-div bde-div-100695-101\">\n  \n  \n\t\n\n\n\n<img decoding=\"async\" class=\"bde-image2-100695-100-100641-100695-1 bde-image2 bde-image2-100695-100\" src=\"https:\/\/www.nau.gov.cz\/wp-content\/uploads\/2025\/11\/Hancil-Jan-200x300.jpg\" loading=\"lazy\" srcset=\"https:\/\/www.nau.gov.cz\/wp-content\/uploads\/2025\/11\/Hancil-Jan-scaled.jpg 1704w, https:\/\/www.nau.gov.cz\/wp-content\/uploads\/2025\/11\/Hancil-Jan-200x300.jpg 200w, https:\/\/www.nau.gov.cz\/wp-content\/uploads\/2025\/11\/Hancil-Jan-682x1024.jpg 682w, https:\/\/www.nau.gov.cz\/wp-content\/uploads\/2025\/11\/Hancil-Jan-768x1154.jpg 768w, https:\/\/www.nau.gov.cz\/wp-content\/uploads\/2025\/11\/Hancil-Jan-1022x1536.jpg 1022w, https:\/\/www.nau.gov.cz\/wp-content\/uploads\/2025\/11\/Hancil-Jan-1363x2048.jpg 1363w\" sizes=\"(max-width: 1704px) 100vw, 1704px\"><div class=\"bde-text-100695-102-100641-100695-1 bde-text bde-text-100695-102\">\nprof. MgA. Mgr. Jan Han\u010dil\n<\/div>\n<\/div>    <\/article>\n        <article class=\"bde-loop-item ee-post\">\n    <div class=\"bde-div-100695-101-100642-100695-1 bde-div bde-div-100695-101\">\n  \n  \n\t\n\n\n\n<img decoding=\"async\" class=\"bde-image2-100695-100-100642-100695-1 bde-image2 bde-image2-100695-100\" src=\"https:\/\/www.nau.gov.cz\/wp-content\/uploads\/2025\/11\/kubicek-200x300.jpg\" loading=\"lazy\" srcset=\"https:\/\/www.nau.gov.cz\/wp-content\/uploads\/2025\/11\/kubicek-scaled.jpg 1704w, https:\/\/www.nau.gov.cz\/wp-content\/uploads\/2025\/11\/kubicek-200x300.jpg 200w, https:\/\/www.nau.gov.cz\/wp-content\/uploads\/2025\/11\/kubicek-682x1024.jpg 682w, https:\/\/www.nau.gov.cz\/wp-content\/uploads\/2025\/11\/kubicek-768x1154.jpg 768w, https:\/\/www.nau.gov.cz\/wp-content\/uploads\/2025\/11\/kubicek-1022x1536.jpg 1022w, https:\/\/www.nau.gov.cz\/wp-content\/uploads\/2025\/11\/kubicek-1363x2048.jpg 1363w\" sizes=\"(max-width: 1704px) 100vw, 1704px\"><div class=\"bde-text-100695-102-100642-100695-1 bde-text bde-text-100695-102\">\nprof. RNDr. Petr Kub\u00ed\u010dek, CSc.\n<\/div>\n<\/div>    <\/article>\n        <article class=\"bde-loop-item ee-post\">\n    <div class=\"bde-div-100695-101-100643-100695-1 bde-div bde-div-100695-101\">\n  \n  \n\t\n\n\n\n<img decoding=\"async\" class=\"bde-image2-100695-100-100643-100695-1 bde-image2 bde-image2-100695-100\" src=\"https:\/\/www.nau.gov.cz\/wp-content\/uploads\/2025\/11\/markova-200x300.jpg\" loading=\"lazy\" srcset=\"https:\/\/www.nau.gov.cz\/wp-content\/uploads\/2025\/11\/markova-scaled.jpg 1704w, https:\/\/www.nau.gov.cz\/wp-content\/uploads\/2025\/11\/markova-200x300.jpg 200w, https:\/\/www.nau.gov.cz\/wp-content\/uploads\/2025\/11\/markova-682x1024.jpg 682w, https:\/\/www.nau.gov.cz\/wp-content\/uploads\/2025\/11\/markova-768x1154.jpg 768w, https:\/\/www.nau.gov.cz\/wp-content\/uploads\/2025\/11\/markova-1022x1536.jpg 1022w, https:\/\/www.nau.gov.cz\/wp-content\/uploads\/2025\/11\/markova-1363x2048.jpg 1363w\" sizes=\"(max-width: 1704px) 100vw, 1704px\"><div class=\"bde-text-100695-102-100643-100695-1 bde-text bde-text-100695-102\">\nMgr. et Mgr. Tereza Markov\u00e1\n<\/div>\n<\/div>    <\/article>\n        <article class=\"bde-loop-item ee-post\">\n    <div class=\"bde-div-100695-101-100644-100695-1 bde-div bde-div-100695-101\">\n  \n  \n\t\n\n\n\n<img decoding=\"async\" class=\"bde-image2-100695-100-100644-100695-1 bde-image2 bde-image2-100695-100\" src=\"https:\/\/www.nau.gov.cz\/wp-content\/uploads\/2025\/11\/mohelska-200x300.jpg\" loading=\"lazy\" srcset=\"https:\/\/www.nau.gov.cz\/wp-content\/uploads\/2025\/11\/mohelska-scaled.jpg 1704w, https:\/\/www.nau.gov.cz\/wp-content\/uploads\/2025\/11\/mohelska-200x300.jpg 200w, https:\/\/www.nau.gov.cz\/wp-content\/uploads\/2025\/11\/mohelska-682x1024.jpg 682w, https:\/\/www.nau.gov.cz\/wp-content\/uploads\/2025\/11\/mohelska-768x1154.jpg 768w, https:\/\/www.nau.gov.cz\/wp-content\/uploads\/2025\/11\/mohelska-1022x1536.jpg 1022w, https:\/\/www.nau.gov.cz\/wp-content\/uploads\/2025\/11\/mohelska-1363x2048.jpg 1363w\" sizes=\"(max-width: 1704px) 100vw, 1704px\"><div class=\"bde-text-100695-102-100644-100695-1 bde-text bde-text-100695-102\">\nprof. Ing. Hana Mohelsk\u00e1, Ph.D.\n<\/div>\n<\/div>    <\/article>\n        <article class=\"bde-loop-item ee-post\">\n    <div class=\"bde-div-100695-101-100645-100695-1 bde-div bde-div-100695-101\">\n  \n  \n\t\n\n\n\n<img decoding=\"async\" class=\"bde-image2-100695-100-100645-100695-1 bde-image2 bde-image2-100695-100\" src=\"https:\/\/www.nau.gov.cz\/wp-content\/uploads\/2025\/11\/noskievkic-200x300.jpg\" loading=\"lazy\" srcset=\"https:\/\/www.nau.gov.cz\/wp-content\/uploads\/2025\/11\/noskievkic-scaled.jpg 1704w, https:\/\/www.nau.gov.cz\/wp-content\/uploads\/2025\/11\/noskievkic-200x300.jpg 200w, https:\/\/www.nau.gov.cz\/wp-content\/uploads\/2025\/11\/noskievkic-682x1024.jpg 682w, https:\/\/www.nau.gov.cz\/wp-content\/uploads\/2025\/11\/noskievkic-768x1154.jpg 768w, https:\/\/www.nau.gov.cz\/wp-content\/uploads\/2025\/11\/noskievkic-1022x1536.jpg 1022w, https:\/\/www.nau.gov.cz\/wp-content\/uploads\/2025\/11\/noskievkic-1363x2048.jpg 1363w\" sizes=\"(max-width: 1704px) 100vw, 1704px\"><div class=\"bde-text-100695-102-100645-100695-1 bde-text bde-text-100695-102\">\nprof. Ing. Petr Noskievi\u010d, CSc.\n<\/div>\n<\/div>    <\/article>\n        <article class=\"bde-loop-item ee-post\">\n    <div class=\"bde-div-100695-101-100646-100695-1 bde-div bde-div-100695-101\">\n  \n  \n\t\n\n\n\n<img decoding=\"async\" class=\"bde-image2-100695-100-100646-100695-1 bde-image2 bde-image2-100695-100\" src=\"data:image\/svg+xml;charset=UTF-8,%3csvg xmlns=&#039;http:\/\/www.w3.org\/2000\/svg&#039; width=&#039;540&#039; height=&#039;540&#039; viewBox=&#039;0 0 140 140&#039;%3e%3cpath d=&#039;M0 0h140v140H0z&#039; fill=&#039;%23e5e7eb&#039;\/%3e%3cpath d=&#039;M88 82.46H51.8v-4.52l6.74-6.74a1.13 1.13 0 011.6 0l5.23 5.23 12.76-12.77a1.13 1.13 0 011.6 0L88 71.91z&#039; fill=&#039;%23e5e7eb&#039;\/%3e%3cpath d=&#039;M89.48 52.32H50.29a4.52 4.52 0 00-4.52 4.52V84a4.53 4.53 0 004.52 4.52h39.19A4.52 4.52 0 0094 84V56.84a4.52 4.52 0 00-4.52-4.52zm-33.16 5.27a5.28 5.28 0 11-5.27 5.28 5.27 5.27 0 015.27-5.28zM88 82.46H51.8v-4.52l6.74-6.74a1.13 1.13 0 011.6 0l5.23 5.23 12.76-12.77a1.13 1.13 0 011.6 0L88 71.91z&#039; fill=&#039;%23d1d5db&#039;\/%3e%3c\/svg%3e\" loading=\"lazy\"><div class=\"bde-text-100695-102-100646-100695-1 bde-text bde-text-100695-102\">\nprof. MUDr. Martin Proch\u00e1zka, Ph.D.\n<\/div>\n<\/div>    <\/article>\n        <article class=\"bde-loop-item ee-post\">\n    <div class=\"bde-div-100695-101-100647-100695-1 bde-div bde-div-100695-101\">\n  \n  \n\t\n\n\n\n<img decoding=\"async\" class=\"bde-image2-100695-100-100647-100695-1 bde-image2 bde-image2-100695-100\" src=\"data:image\/svg+xml;charset=UTF-8,%3csvg xmlns=&#039;http:\/\/www.w3.org\/2000\/svg&#039; width=&#039;540&#039; height=&#039;540&#039; viewBox=&#039;0 0 140 140&#039;%3e%3cpath d=&#039;M0 0h140v140H0z&#039; fill=&#039;%23e5e7eb&#039;\/%3e%3cpath d=&#039;M88 82.46H51.8v-4.52l6.74-6.74a1.13 1.13 0 011.6 0l5.23 5.23 12.76-12.77a1.13 1.13 0 011.6 0L88 71.91z&#039; fill=&#039;%23e5e7eb&#039;\/%3e%3cpath d=&#039;M89.48 52.32H50.29a4.52 4.52 0 00-4.52 4.52V84a4.53 4.53 0 004.52 4.52h39.19A4.52 4.52 0 0094 84V56.84a4.52 4.52 0 00-4.52-4.52zm-33.16 5.27a5.28 5.28 0 11-5.27 5.28 5.27 5.27 0 015.27-5.28zM88 82.46H51.8v-4.52l6.74-6.74a1.13 1.13 0 011.6 0l5.23 5.23 12.76-12.77a1.13 1.13 0 011.6 0L88 71.91z&#039; fill=&#039;%23d1d5db&#039;\/%3e%3c\/svg%3e\" loading=\"lazy\"><div class=\"bde-text-100695-102-100647-100695-1 bde-text bde-text-100695-102\">\nprof. JUDr. Josef Sala\u010d, Ph.D.\n<\/div>\n<\/div>    <\/article>\n        <article class=\"bde-loop-item ee-post\">\n    <div class=\"bde-div-100695-101-100648-100695-1 bde-div bde-div-100695-101\">\n  \n  \n\t\n\n\n\n<img decoding=\"async\" class=\"bde-image2-100695-100-100648-100695-1 bde-image2 bde-image2-100695-100\" src=\"https:\/\/www.nau.gov.cz\/wp-content\/uploads\/2025\/11\/Vonakova-Hana-200x300.jpg\" loading=\"lazy\" srcset=\"https:\/\/www.nau.gov.cz\/wp-content\/uploads\/2025\/11\/Vonakova-Hana-scaled.jpg 1704w, https:\/\/www.nau.gov.cz\/wp-content\/uploads\/2025\/11\/Vonakova-Hana-200x300.jpg 200w, https:\/\/www.nau.gov.cz\/wp-content\/uploads\/2025\/11\/Vonakova-Hana-682x1024.jpg 682w, https:\/\/www.nau.gov.cz\/wp-content\/uploads\/2025\/11\/Vonakova-Hana-768x1154.jpg 768w, https:\/\/www.nau.gov.cz\/wp-content\/uploads\/2025\/11\/Vonakova-Hana-1022x1536.jpg 1022w, https:\/\/www.nau.gov.cz\/wp-content\/uploads\/2025\/11\/Vonakova-Hana-1363x2048.jpg 1363w\" sizes=\"(max-width: 1704px) 100vw, 1704px\"><div class=\"bde-text-100695-102-100648-100695-1 bde-text bde-text-100695-102\">\nprof. RNDr. PhDr. Hana Vo\u0148kov\u00e1, Ph.D. et Ph.D.\n<\/div>\n<\/div>    <\/article>\n        <article class=\"bde-loop-item ee-post\">\n    <div class=\"bde-div-100695-101-100649-100695-1 bde-div bde-div-100695-101\">\n  \n  \n\t\n\n\n\n<img decoding=\"async\" class=\"bde-image2-100695-100-100649-100695-1 bde-image2 bde-image2-100695-100\" src=\"https:\/\/www.nau.gov.cz\/wp-content\/uploads\/2025\/11\/zalud-zdenek-200x300.jpg\" loading=\"lazy\" srcset=\"https:\/\/www.nau.gov.cz\/wp-content\/uploads\/2025\/11\/zalud-zdenek-scaled.jpg 1704w, https:\/\/www.nau.gov.cz\/wp-content\/uploads\/2025\/11\/zalud-zdenek-200x300.jpg 200w, https:\/\/www.nau.gov.cz\/wp-content\/uploads\/2025\/11\/zalud-zdenek-682x1024.jpg 682w, https:\/\/www.nau.gov.cz\/wp-content\/uploads\/2025\/11\/zalud-zdenek-768x1154.jpg 768w, https:\/\/www.nau.gov.cz\/wp-content\/uploads\/2025\/11\/zalud-zdenek-1022x1536.jpg 1022w, https:\/\/www.nau.gov.cz\/wp-content\/uploads\/2025\/11\/zalud-zdenek-1363x2048.jpg 1363w\" sizes=\"(max-width: 1704px) 100vw, 1704px\"><div class=\"bde-text-100695-102-100649-100695-1 bde-text bde-text-100695-102\">\nprof. Ing. Zden\u011bk \u017dalud, Ph.D.\n<\/div>\n<\/div>    <\/article>\n    <\/div>\n\n<\/div>\n<\/div><\/div>\n<\/section>","protected":false},"excerpt":{"rendered":"<p>P\u0159edseda prof. Mgr. Jaroslav Miller, M.A., Ph.D. M\u00edstop\u0159edseda PhDr. Ji\u0159\u00ed Smr\u010dka, Ph.D. Radek \u0160picar, M.Phil. \u010clenov\u00e9 Mgr. Petr Baierl PhDr. Tom\u00e1\u0161 Fliegl doc. PhDr. Alice Gojov\u00e1, Ph.D. prof. MgA. Mgr. Jan Han\u010dil prof. RNDr. Petr Kub\u00ed\u010dek, CSc. Mgr. et Mgr. Tereza Markov\u00e1 prof. Ing. Hana Mohelsk\u00e1, Ph.D. prof. Ing. Petr Noskievi\u010d, CSc. prof. MUDr. Martin [&hellip;]<\/p>\n","protected":false},"author":1,"featured_media":0,"parent":100729,"menu_order":1,"comment_status":"closed","ping_status":"closed","template":"","meta":{"_acf_changed":false,"_breakdance_hide_in_design_set":false,"_breakdance_tags":"","footnotes":""},"class_list":["post-100441","page","type-page","status-publish","hentry"],"acf":[],"yoast_head":"<!-- This site is optimized with the Yoast SEO plugin v26.3 - https:\/\/yoast.com\/wordpress\/plugins\/seo\/ -->\n<title>Rada NA\u00da - N\u00e1rodn\u00ed akredita\u010dn\u00ed \u00fa\u0159ad<\/title>\n<meta name=\"robots\" content=\"index, follow, max-snippet:-1, max-image-preview:large, max-video-preview:-1\" \/>\n<link rel=\"canonical\" href=\"https:\/\/www.nau.gov.cz\/organizacni-struktura\/rada-nau\/\" \/>\n<meta property=\"og:locale\" content=\"cs_CZ\" \/>\n<meta property=\"og:type\" content=\"article\" \/>\n<meta property=\"og:title\" content=\"Rada NA\u00da - N\u00e1rodn\u00ed akredita\u010dn\u00ed \u00fa\u0159ad\" \/>\n<meta property=\"og:description\" content=\"P\u0159edseda prof. Mgr. Jaroslav Miller, M.A., Ph.D. M\u00edstop\u0159edseda PhDr. Ji\u0159\u00ed Smr\u010dka, Ph.D. Radek \u0160picar, M.Phil. \u010clenov\u00e9 Mgr. Petr Baierl PhDr. Tom\u00e1\u0161 Fliegl doc. PhDr. Alice Gojov\u00e1, Ph.D. prof. MgA. Mgr. Jan Han\u010dil prof. RNDr. Petr Kub\u00ed\u010dek, CSc. Mgr. et Mgr. Tereza Markov\u00e1 prof. Ing. Hana Mohelsk\u00e1, Ph.D. prof. Ing. Petr Noskievi\u010d, CSc. prof. MUDr. Martin [&hellip;]\" \/>\n<meta property=\"og:url\" content=\"https:\/\/www.nau.gov.cz\/organizacni-struktura\/rada-nau\/\" \/>\n<meta property=\"og:site_name\" content=\"N\u00e1rodn\u00ed akredita\u010dn\u00ed \u00fa\u0159ad\" \/>\n<meta property=\"article:modified_time\" content=\"2026-04-01T13:52:41+00:00\" \/>\n<meta name=\"twitter:card\" content=\"summary_large_image\" \/>\n<meta name=\"twitter:label1\" content=\"Odhadovan\u00e1 doba \u010dten\u00ed\" \/>\n\t<meta name=\"twitter:data1\" content=\"4 minuty\" \/>\n<script type=\"application\/ld+json\" class=\"yoast-schema-graph\">{\"@context\":\"https:\/\/schema.org\",\"@graph\":[{\"@type\":\"WebPage\",\"@id\":\"https:\/\/www.nau.gov.cz\/organizacni-struktura\/rada-nau\/\",\"url\":\"https:\/\/www.nau.gov.cz\/organizacni-struktura\/rada-nau\/\",\"name\":\"Rada NA\u00da - N\u00e1rodn\u00ed akredita\u010dn\u00ed \u00fa\u0159ad\",\"isPartOf\":{\"@id\":\"https:\/\/www.nau.gov.cz\/#website\"},\"datePublished\":\"2025-11-08T19:52:22+00:00\",\"dateModified\":\"2026-04-01T13:52:41+00:00\",\"breadcrumb\":{\"@id\":\"https:\/\/www.nau.gov.cz\/organizacni-struktura\/rada-nau\/#breadcrumb\"},\"inLanguage\":\"cs\",\"potentialAction\":[{\"@type\":\"ReadAction\",\"target\":[\"https:\/\/www.nau.gov.cz\/organizacni-struktura\/rada-nau\/\"]}]},{\"@type\":\"BreadcrumbList\",\"@id\":\"https:\/\/www.nau.gov.cz\/organizacni-struktura\/rada-nau\/#breadcrumb\",\"itemListElement\":[{\"@type\":\"ListItem\",\"position\":1,\"name\":\"Dom\u016f\",\"item\":\"https:\/\/www.nau.gov.cz\/\"},{\"@type\":\"ListItem\",\"position\":2,\"name\":\"Organiza\u010dn\u00ed struktura\",\"item\":\"https:\/\/www.nau.gov.cz\/organizacni-struktura\/\"},{\"@type\":\"ListItem\",\"position\":3,\"name\":\"Rada NA\u00da\"}]},{\"@type\":\"WebSite\",\"@id\":\"https:\/\/www.nau.gov.cz\/#website\",\"url\":\"https:\/\/www.nau.gov.cz\/\",\"name\":\"N\u00e1rodn\u00ed akredita\u010dn\u00ed \u00fa\u0159ad\",\"description\":\"N\u00e1rodn\u00ed akredita\u010dn\u00ed \u00fa\u0159ad pro vysok\u00e9 \u0161kolstv\u00ed\",\"potentialAction\":[{\"@type\":\"SearchAction\",\"target\":{\"@type\":\"EntryPoint\",\"urlTemplate\":\"https:\/\/www.nau.gov.cz\/?s={search_term_string}\"},\"query-input\":{\"@type\":\"PropertyValueSpecification\",\"valueRequired\":true,\"valueName\":\"search_term_string\"}}],\"inLanguage\":\"cs\"}]}<\/script>\n<!-- \/ Yoast SEO plugin. -->","yoast_head_json":{"title":"Rada NA\u00da - N\u00e1rodn\u00ed akredita\u010dn\u00ed \u00fa\u0159ad","robots":{"index":"index","follow":"follow","max-snippet":"max-snippet:-1","max-image-preview":"max-image-preview:large","max-video-preview":"max-video-preview:-1"},"canonical":"https:\/\/www.nau.gov.cz\/organizacni-struktura\/rada-nau\/","og_locale":"cs_CZ","og_type":"article","og_title":"Rada NA\u00da - N\u00e1rodn\u00ed akredita\u010dn\u00ed \u00fa\u0159ad","og_description":"P\u0159edseda prof. Mgr. Jaroslav Miller, M.A., Ph.D. M\u00edstop\u0159edseda PhDr. Ji\u0159\u00ed Smr\u010dka, Ph.D. Radek \u0160picar, M.Phil. \u010clenov\u00e9 Mgr. Petr Baierl PhDr. Tom\u00e1\u0161 Fliegl doc. PhDr. Alice Gojov\u00e1, Ph.D. prof. MgA. Mgr. Jan Han\u010dil prof. RNDr. Petr Kub\u00ed\u010dek, CSc. Mgr. et Mgr. Tereza Markov\u00e1 prof. Ing. Hana Mohelsk\u00e1, Ph.D. prof. Ing. Petr Noskievi\u010d, CSc. prof. MUDr. Martin [&hellip;]","og_url":"https:\/\/www.nau.gov.cz\/organizacni-struktura\/rada-nau\/","og_site_name":"N\u00e1rodn\u00ed akredita\u010dn\u00ed \u00fa\u0159ad","article_modified_time":"2026-04-01T13:52:41+00:00","twitter_card":"summary_large_image","twitter_misc":{"Odhadovan\u00e1 doba \u010dten\u00ed":"4 minuty"},"schema":{"@context":"https:\/\/schema.org","@graph":[{"@type":"WebPage","@id":"https:\/\/www.nau.gov.cz\/organizacni-struktura\/rada-nau\/","url":"https:\/\/www.nau.gov.cz\/organizacni-struktura\/rada-nau\/","name":"Rada NA\u00da - N\u00e1rodn\u00ed akredita\u010dn\u00ed \u00fa\u0159ad","isPartOf":{"@id":"https:\/\/www.nau.gov.cz\/#website"},"datePublished":"2025-11-08T19:52:22+00:00","dateModified":"2026-04-01T13:52:41+00:00","breadcrumb":{"@id":"https:\/\/www.nau.gov.cz\/organizacni-struktura\/rada-nau\/#breadcrumb"},"inLanguage":"cs","potentialAction":[{"@type":"ReadAction","target":["https:\/\/www.nau.gov.cz\/organizacni-struktura\/rada-nau\/"]}]},{"@type":"BreadcrumbList","@id":"https:\/\/www.nau.gov.cz\/organizacni-struktura\/rada-nau\/#breadcrumb","itemListElement":[{"@type":"ListItem","position":1,"name":"Dom\u016f","item":"https:\/\/www.nau.gov.cz\/"},{"@type":"ListItem","position":2,"name":"Organiza\u010dn\u00ed struktura","item":"https:\/\/www.nau.gov.cz\/organizacni-struktura\/"},{"@type":"ListItem","position":3,"name":"Rada NA\u00da"}]},{"@type":"WebSite","@id":"https:\/\/www.nau.gov.cz\/#website","url":"https:\/\/www.nau.gov.cz\/","name":"N\u00e1rodn\u00ed akredita\u010dn\u00ed \u00fa\u0159ad","description":"N\u00e1rodn\u00ed akredita\u010dn\u00ed \u00fa\u0159ad pro vysok\u00e9 \u0161kolstv\u00ed","potentialAction":[{"@type":"SearchAction","target":{"@type":"EntryPoint","urlTemplate":"https:\/\/www.nau.gov.cz\/?s={search_term_string}"},"query-input":{"@type":"PropertyValueSpecification","valueRequired":true,"valueName":"search_term_string"}}],"inLanguage":"cs"}]}},"_links":{"self":[{"href":"https:\/\/www.nau.gov.cz\/wp-json\/wp\/v2\/pages\/100441","targetHints":{"allow":["GET"]}}],"collection":[{"href":"https:\/\/www.nau.gov.cz\/wp-json\/wp\/v2\/pages"}],"about":[{"href":"https:\/\/www.nau.gov.cz\/wp-json\/wp\/v2\/types\/page"}],"author":[{"embeddable":true,"href":"https:\/\/www.nau.gov.cz\/wp-json\/wp\/v2\/users\/1"}],"replies":[{"embeddable":true,"href":"https:\/\/www.nau.gov.cz\/wp-json\/wp\/v2\/comments?post=100441"}],"version-history":[{"count":27,"href":"https:\/\/www.nau.gov.cz\/wp-json\/wp\/v2\/pages\/100441\/revisions"}],"predecessor-version":[{"id":100957,"href":"https:\/\/www.nau.gov.cz\/wp-json\/wp\/v2\/pages\/100441\/revisions\/100957"}],"up":[{"embeddable":true,"href":"https:\/\/www.nau.gov.cz\/wp-json\/wp\/v2\/pages\/100729"}],"wp:attachment":[{"href":"https:\/\/www.nau.gov.cz\/wp-json\/wp\/v2\/media?parent=100441"}],"curies":[{"name":"wp","href":"https:\/\/api.w.org\/{rel}","templated":true}]}}