{"id":100443,"date":"2025-11-08T20:52:46","date_gmt":"2025-11-08T19:52:46","guid":{"rendered":"https:\/\/www.nau.gov.cz\/?page_id=100443"},"modified":"2026-02-25T10:10:07","modified_gmt":"2026-02-25T09:10:07","slug":"akreditacni-komise-vov","status":"publish","type":"page","link":"https:\/\/www.nau.gov.cz\/organizacni-struktura\/akreditacni-komise-vov\/","title":{"rendered":"Akredita\u010dn\u00ed komise VOV"},"content":{"rendered":"<section class=\"bde-section-100443-100 bde-section\">\n  \n  \n\t\n\n\n\n<div class=\"section-container\"><div class=\"bde-div-100443-101 bde-div\">\n  \n  \n\t\n\n\n\n<a class=\"bde-text-link-100443-110 bde-text-link breakdance-link\" href=\"https:\/\/www.nau.gov.cz\/wp-content\/uploads\/2026\/02\/Harmonogram-zasedani-Akreditacni-komise-pro-vyssi-odborne-vzdelavani-v-roce-2026.pdf\" target=\"_blank\" data-type=\"url\">\n  Harmonogram zased\u00e1n\u00ed Akredita\u010dn\u00ed komise pro vy\u0161\u0161\u00ed odborn\u00e9 vzd\u011bl\u00e1v\u00e1n\u00ed v roce 2026\n\n<\/a><h1 class=\"bde-heading-100443-102 bde-heading\">\nP\u0159edseda\n<\/h1><div class=\"bde-post-loop-100443-103 bde-post-loop\">\n<div class=\"bde-loop bde-loop-list ee-posts ee-posts-list\">    <article class=\"bde-loop-item ee-post\">\n    <div class=\"bde-div-100944-100-100668-100944-1 bde-div bde-div-100944-100\">\n  \n  \n\t\n\n\n\n<div class=\"bde-text-100944-101-100668-100944-1 bde-text bde-text-100944-101\">\nIng. Ladislav N\u011bmec\n<\/div>\n<\/div>    <\/article>\n    <\/div>\n\n<\/div>\n<\/div><div class=\"bde-div-100443-104 bde-div\">\n  \n  \n\t\n\n\n\n<h1 class=\"bde-heading-100443-105 bde-heading\">\nM\u00edstop\u0159edseda\n<\/h1><div class=\"bde-post-loop-100443-106 bde-post-loop\">\n<div class=\"bde-loop bde-loop-list ee-posts ee-posts-list\">    <article class=\"bde-loop-item ee-post\">\n    <div class=\"bde-div-100944-100-100669-100944-1 bde-div bde-div-100944-100\">\n  \n  \n\t\n\n\n\n<div class=\"bde-text-100944-101-100669-100944-1 bde-text bde-text-100944-101\">\nIng. Marcela Dav\u00eddkov\u00e1 Anto\u0161ov\u00e1, CSc.\n<\/div>\n<\/div>    <\/article>\n        <article class=\"bde-loop-item ee-post\">\n    <div class=\"bde-div-100944-100-100670-100944-1 bde-div bde-div-100944-100\">\n  \n  \n\t\n\n\n\n<div class=\"bde-text-100944-101-100670-100944-1 bde-text bde-text-100944-101\">\nPhDr. Marcela K\u0159iv\u00e1kov\u00e1, Ph.D.\n<\/div>\n<\/div>    <\/article>\n    <\/div>\n\n<\/div>\n<\/div><div class=\"bde-div-100443-107 bde-div\">\n  \n  \n\t\n\n\n\n<h1 class=\"bde-heading-100443-108 bde-heading\">\n\u010clenov\u00e9\n<\/h1><div class=\"bde-post-loop-100443-109 bde-post-loop\">\n<div class=\"bde-loop bde-loop-list ee-posts ee-posts-list\">    <article class=\"bde-loop-item ee-post\">\n    <div class=\"bde-div-100944-100-100671-100944-1 bde-div bde-div-100944-100\">\n  \n  \n\t\n\n\n\n<div class=\"bde-text-100944-101-100671-100944-1 bde-text bde-text-100944-101\">\nIng. Pavel Bezpalec, Ph.D.\n<\/div>\n<\/div>    <\/article>\n        <article class=\"bde-loop-item ee-post\">\n    <div class=\"bde-div-100944-100-100672-100944-1 bde-div bde-div-100944-100\">\n  \n  \n\t\n\n\n\n<div class=\"bde-text-100944-101-100672-100944-1 bde-text bde-text-100944-101\">\nIng. Petr \u010cerven\u00fd\n<\/div>\n<\/div>    <\/article>\n        <article class=\"bde-loop-item ee-post\">\n    <div class=\"bde-div-100944-100-100673-100944-1 bde-div bde-div-100944-100\">\n  \n  \n\t\n\n\n\n<div class=\"bde-text-100944-101-100673-100944-1 bde-text bde-text-100944-101\">\ndoc. Mgr. Jaroslav Fi\u0161er\n<\/div>\n<\/div>    <\/article>\n        <article class=\"bde-loop-item ee-post\">\n    <div class=\"bde-div-100944-100-100674-100944-1 bde-div bde-div-100944-100\">\n  \n  \n\t\n\n\n\n<div class=\"bde-text-100944-101-100674-100944-1 bde-text bde-text-100944-101\">\nMgr. David G\u00e1ba\n<\/div>\n<\/div>    <\/article>\n        <article class=\"bde-loop-item ee-post\">\n    <div class=\"bde-div-100944-100-100675-100944-1 bde-div bde-div-100944-100\">\n  \n  \n\t\n\n\n\n<div class=\"bde-text-100944-101-100675-100944-1 bde-text bde-text-100944-101\">\nBc. Zuzana Hankov\u00e1\n<\/div>\n<\/div>    <\/article>\n        <article class=\"bde-loop-item ee-post\">\n    <div class=\"bde-div-100944-100-100676-100944-1 bde-div bde-div-100944-100\">\n  \n  \n\t\n\n\n\n<div class=\"bde-text-100944-101-100676-100944-1 bde-text bde-text-100944-101\">\nMgr. Petr Hanu\u0161\n<\/div>\n<\/div>    <\/article>\n        <article class=\"bde-loop-item ee-post\">\n    <div class=\"bde-div-100944-100-100677-100944-1 bde-div bde-div-100944-100\">\n  \n  \n\t\n\n\n\n<div class=\"bde-text-100944-101-100677-100944-1 bde-text bde-text-100944-101\">\nMgr. Jana He\u0159manov\u00e1\n<\/div>\n<\/div>    <\/article>\n        <article class=\"bde-loop-item ee-post\">\n    <div class=\"bde-div-100944-100-100678-100944-1 bde-div bde-div-100944-100\">\n  \n  \n\t\n\n\n\n<div class=\"bde-text-100944-101-100678-100944-1 bde-text bde-text-100944-101\">\nMgr. Lucie Laur\u00fdnov\u00e1, MBA\n<\/div>\n<\/div>    <\/article>\n        <article class=\"bde-loop-item ee-post\">\n    <div class=\"bde-div-100944-100-100679-100944-1 bde-div bde-div-100944-100\">\n  \n  \n\t\n\n\n\n<div class=\"bde-text-100944-101-100679-100944-1 bde-text bde-text-100944-101\">\nIng. Anna Luxov\u00e1\n<\/div>\n<\/div>    <\/article>\n        <article class=\"bde-loop-item ee-post\">\n    <div class=\"bde-div-100944-100-100680-100944-1 bde-div bde-div-100944-100\">\n  \n  \n\t\n\n\n\n<div class=\"bde-text-100944-101-100680-100944-1 bde-text bde-text-100944-101\">\nMgr. Ing. Jana Porvichov\u00e1, Ph.D., MBA\n<\/div>\n<\/div>    <\/article>\n        <article class=\"bde-loop-item ee-post\">\n    <div class=\"bde-div-100944-100-100681-100944-1 bde-div bde-div-100944-100\">\n  \n  \n\t\n\n\n\n<div class=\"bde-text-100944-101-100681-100944-1 bde-text bde-text-100944-101\">\nMgr. Bc. Posp\u00ed\u0161il David, DiS.\n<\/div>\n<\/div>    <\/article>\n        <article class=\"bde-loop-item ee-post\">\n    <div class=\"bde-div-100944-100-100682-100944-1 bde-div bde-div-100944-100\">\n  \n  \n\t\n\n\n\n<div class=\"bde-text-100944-101-100682-100944-1 bde-text bde-text-100944-101\">\nIng. Anna Richterov\u00e1\n<\/div>\n<\/div>    <\/article>\n        <article class=\"bde-loop-item ee-post\">\n    <div class=\"bde-div-100944-100-100683-100944-1 bde-div bde-div-100944-100\">\n  \n  \n\t\n\n\n\n<div class=\"bde-text-100944-101-100683-100944-1 bde-text bde-text-100944-101\">\nIng. Lucie Svobodov\u00e1\n<\/div>\n<\/div>    <\/article>\n        <article class=\"bde-loop-item ee-post\">\n    <div class=\"bde-div-100944-100-100684-100944-1 bde-div bde-div-100944-100\">\n  \n  \n\t\n\n\n\n<div class=\"bde-text-100944-101-100684-100944-1 bde-text bde-text-100944-101\">\nMgr. Ond\u0159ej \u0160anovec\n<\/div>\n<\/div>    <\/article>\n        <article class=\"bde-loop-item ee-post\">\n    <div class=\"bde-div-100944-100-100685-100944-1 bde-div bde-div-100944-100\">\n  \n  \n\t\n\n\n\n<div class=\"bde-text-100944-101-100685-100944-1 bde-text bde-text-100944-101\">\nMgr. Be\u00e1ta \u0160v\u00e1rov\u00e1\n<\/div>\n<\/div>    <\/article>\n        <article class=\"bde-loop-item ee-post\">\n    <div class=\"bde-div-100944-100-100686-100944-1 bde-div bde-div-100944-100\">\n  \n  \n\t\n\n\n\n<div class=\"bde-text-100944-101-100686-100944-1 bde-text bde-text-100944-101\">\nMgr. Petr Uherka, Dipl. Mgmt. (Open)\n<\/div>\n<\/div>    <\/article>\n        <article class=\"bde-loop-item ee-post\">\n    <div class=\"bde-div-100944-100-100687-100944-1 bde-div bde-div-100944-100\">\n  \n  \n\t\n\n\n\n<div class=\"bde-text-100944-101-100687-100944-1 bde-text bde-text-100944-101\">\nPhDr. Helena \u00dalovcov\u00e1\n<\/div>\n<\/div>    <\/article>\n        <article class=\"bde-loop-item ee-post\">\n    <div class=\"bde-div-100944-100-100688-100944-1 bde-div bde-div-100944-100\">\n  \n  \n\t\n\n\n\n<div class=\"bde-text-100944-101-100688-100944-1 bde-text bde-text-100944-101\">\nIng. Olga Vrhelov\u00e1\n<\/div>\n<\/div>    <\/article>\n    <\/div>\n\n<\/div>\n<\/div><\/div>\n<\/section>","protected":false},"excerpt":{"rendered":"<p>Harmonogram zased\u00e1n\u00ed Akredita\u010dn\u00ed komise pro vy\u0161\u0161\u00ed odborn\u00e9 vzd\u011bl\u00e1v\u00e1n\u00ed v roce 2026 P\u0159edseda Ing. Ladislav N\u011bmec M\u00edstop\u0159edseda Ing. Marcela Dav\u00eddkov\u00e1 Anto\u0161ov\u00e1, CSc. PhDr. Marcela K\u0159iv\u00e1kov\u00e1, Ph.D. \u010clenov\u00e9 Ing. Pavel Bezpalec, Ph.D. Ing. Petr \u010cerven\u00fd doc. Mgr. Jaroslav Fi\u0161er Mgr. David G\u00e1ba Bc. Zuzana Hankov\u00e1 Mgr. Petr Hanu\u0161 Mgr. Jana He\u0159manov\u00e1 Mgr. Lucie Laur\u00fdnov\u00e1, MBA Ing. Anna [&hellip;]<\/p>\n","protected":false},"author":1,"featured_media":0,"parent":100729,"menu_order":5,"comment_status":"closed","ping_status":"closed","template":"","meta":{"_acf_changed":false,"_breakdance_hide_in_design_set":false,"_breakdance_tags":"","footnotes":""},"class_list":["post-100443","page","type-page","status-publish","hentry"],"acf":[],"yoast_head":"<!-- This site is optimized with the Yoast SEO plugin v26.3 - https:\/\/yoast.com\/wordpress\/plugins\/seo\/ -->\n<title>Akredita\u010dn\u00ed komise VOV - N\u00e1rodn\u00ed akredita\u010dn\u00ed \u00fa\u0159ad<\/title>\n<meta name=\"robots\" content=\"index, follow, max-snippet:-1, max-image-preview:large, max-video-preview:-1\" \/>\n<link rel=\"canonical\" href=\"https:\/\/www.nau.gov.cz\/organizacni-struktura\/akreditacni-komise-vov\/\" \/>\n<meta property=\"og:locale\" content=\"cs_CZ\" \/>\n<meta property=\"og:type\" content=\"article\" \/>\n<meta property=\"og:title\" content=\"Akredita\u010dn\u00ed komise VOV - N\u00e1rodn\u00ed akredita\u010dn\u00ed \u00fa\u0159ad\" \/>\n<meta property=\"og:description\" content=\"Harmonogram zased\u00e1n\u00ed Akredita\u010dn\u00ed komise pro vy\u0161\u0161\u00ed odborn\u00e9 vzd\u011bl\u00e1v\u00e1n\u00ed v roce 2026 P\u0159edseda Ing. Ladislav N\u011bmec M\u00edstop\u0159edseda Ing. Marcela Dav\u00eddkov\u00e1 Anto\u0161ov\u00e1, CSc. PhDr. Marcela K\u0159iv\u00e1kov\u00e1, Ph.D. \u010clenov\u00e9 Ing. Pavel Bezpalec, Ph.D. Ing. Petr \u010cerven\u00fd doc. Mgr. Jaroslav Fi\u0161er Mgr. David G\u00e1ba Bc. Zuzana Hankov\u00e1 Mgr. Petr Hanu\u0161 Mgr. Jana He\u0159manov\u00e1 Mgr. Lucie Laur\u00fdnov\u00e1, MBA Ing. Anna [&hellip;]\" \/>\n<meta property=\"og:url\" content=\"https:\/\/www.nau.gov.cz\/organizacni-struktura\/akreditacni-komise-vov\/\" \/>\n<meta property=\"og:site_name\" content=\"N\u00e1rodn\u00ed akredita\u010dn\u00ed \u00fa\u0159ad\" \/>\n<meta property=\"article:modified_time\" content=\"2026-02-25T09:10:07+00:00\" \/>\n<meta name=\"twitter:card\" content=\"summary_large_image\" \/>\n<meta name=\"twitter:label1\" content=\"Odhadovan\u00e1 doba \u010dten\u00ed\" \/>\n\t<meta name=\"twitter:data1\" content=\"1 minuta\" \/>\n<script type=\"application\/ld+json\" class=\"yoast-schema-graph\">{\"@context\":\"https:\/\/schema.org\",\"@graph\":[{\"@type\":\"WebPage\",\"@id\":\"https:\/\/www.nau.gov.cz\/organizacni-struktura\/akreditacni-komise-vov\/\",\"url\":\"https:\/\/www.nau.gov.cz\/organizacni-struktura\/akreditacni-komise-vov\/\",\"name\":\"Akredita\u010dn\u00ed komise VOV - N\u00e1rodn\u00ed akredita\u010dn\u00ed \u00fa\u0159ad\",\"isPartOf\":{\"@id\":\"https:\/\/www.nau.gov.cz\/#website\"},\"datePublished\":\"2025-11-08T19:52:46+00:00\",\"dateModified\":\"2026-02-25T09:10:07+00:00\",\"breadcrumb\":{\"@id\":\"https:\/\/www.nau.gov.cz\/organizacni-struktura\/akreditacni-komise-vov\/#breadcrumb\"},\"inLanguage\":\"cs\",\"potentialAction\":[{\"@type\":\"ReadAction\",\"target\":[\"https:\/\/www.nau.gov.cz\/organizacni-struktura\/akreditacni-komise-vov\/\"]}]},{\"@type\":\"BreadcrumbList\",\"@id\":\"https:\/\/www.nau.gov.cz\/organizacni-struktura\/akreditacni-komise-vov\/#breadcrumb\",\"itemListElement\":[{\"@type\":\"ListItem\",\"position\":1,\"name\":\"Dom\u016f\",\"item\":\"https:\/\/www.nau.gov.cz\/\"},{\"@type\":\"ListItem\",\"position\":2,\"name\":\"Organiza\u010dn\u00ed struktura\",\"item\":\"https:\/\/www.nau.gov.cz\/organizacni-struktura\/\"},{\"@type\":\"ListItem\",\"position\":3,\"name\":\"Akredita\u010dn\u00ed komise VOV\"}]},{\"@type\":\"WebSite\",\"@id\":\"https:\/\/www.nau.gov.cz\/#website\",\"url\":\"https:\/\/www.nau.gov.cz\/\",\"name\":\"N\u00e1rodn\u00ed akredita\u010dn\u00ed \u00fa\u0159ad\",\"description\":\"N\u00e1rodn\u00ed akredita\u010dn\u00ed \u00fa\u0159ad pro vysok\u00e9 \u0161kolstv\u00ed\",\"potentialAction\":[{\"@type\":\"SearchAction\",\"target\":{\"@type\":\"EntryPoint\",\"urlTemplate\":\"https:\/\/www.nau.gov.cz\/?s={search_term_string}\"},\"query-input\":{\"@type\":\"PropertyValueSpecification\",\"valueRequired\":true,\"valueName\":\"search_term_string\"}}],\"inLanguage\":\"cs\"}]}<\/script>\n<!-- \/ Yoast SEO plugin. -->","yoast_head_json":{"title":"Akredita\u010dn\u00ed komise VOV - N\u00e1rodn\u00ed akredita\u010dn\u00ed \u00fa\u0159ad","robots":{"index":"index","follow":"follow","max-snippet":"max-snippet:-1","max-image-preview":"max-image-preview:large","max-video-preview":"max-video-preview:-1"},"canonical":"https:\/\/www.nau.gov.cz\/organizacni-struktura\/akreditacni-komise-vov\/","og_locale":"cs_CZ","og_type":"article","og_title":"Akredita\u010dn\u00ed komise VOV - N\u00e1rodn\u00ed akredita\u010dn\u00ed \u00fa\u0159ad","og_description":"Harmonogram zased\u00e1n\u00ed Akredita\u010dn\u00ed komise pro vy\u0161\u0161\u00ed odborn\u00e9 vzd\u011bl\u00e1v\u00e1n\u00ed v roce 2026 P\u0159edseda Ing. Ladislav N\u011bmec M\u00edstop\u0159edseda Ing. Marcela Dav\u00eddkov\u00e1 Anto\u0161ov\u00e1, CSc. PhDr. Marcela K\u0159iv\u00e1kov\u00e1, Ph.D. \u010clenov\u00e9 Ing. Pavel Bezpalec, Ph.D. Ing. Petr \u010cerven\u00fd doc. Mgr. Jaroslav Fi\u0161er Mgr. David G\u00e1ba Bc. Zuzana Hankov\u00e1 Mgr. Petr Hanu\u0161 Mgr. Jana He\u0159manov\u00e1 Mgr. Lucie Laur\u00fdnov\u00e1, MBA Ing. Anna [&hellip;]","og_url":"https:\/\/www.nau.gov.cz\/organizacni-struktura\/akreditacni-komise-vov\/","og_site_name":"N\u00e1rodn\u00ed akredita\u010dn\u00ed \u00fa\u0159ad","article_modified_time":"2026-02-25T09:10:07+00:00","twitter_card":"summary_large_image","twitter_misc":{"Odhadovan\u00e1 doba \u010dten\u00ed":"1 minuta"},"schema":{"@context":"https:\/\/schema.org","@graph":[{"@type":"WebPage","@id":"https:\/\/www.nau.gov.cz\/organizacni-struktura\/akreditacni-komise-vov\/","url":"https:\/\/www.nau.gov.cz\/organizacni-struktura\/akreditacni-komise-vov\/","name":"Akredita\u010dn\u00ed komise VOV - N\u00e1rodn\u00ed akredita\u010dn\u00ed \u00fa\u0159ad","isPartOf":{"@id":"https:\/\/www.nau.gov.cz\/#website"},"datePublished":"2025-11-08T19:52:46+00:00","dateModified":"2026-02-25T09:10:07+00:00","breadcrumb":{"@id":"https:\/\/www.nau.gov.cz\/organizacni-struktura\/akreditacni-komise-vov\/#breadcrumb"},"inLanguage":"cs","potentialAction":[{"@type":"ReadAction","target":["https:\/\/www.nau.gov.cz\/organizacni-struktura\/akreditacni-komise-vov\/"]}]},{"@type":"BreadcrumbList","@id":"https:\/\/www.nau.gov.cz\/organizacni-struktura\/akreditacni-komise-vov\/#breadcrumb","itemListElement":[{"@type":"ListItem","position":1,"name":"Dom\u016f","item":"https:\/\/www.nau.gov.cz\/"},{"@type":"ListItem","position":2,"name":"Organiza\u010dn\u00ed struktura","item":"https:\/\/www.nau.gov.cz\/organizacni-struktura\/"},{"@type":"ListItem","position":3,"name":"Akredita\u010dn\u00ed komise VOV"}]},{"@type":"WebSite","@id":"https:\/\/www.nau.gov.cz\/#website","url":"https:\/\/www.nau.gov.cz\/","name":"N\u00e1rodn\u00ed akredita\u010dn\u00ed \u00fa\u0159ad","description":"N\u00e1rodn\u00ed akredita\u010dn\u00ed \u00fa\u0159ad pro vysok\u00e9 \u0161kolstv\u00ed","potentialAction":[{"@type":"SearchAction","target":{"@type":"EntryPoint","urlTemplate":"https:\/\/www.nau.gov.cz\/?s={search_term_string}"},"query-input":{"@type":"PropertyValueSpecification","valueRequired":true,"valueName":"search_term_string"}}],"inLanguage":"cs"}]}},"_links":{"self":[{"href":"https:\/\/www.nau.gov.cz\/wp-json\/wp\/v2\/pages\/100443","targetHints":{"allow":["GET"]}}],"collection":[{"href":"https:\/\/www.nau.gov.cz\/wp-json\/wp\/v2\/pages"}],"about":[{"href":"https:\/\/www.nau.gov.cz\/wp-json\/wp\/v2\/types\/page"}],"author":[{"embeddable":true,"href":"https:\/\/www.nau.gov.cz\/wp-json\/wp\/v2\/users\/1"}],"replies":[{"embeddable":true,"href":"https:\/\/www.nau.gov.cz\/wp-json\/wp\/v2\/comments?post=100443"}],"version-history":[{"count":12,"href":"https:\/\/www.nau.gov.cz\/wp-json\/wp\/v2\/pages\/100443\/revisions"}],"predecessor-version":[{"id":101914,"href":"https:\/\/www.nau.gov.cz\/wp-json\/wp\/v2\/pages\/100443\/revisions\/101914"}],"up":[{"embeddable":true,"href":"https:\/\/www.nau.gov.cz\/wp-json\/wp\/v2\/pages\/100729"}],"wp:attachment":[{"href":"https:\/\/www.nau.gov.cz\/wp-json\/wp\/v2\/media?parent=100443"}],"curies":[{"name":"wp","href":"https:\/\/api.w.org\/{rel}","templated":true}]}}