{"id":100445,"date":"2025-11-08T20:53:08","date_gmt":"2025-11-08T19:53:08","guid":{"rendered":"https:\/\/www.nau.gov.cz\/?page_id=100445"},"modified":"2025-11-27T18:03:19","modified_gmt":"2025-11-27T17:03:19","slug":"seznam-hodnotitelu","status":"publish","type":"page","link":"https:\/\/www.nau.gov.cz\/organizacni-struktura\/seznam-hodnotitelu\/","title":{"rendered":"Seznam hodnotitel\u016f"},"content":{"rendered":"<section class=\"bde-section-100445-100 bde-section\">\n  \n  \n\t\n\n\n\n<div class=\"section-container\"><h4 class=\"bde-heading-100445-101 bde-heading\">\nZa\u0159azen\u00ed osob do Seznamu hodnotitel\u016f<br>\n<\/h4><div class=\"autogenerated-bce-infobar-100445-122 autogenerated-bce-infobar\">\n<gov-infobar variant=\"primary\">\n  <div>\n  \t<div class=\"bde-text-100445-103 bde-text\">\nN\u00e1rodn\u00ed akredita\u010dn\u00ed \u00fa\u0159ad pro terci\u00e1rn\u00ed vzd\u011bl\u00e1v\u00e1n\u00ed spravuje v souladu se z\u00e1konem o vysok\u00fdch \u0161kol\u00e1ch Seznam hodnotitel\u016f, kter\u00fd slou\u017e\u00ed k evidenci osob, je\u017e mohou b\u00fdt jmenov\u00e1ny do hodnotic\u00edch komis\u00ed. Hodnotic\u00ed komise jsou poradn\u00edmi org\u00e1ny NA\u00da a dle zn\u011bn\u00ed Statutu NA\u00da se ustavuj\u00ed pro p\u0159\u00edpravu stanovisek zpravidla k jednotliv\u00fdm spr\u00e1vn\u00edm \u0159\u00edzen\u00edm. Seznam hodnotitel\u016f se \u010dlen\u00ed podle oblast\u00ed vzd\u011bl\u00e1v\u00e1n\u00ed stanoven\u00fdch Na\u0159\u00edzen\u00edm vl\u00e1dy \u010d. 275\/2016 Sb., o oblastech vzd\u011bl\u00e1v\u00e1n\u00ed ve vysok\u00e9m \u0161kolstv\u00ed.\n<\/div><div class=\"bde-text-100445-104 bde-text\">\nN\u00e1rodn\u00ed akredita\u010dn\u00ed \u00fa\u0159ad pro terci\u00e1rn\u00ed vzd\u011bl\u00e1v\u00e1n\u00ed ji\u017e nevypisuje jednotliv\u00e9 v\u00fdzvy k p\u0159edkl\u00e1d\u00e1n\u00ed n\u00e1vrh\u016f na za\u0159azen\u00ed osob do Seznamu hodnotitel\u016f. Z\u00e1jemci o za\u0159azen\u00ed do Seznamu hodnotitel\u016f se mohou hl\u00e1sit kdykoli.\n<\/div>\n  <\/div>\n<\/gov-infobar>\n<\/div><h4 class=\"bde-heading-100445-116 bde-heading\">\nPodm\u00ednky pro za\u0159azen\u00ed osob do Seznamu hodnotitel\u016f\n<\/h4><div class=\"bde-div-100445-113 bde-div\">\n  \n  \n\t\n\n\n\n<div class=\"bde-repeater-element-100445-118 bde-repeater-element\">\n<div class=\"bde-loop bde-loop-grid ee-posts bde-dynamic-repeater bde-dynamic-repeater-118 bde-dynamic-repeater-grid\"><article class=\"bde-loop-item ee-post bde-dynamic-repeater-item\"><a class=\"bde-container-link-100812-103-100445-1-100812-1 bde-container-link bde-container-link-100812-103 breakdance-link\" href=\"https:\/\/www.nau.gov.cz\/wp-content\/uploads\/2025\/11\/RNAUTV-podklady-2025-05-3-Podminky-pro-zarazeni-do-Seznamu-hodnotitelu.pdf\" target=\"_self\" data-type=\"url\">\n  \n  \n\t\n\n\n\n<div class=\"bde-text-100812-104-100445-1-100812-1 bde-text bde-text-100812-104\">\nPodm\u00ednky pro za\u0159azen\u00ed osob do seznamu hodnotitel\u016f\n<\/div>\n\n<\/a><\/article><article class=\"bde-loop-item ee-post bde-dynamic-repeater-item\"><a class=\"bde-container-link-100812-103-100445-2-100812-1 bde-container-link bde-container-link-100812-103 breakdance-link\" href=\"https:\/\/www.nau.gov.cz\/wp-content\/uploads\/2025\/11\/Predepsany_formular_pro-predkladani_navrhu-2025.xlsx\" target=\"_self\" data-type=\"url\">\n  \n  \n\t\n\n\n\n<div class=\"bde-text-100812-104-100445-2-100812-1 bde-text bde-text-100812-104\">\nP\u0159edepsan\u00fd formul\u00e1\u0159 pro p\u0159edkl\u00e1d\u00e1n\u00ed n\u00e1vrh\u016f\n<\/div>\n\n<\/a><\/article><article class=\"bde-loop-item ee-post bde-dynamic-repeater-item\"><a class=\"bde-container-link-100812-103-100445-3-100812-1 bde-container-link bde-container-link-100812-103 breakdance-link\" href=\"https:\/\/www.nau.gov.cz\/wp-content\/uploads\/2025\/11\/Skoleni-hodnotitelu-webinar-28.2.pptx\" target=\"_self\" data-type=\"url\">\n  \n  \n\t\n\n\n\n<div class=\"bde-text-100812-104-100445-3-100812-1 bde-text bde-text-100812-104\">\nPrezentace (pouze pro prezenta\u010dn\u00ed \u00fa\u010dely)\n<\/div>\n\n<\/a><\/article><article class=\"bde-loop-item ee-post bde-dynamic-repeater-item\"><a class=\"bde-container-link-100812-103-100445-4-100812-1 bde-container-link bde-container-link-100812-103 breakdance-link\" href=\"https:\/\/www.nau.gov.cz\/wp-content\/uploads\/2025\/11\/Brozura-pro-hodnotitele-NAUTV-2025.pdf\" target=\"_self\" data-type=\"url\">\n  \n  \n\t\n\n\n\n<div class=\"bde-text-100812-104-100445-4-100812-1 bde-text bde-text-100812-104\">\nInforma\u010dn\u00ed bro\u017eura pro hodnotitele NA\u00da\n<\/div>\n\n<\/a><\/article><\/div>\n<\/div>\n<\/div><h4 class=\"bde-heading-100445-121 bde-heading\">\nPodm\u00ednky pro za\u0159azen\u00ed osob do Seznamu hodnotitel\u016f\n<\/h4><div class=\"bde-div-100445-119 bde-div\">\n  \n  \n\t\n\n\n\n<div class=\"bde-repeater-element-100445-120 bde-repeater-element\">\n<div class=\"bde-loop bde-loop-grid ee-posts bde-dynamic-repeater bde-dynamic-repeater-120 bde-dynamic-repeater-grid\"><article class=\"bde-loop-item ee-post bde-dynamic-repeater-item\"><a class=\"bde-container-link-100812-103-100445-1-100812-2 bde-container-link bde-container-link-100812-103 breakdance-link\" href=\"https:\/\/www.nau.gov.cz\/wp-content\/uploads\/2025\/11\/RNAUTV-podklady-2025-05-3-Podminky-pro-zarazeni-do-Seznamu-hodnotitelu.pdf\" target=\"_self\" data-type=\"url\">\n  \n  \n\t\n\n\n\n<div class=\"bde-text-100812-104-100445-1-100812-2 bde-text bde-text-100812-104\">\nPodm\u00ednky pro za\u0159azen\u00ed osob do seznamu hodnotitel\u016f\n<\/div>\n\n<\/a><\/article><article class=\"bde-loop-item ee-post bde-dynamic-repeater-item\"><a class=\"bde-container-link-100812-103-100445-2-100812-2 bde-container-link bde-container-link-100812-103 breakdance-link\" href=\"https:\/\/www.nau.gov.cz\/wp-content\/uploads\/2025\/11\/Predepsany_formular_pro-predkladani_navrhu-2025.xlsx\" target=\"_self\" data-type=\"url\">\n  \n  \n\t\n\n\n\n<div class=\"bde-text-100812-104-100445-2-100812-2 bde-text bde-text-100812-104\">\nP\u0159edepsan\u00fd formul\u00e1\u0159 pro p\u0159edkl\u00e1d\u00e1n\u00ed n\u00e1vrh\u016f\n<\/div>\n\n<\/a><\/article><article class=\"bde-loop-item ee-post bde-dynamic-repeater-item\"><a class=\"bde-container-link-100812-103-100445-3-100812-2 bde-container-link bde-container-link-100812-103 breakdance-link\" href=\"https:\/\/www.nau.gov.cz\/wp-content\/uploads\/2025\/11\/Skoleni-hodnotitelu-webinar-28.2.pptx\" target=\"_self\" data-type=\"url\">\n  \n  \n\t\n\n\n\n<div class=\"bde-text-100812-104-100445-3-100812-2 bde-text bde-text-100812-104\">\nPrezentace (pouze pro prezenta\u010dn\u00ed \u00fa\u010dely)\n<\/div>\n\n<\/a><\/article><article class=\"bde-loop-item ee-post bde-dynamic-repeater-item\"><a class=\"bde-container-link-100812-103-100445-4-100812-2 bde-container-link bde-container-link-100812-103 breakdance-link\" href=\"https:\/\/www.nau.gov.cz\/wp-content\/uploads\/2025\/11\/Brozura-pro-hodnotitele-NAUTV-2025.pdf\" target=\"_self\" data-type=\"url\">\n  \n  \n\t\n\n\n\n<div class=\"bde-text-100812-104-100445-4-100812-2 bde-text bde-text-100812-104\">\nInforma\u010dn\u00ed bro\u017eura pro hodnotitele NA\u00da\n<\/div>\n\n<\/a><\/article><\/div>\n<\/div>\n<\/div><\/div>\n<\/section>","protected":false},"excerpt":{"rendered":"<p>Za\u0159azen\u00ed osob do Seznamu hodnotitel\u016f N\u00e1rodn\u00ed akredita\u010dn\u00ed \u00fa\u0159ad pro terci\u00e1rn\u00ed vzd\u011bl\u00e1v\u00e1n\u00ed spravuje v souladu se z\u00e1konem o vysok\u00fdch \u0161kol\u00e1ch Seznam hodnotitel\u016f, kter\u00fd slou\u017e\u00ed k evidenci osob, je\u017e mohou b\u00fdt jmenov\u00e1ny do hodnotic\u00edch komis\u00ed. Hodnotic\u00ed komise jsou poradn\u00edmi org\u00e1ny NA\u00da a dle zn\u011bn\u00ed Statutu NA\u00da se ustavuj\u00ed pro p\u0159\u00edpravu stanovisek zpravidla k jednotliv\u00fdm spr\u00e1vn\u00edm \u0159\u00edzen\u00edm. Seznam [&hellip;]<\/p>\n","protected":false},"author":1,"featured_media":0,"parent":100729,"menu_order":4,"comment_status":"closed","ping_status":"closed","template":"","meta":{"_acf_changed":false,"_breakdance_hide_in_design_set":false,"_breakdance_tags":"","footnotes":""},"class_list":["post-100445","page","type-page","status-publish","hentry"],"acf":[],"yoast_head":"<!-- This site is optimized with the Yoast SEO plugin v26.3 - https:\/\/yoast.com\/wordpress\/plugins\/seo\/ -->\n<title>Seznam hodnotitel\u016f - N\u00e1rodn\u00ed akredita\u010dn\u00ed \u00fa\u0159ad<\/title>\n<meta name=\"robots\" content=\"index, follow, max-snippet:-1, max-image-preview:large, max-video-preview:-1\" \/>\n<link rel=\"canonical\" href=\"https:\/\/www.nau.gov.cz\/organizacni-struktura\/seznam-hodnotitelu\/\" \/>\n<meta property=\"og:locale\" content=\"cs_CZ\" \/>\n<meta property=\"og:type\" content=\"article\" \/>\n<meta property=\"og:title\" content=\"Seznam hodnotitel\u016f - N\u00e1rodn\u00ed akredita\u010dn\u00ed \u00fa\u0159ad\" \/>\n<meta property=\"og:description\" content=\"Za\u0159azen\u00ed osob do Seznamu hodnotitel\u016f N\u00e1rodn\u00ed akredita\u010dn\u00ed \u00fa\u0159ad pro terci\u00e1rn\u00ed vzd\u011bl\u00e1v\u00e1n\u00ed spravuje v souladu se z\u00e1konem o vysok\u00fdch \u0161kol\u00e1ch Seznam hodnotitel\u016f, kter\u00fd slou\u017e\u00ed k evidenci osob, je\u017e mohou b\u00fdt jmenov\u00e1ny do hodnotic\u00edch komis\u00ed. Hodnotic\u00ed komise jsou poradn\u00edmi org\u00e1ny NA\u00da a dle zn\u011bn\u00ed Statutu NA\u00da se ustavuj\u00ed pro p\u0159\u00edpravu stanovisek zpravidla k jednotliv\u00fdm spr\u00e1vn\u00edm \u0159\u00edzen\u00edm. Seznam [&hellip;]\" \/>\n<meta property=\"og:url\" content=\"https:\/\/www.nau.gov.cz\/organizacni-struktura\/seznam-hodnotitelu\/\" \/>\n<meta property=\"og:site_name\" content=\"N\u00e1rodn\u00ed akredita\u010dn\u00ed \u00fa\u0159ad\" \/>\n<meta property=\"article:modified_time\" content=\"2025-11-27T17:03:19+00:00\" \/>\n<meta name=\"twitter:card\" content=\"summary_large_image\" \/>\n<meta name=\"twitter:label1\" content=\"Odhadovan\u00e1 doba \u010dten\u00ed\" \/>\n\t<meta name=\"twitter:data1\" content=\"1 minuta\" \/>\n<script type=\"application\/ld+json\" class=\"yoast-schema-graph\">{\"@context\":\"https:\/\/schema.org\",\"@graph\":[{\"@type\":\"WebPage\",\"@id\":\"https:\/\/www.nau.gov.cz\/organizacni-struktura\/seznam-hodnotitelu\/\",\"url\":\"https:\/\/www.nau.gov.cz\/organizacni-struktura\/seznam-hodnotitelu\/\",\"name\":\"Seznam hodnotitel\u016f - N\u00e1rodn\u00ed akredita\u010dn\u00ed \u00fa\u0159ad\",\"isPartOf\":{\"@id\":\"https:\/\/www.nau.gov.cz\/#website\"},\"datePublished\":\"2025-11-08T19:53:08+00:00\",\"dateModified\":\"2025-11-27T17:03:19+00:00\",\"breadcrumb\":{\"@id\":\"https:\/\/www.nau.gov.cz\/organizacni-struktura\/seznam-hodnotitelu\/#breadcrumb\"},\"inLanguage\":\"cs\",\"potentialAction\":[{\"@type\":\"ReadAction\",\"target\":[\"https:\/\/www.nau.gov.cz\/organizacni-struktura\/seznam-hodnotitelu\/\"]}]},{\"@type\":\"BreadcrumbList\",\"@id\":\"https:\/\/www.nau.gov.cz\/organizacni-struktura\/seznam-hodnotitelu\/#breadcrumb\",\"itemListElement\":[{\"@type\":\"ListItem\",\"position\":1,\"name\":\"Dom\u016f\",\"item\":\"https:\/\/www.nau.gov.cz\/\"},{\"@type\":\"ListItem\",\"position\":2,\"name\":\"Organiza\u010dn\u00ed struktura\",\"item\":\"https:\/\/www.nau.gov.cz\/organizacni-struktura\/\"},{\"@type\":\"ListItem\",\"position\":3,\"name\":\"Seznam hodnotitel\u016f\"}]},{\"@type\":\"WebSite\",\"@id\":\"https:\/\/www.nau.gov.cz\/#website\",\"url\":\"https:\/\/www.nau.gov.cz\/\",\"name\":\"N\u00e1rodn\u00ed akredita\u010dn\u00ed \u00fa\u0159ad\",\"description\":\"N\u00e1rodn\u00ed akredita\u010dn\u00ed \u00fa\u0159ad pro vysok\u00e9 \u0161kolstv\u00ed\",\"potentialAction\":[{\"@type\":\"SearchAction\",\"target\":{\"@type\":\"EntryPoint\",\"urlTemplate\":\"https:\/\/www.nau.gov.cz\/?s={search_term_string}\"},\"query-input\":{\"@type\":\"PropertyValueSpecification\",\"valueRequired\":true,\"valueName\":\"search_term_string\"}}],\"inLanguage\":\"cs\"}]}<\/script>\n<!-- \/ Yoast SEO plugin. -->","yoast_head_json":{"title":"Seznam hodnotitel\u016f - N\u00e1rodn\u00ed akredita\u010dn\u00ed \u00fa\u0159ad","robots":{"index":"index","follow":"follow","max-snippet":"max-snippet:-1","max-image-preview":"max-image-preview:large","max-video-preview":"max-video-preview:-1"},"canonical":"https:\/\/www.nau.gov.cz\/organizacni-struktura\/seznam-hodnotitelu\/","og_locale":"cs_CZ","og_type":"article","og_title":"Seznam hodnotitel\u016f - N\u00e1rodn\u00ed akredita\u010dn\u00ed \u00fa\u0159ad","og_description":"Za\u0159azen\u00ed osob do Seznamu hodnotitel\u016f N\u00e1rodn\u00ed akredita\u010dn\u00ed \u00fa\u0159ad pro terci\u00e1rn\u00ed vzd\u011bl\u00e1v\u00e1n\u00ed spravuje v souladu se z\u00e1konem o vysok\u00fdch \u0161kol\u00e1ch Seznam hodnotitel\u016f, kter\u00fd slou\u017e\u00ed k evidenci osob, je\u017e mohou b\u00fdt jmenov\u00e1ny do hodnotic\u00edch komis\u00ed. Hodnotic\u00ed komise jsou poradn\u00edmi org\u00e1ny NA\u00da a dle zn\u011bn\u00ed Statutu NA\u00da se ustavuj\u00ed pro p\u0159\u00edpravu stanovisek zpravidla k jednotliv\u00fdm spr\u00e1vn\u00edm \u0159\u00edzen\u00edm. Seznam [&hellip;]","og_url":"https:\/\/www.nau.gov.cz\/organizacni-struktura\/seznam-hodnotitelu\/","og_site_name":"N\u00e1rodn\u00ed akredita\u010dn\u00ed \u00fa\u0159ad","article_modified_time":"2025-11-27T17:03:19+00:00","twitter_card":"summary_large_image","twitter_misc":{"Odhadovan\u00e1 doba \u010dten\u00ed":"1 minuta"},"schema":{"@context":"https:\/\/schema.org","@graph":[{"@type":"WebPage","@id":"https:\/\/www.nau.gov.cz\/organizacni-struktura\/seznam-hodnotitelu\/","url":"https:\/\/www.nau.gov.cz\/organizacni-struktura\/seznam-hodnotitelu\/","name":"Seznam hodnotitel\u016f - N\u00e1rodn\u00ed akredita\u010dn\u00ed \u00fa\u0159ad","isPartOf":{"@id":"https:\/\/www.nau.gov.cz\/#website"},"datePublished":"2025-11-08T19:53:08+00:00","dateModified":"2025-11-27T17:03:19+00:00","breadcrumb":{"@id":"https:\/\/www.nau.gov.cz\/organizacni-struktura\/seznam-hodnotitelu\/#breadcrumb"},"inLanguage":"cs","potentialAction":[{"@type":"ReadAction","target":["https:\/\/www.nau.gov.cz\/organizacni-struktura\/seznam-hodnotitelu\/"]}]},{"@type":"BreadcrumbList","@id":"https:\/\/www.nau.gov.cz\/organizacni-struktura\/seznam-hodnotitelu\/#breadcrumb","itemListElement":[{"@type":"ListItem","position":1,"name":"Dom\u016f","item":"https:\/\/www.nau.gov.cz\/"},{"@type":"ListItem","position":2,"name":"Organiza\u010dn\u00ed struktura","item":"https:\/\/www.nau.gov.cz\/organizacni-struktura\/"},{"@type":"ListItem","position":3,"name":"Seznam hodnotitel\u016f"}]},{"@type":"WebSite","@id":"https:\/\/www.nau.gov.cz\/#website","url":"https:\/\/www.nau.gov.cz\/","name":"N\u00e1rodn\u00ed akredita\u010dn\u00ed \u00fa\u0159ad","description":"N\u00e1rodn\u00ed akredita\u010dn\u00ed \u00fa\u0159ad pro vysok\u00e9 \u0161kolstv\u00ed","potentialAction":[{"@type":"SearchAction","target":{"@type":"EntryPoint","urlTemplate":"https:\/\/www.nau.gov.cz\/?s={search_term_string}"},"query-input":{"@type":"PropertyValueSpecification","valueRequired":true,"valueName":"search_term_string"}}],"inLanguage":"cs"}]}},"_links":{"self":[{"href":"https:\/\/www.nau.gov.cz\/wp-json\/wp\/v2\/pages\/100445","targetHints":{"allow":["GET"]}}],"collection":[{"href":"https:\/\/www.nau.gov.cz\/wp-json\/wp\/v2\/pages"}],"about":[{"href":"https:\/\/www.nau.gov.cz\/wp-json\/wp\/v2\/types\/page"}],"author":[{"embeddable":true,"href":"https:\/\/www.nau.gov.cz\/wp-json\/wp\/v2\/users\/1"}],"replies":[{"embeddable":true,"href":"https:\/\/www.nau.gov.cz\/wp-json\/wp\/v2\/comments?post=100445"}],"version-history":[{"count":42,"href":"https:\/\/www.nau.gov.cz\/wp-json\/wp\/v2\/pages\/100445\/revisions"}],"predecessor-version":[{"id":101600,"href":"https:\/\/www.nau.gov.cz\/wp-json\/wp\/v2\/pages\/100445\/revisions\/101600"}],"up":[{"embeddable":true,"href":"https:\/\/www.nau.gov.cz\/wp-json\/wp\/v2\/pages\/100729"}],"wp:attachment":[{"href":"https:\/\/www.nau.gov.cz\/wp-json\/wp\/v2\/media?parent=100445"}],"curies":[{"name":"wp","href":"https:\/\/api.w.org\/{rel}","templated":true}]}}