{"id":100465,"date":"2025-11-08T21:04:49","date_gmt":"2025-11-08T20:04:49","guid":{"rendered":"https:\/\/www.nau.gov.cz\/?page_id=100465"},"modified":"2026-01-14T22:49:33","modified_gmt":"2026-01-14T21:49:33","slug":"kontakt","status":"publish","type":"page","link":"https:\/\/www.nau.gov.cz\/kontakt\/","title":{"rendered":"Kontakt"},"content":{"rendered":"<section class=\"bde-section-100465-100 bde-section\">\n  \n  \n\t\n\n\n\n<div class=\"section-container\"><div class=\"bde-div-100465-104 bde-div\">\n  \n  \n\t\n\n\n\n<div class=\"bde-columns-100465-105 bde-columns\"><div class=\"bde-column-100465-106 bde-column\">\n  \n  \n\t\n\n\n\n<div class=\"bde-div-100465-110 bde-div\">\n  \n  \n\t\n\n\n\n<h1 class=\"bde-heading-100465-108 bde-heading\">\nNev\u00e1hejte se n\u00e1m ozvat\n<\/h1><div class=\"bde-text-100465-109 bde-text\">\nPot\u0159ebujete s \u010d\u00edmkoliv poradit? Jsme<br>tu pro V\u00e1s.\n<\/div>\n<\/div><div class=\"bde-div-100465-111 bde-div\">\n  \n  \n\t\n\n\n\n<div class=\"bde-text-100465-112 bde-text\">\nNem\u00e1te r\u00e1di formul\u00e1\u0159e?\n<\/div><a class=\"bde-text-link-100465-113 bde-text-link breakdance-link\" href=\"mailto:posta@nau.gov.cz\" target=\"_self\" data-type=\"url\">\n  posta@nau.gov.cz\n\n<\/a><div class=\"bde-text-100465-121 bde-text\">\nID datov\u00e9 schr\u00e1nky: <strong style=\"color: black;\">k9z3e3y<\/strong>\n<\/div>\n<\/div><div class=\"bde-div-100465-114 bde-div\">\n  \n  \n\t\n\n\n\n<div class=\"bde-text-100465-115 bde-text\">\nN\u00e1rodn\u00ed akredita\u010dn\u00ed \u00fa\u0159ad pro terci\u00e1rn\u00ed vzd\u011bl\u00e1v\u00e1n\u00ed<br>U Lu\u017eick\u00e9ho semin\u00e1\u0159e 13<br>118 00 Praha 1\n<\/div>\n<\/div>\n<\/div><div class=\"bde-column-100465-107 bde-column\">\n  \n  \n\t\n\n\n\n<div class=\"bde-form-builder-100465-117 bde-form-builder\">\n\n\n<form id=\"contact-form117\" class=\"breakdance-form breakdance-form--vertical\" data-options=\"{&quot;slug&quot;:&quot;custom&quot;,&quot;name&quot;:&quot;Contact Form&quot;,&quot;ajaxUrl&quot;:&quot;https:\\\/\\\/www.nau.gov.cz\\\/wp-admin\\\/admin-ajax.php&quot;,&quot;clearOnSuccess&quot;:true,&quot;hideOnSuccess&quot;:false,&quot;successMessage&quot;:&quot;D\\u011bkujeme! Ozveme se V\\u00e1m co nejd\\u0159\\u00edve.&quot;,&quot;errorMessage&quot;:&quot;Bohu\\u017eel se n\\u011bco pokazilo. Zkuste to pros\\u00edm pozd\\u011bji.&quot;,&quot;redirect&quot;:false,&quot;redirectUrl&quot;:&quot;&quot;,&quot;customJavaScript&quot;:&quot;&quot;,&quot;recaptcha&quot;:{&quot;key&quot;:&quot;&quot;,&quot;enabled&quot;:false},&quot;honeypot_enabled&quot;:false,&quot;popupsOnSuccess&quot;:[],&quot;popupsOnError&quot;:[]}\" data-steps=\"0\" >\n  \n  \n  \n<div class=\"breakdance-form-field breakdance-form-field--text\" >\n    \n    \n            <label class=\"breakdance-form-field__label\" for=\"name\">\n            Jm\u00e9no & p\u0159\u00edjmen\u00ed<span class=\"breakdance-form-field__required\">*<\/span>\n        <\/label>\n    \n    <input\n    class=\"breakdance-form-field__input\"\n    id=\"name\"\n    aria-describedby=\"name\"\n    type=\"text\"\n    name=\"fields[name]\"\n    placeholder=\"Jan Nov\u00e1k\"\n    value=\"\"\n                \n        \n        \n    required\n    \n    \n>\n\n\n    \n    \n<\/div>\n\n\n<div class=\"breakdance-form-field breakdance-form-field--email\" >\n    \n    \n            <label class=\"breakdance-form-field__label\" for=\"email\">\n            Email<span class=\"breakdance-form-field__required\">*<\/span>\n        <\/label>\n    \n    <input\n    class=\"breakdance-form-field__input\"\n    id=\"email\"\n    aria-describedby=\"email\"\n    type=\"email\"\n    name=\"fields[email]\"\n    placeholder=\"jan.novak@email.cz\"\n    value=\"\"\n                \n        \n        \n    required\n    \n    \n>\n\n\n    \n    \n<\/div>\n\n\n<div class=\"breakdance-form-field breakdance-form-field--textarea\" >\n    \n    \n            <label class=\"breakdance-form-field__label\" for=\"message\">\n            Zpr\u00e1va<span class=\"breakdance-form-field__required\">*<\/span>\n        <\/label>\n    \n    <textarea\n    class=\"breakdance-form-field__input\"\n    id=\"message\"\n    aria-describedby=\"message\"\n    type=\"textarea\"\n    name=\"fields[message]\"\n        placeholder=\"Pot\u0159eboval bych poradit s...\"\n    required\n    >\n<\/textarea>\n\n\n    \n    \n<\/div>\n\n\n  \n\n<div class=\"breakdance-form-field breakdance-form-footer\">\n    \n    \n                                    \n    \n    \n    \n    \n            \n            <button type=\"submit\" class=\"button-atom button-atom--primary breakdance-form-button breakdance-form-button__submit\"  >\n    \n        <span class=\"button-atom__text\">Odeslat<\/span>\n\n        \n        \n            <\/button>\n    \n    <input type=\"hidden\" name=\"form_id\" value=\"117\">\n    <input type=\"hidden\" name=\"post_id\" value=\"100465\">\n<\/div>\n\n  \n<\/form>\n\n\n\n<\/div>\n<\/div><\/div>\n<\/div><\/div>\n<\/section><section class=\"bde-section-100465-118 bde-section\">\n  \n  \n\t\n\n\n\n<div class=\"section-container\"><div class=\"bde-code-block-100465-120 bde-code-block\">\n\n  <div id=\"map\" aria-label=\"Mapa s um\u00edst\u011bn\u00edm NA\u00da\"><\/div>\n\n<script>\n  \/\/ --- NASTAV MAPBOX TOKEN ---\n  mapboxgl.accessToken = 'pk.eyJ1IjoibWtlaWRhIiwiYSI6ImNsZ3I1cjl2NjBnMnczbG9obXBmaWdjaTAifQ.-U5xGtyvz5SqXAcjplpebg';\n\n  \/\/ Sou\u0159adnice pro U Lu\u017eick\u00e9ho semin\u00e1\u0159e 13, Praha (zdroj: ve\u0159ejn\u00e9 mapov\u00e9 zdroje)\n  const naAddress = {\n    name: \"N\u00e1rodn\u00ed akredita\u010dn\u00ed \u00fa\u0159ad pro terci\u00e1rn\u00ed vzd\u011bl\u00e1v\u00e1n\u00ed\",\n    street: \"U Lu\u017eick\u00e9ho semin\u00e1\u0159e 13, 118 00 Praha 1\",\n    \/\/ latitude, longitude\n    coords: [14.408395, 50.087540] \/\/ [lon, lat]\n  };\n\n  \/\/ Inicializace mapy\n  const map = new mapboxgl.Map({\n    container: 'map',\n    style: 'mapbox:\/\/styles\/mapbox\/streets-v12',\n    center: naAddress.coords,\n    zoom: 17 \/\/ p\u0159ibl\u00ed\u017een\u00ed\n  });\n\n  \/\/ P\u0159idat ovl\u00e1dac\u00ed prvek pro p\u0159ibl\u00ed\u017een\u00ed\n  map.addControl(new mapboxgl.NavigationControl({ showCompass: true }), 'top-right');\n\n  \/\/ Marker\n  const marker = new mapboxgl.Marker({ draggable: false })\n    .setLngLat(naAddress.coords)\n    .addTo(map);\n\n  \/\/ Popup s informacemi\n  const popupHtml = `\n    <strong>${naAddress.name}<\/strong><br\/>\n    ${naAddress.street}\n  `;\n  const popup = new mapboxgl.Popup({ offset: 12 }).setHTML(popupHtml);\n  marker.setPopup(popup);\n\n  \/\/ Otev\u0159\u00edt popup p\u0159i na\u010dten\u00ed\n  map.on('load', () => {\n    popup.addTo(map);\n  });\n\n  \/\/ (Voliteln\u00e9) If you want clicking on map to recenter:\n  \/\/ map.on('click', (e) => { map.flyTo({ center: e.lngLat, zoom: 17 }); });\n<\/script>\n\n\n<\/div><\/div>\n<\/section>","protected":false},"excerpt":{"rendered":"<p>Nev\u00e1hejte se n\u00e1m ozvat Pot\u0159ebujete s \u010d\u00edmkoliv poradit? Jsmetu pro V\u00e1s. Nem\u00e1te r\u00e1di formul\u00e1\u0159e? posta@nau.gov.cz ID datov\u00e9 schr\u00e1nky: k9z3e3y N\u00e1rodn\u00ed akredita\u010dn\u00ed \u00fa\u0159ad pro terci\u00e1rn\u00ed vzd\u011bl\u00e1v\u00e1n\u00edU Lu\u017eick\u00e9ho semin\u00e1\u0159e 13118 00 Praha 1 Jm\u00e9no &#038; p\u0159\u00edjmen\u00ed* Email* Zpr\u00e1va* Odeslat<\/p>\n","protected":false},"author":1,"featured_media":0,"parent":0,"menu_order":0,"comment_status":"closed","ping_status":"closed","template":"","meta":{"_acf_changed":false,"_breakdance_hide_in_design_set":false,"_breakdance_tags":"","footnotes":""},"class_list":["post-100465","page","type-page","status-publish","hentry"],"acf":[],"yoast_head":"<!-- This site is optimized with the Yoast SEO plugin v26.3 - https:\/\/yoast.com\/wordpress\/plugins\/seo\/ -->\n<title>Kontakt - N\u00e1rodn\u00ed akredita\u010dn\u00ed \u00fa\u0159ad<\/title>\n<meta name=\"robots\" content=\"index, follow, max-snippet:-1, max-image-preview:large, max-video-preview:-1\" \/>\n<link rel=\"canonical\" href=\"https:\/\/www.nau.gov.cz\/kontakt\/\" \/>\n<meta property=\"og:locale\" content=\"cs_CZ\" \/>\n<meta property=\"og:type\" content=\"article\" \/>\n<meta property=\"og:title\" content=\"Kontakt - N\u00e1rodn\u00ed akredita\u010dn\u00ed \u00fa\u0159ad\" \/>\n<meta property=\"og:description\" content=\"Nev\u00e1hejte se n\u00e1m ozvat Pot\u0159ebujete s \u010d\u00edmkoliv poradit? Jsmetu pro V\u00e1s. Nem\u00e1te r\u00e1di formul\u00e1\u0159e? posta@nau.gov.cz ID datov\u00e9 schr\u00e1nky: k9z3e3y N\u00e1rodn\u00ed akredita\u010dn\u00ed \u00fa\u0159ad pro terci\u00e1rn\u00ed vzd\u011bl\u00e1v\u00e1n\u00edU Lu\u017eick\u00e9ho semin\u00e1\u0159e 13118 00 Praha 1 Jm\u00e9no &amp; p\u0159\u00edjmen\u00ed* Email* Zpr\u00e1va* Odeslat\" \/>\n<meta property=\"og:url\" content=\"https:\/\/www.nau.gov.cz\/kontakt\/\" \/>\n<meta property=\"og:site_name\" content=\"N\u00e1rodn\u00ed akredita\u010dn\u00ed \u00fa\u0159ad\" \/>\n<meta property=\"article:modified_time\" content=\"2026-01-14T21:49:33+00:00\" \/>\n<meta name=\"twitter:card\" content=\"summary_large_image\" \/>\n<meta name=\"twitter:label1\" content=\"Odhadovan\u00e1 doba \u010dten\u00ed\" \/>\n\t<meta name=\"twitter:data1\" content=\"1 minuta\" \/>\n<script type=\"application\/ld+json\" class=\"yoast-schema-graph\">{\"@context\":\"https:\/\/schema.org\",\"@graph\":[{\"@type\":\"WebPage\",\"@id\":\"https:\/\/www.nau.gov.cz\/kontakt\/\",\"url\":\"https:\/\/www.nau.gov.cz\/kontakt\/\",\"name\":\"Kontakt - N\u00e1rodn\u00ed akredita\u010dn\u00ed \u00fa\u0159ad\",\"isPartOf\":{\"@id\":\"https:\/\/www.nau.gov.cz\/#website\"},\"datePublished\":\"2025-11-08T20:04:49+00:00\",\"dateModified\":\"2026-01-14T21:49:33+00:00\",\"breadcrumb\":{\"@id\":\"https:\/\/www.nau.gov.cz\/kontakt\/#breadcrumb\"},\"inLanguage\":\"cs\",\"potentialAction\":[{\"@type\":\"ReadAction\",\"target\":[\"https:\/\/www.nau.gov.cz\/kontakt\/\"]}]},{\"@type\":\"BreadcrumbList\",\"@id\":\"https:\/\/www.nau.gov.cz\/kontakt\/#breadcrumb\",\"itemListElement\":[{\"@type\":\"ListItem\",\"position\":1,\"name\":\"Dom\u016f\",\"item\":\"https:\/\/www.nau.gov.cz\/\"},{\"@type\":\"ListItem\",\"position\":2,\"name\":\"Kontakt\"}]},{\"@type\":\"WebSite\",\"@id\":\"https:\/\/www.nau.gov.cz\/#website\",\"url\":\"https:\/\/www.nau.gov.cz\/\",\"name\":\"N\u00e1rodn\u00ed akredita\u010dn\u00ed \u00fa\u0159ad\",\"description\":\"N\u00e1rodn\u00ed akredita\u010dn\u00ed \u00fa\u0159ad pro vysok\u00e9 \u0161kolstv\u00ed\",\"potentialAction\":[{\"@type\":\"SearchAction\",\"target\":{\"@type\":\"EntryPoint\",\"urlTemplate\":\"https:\/\/www.nau.gov.cz\/?s={search_term_string}\"},\"query-input\":{\"@type\":\"PropertyValueSpecification\",\"valueRequired\":true,\"valueName\":\"search_term_string\"}}],\"inLanguage\":\"cs\"}]}<\/script>\n<!-- \/ Yoast SEO plugin. -->","yoast_head_json":{"title":"Kontakt - N\u00e1rodn\u00ed akredita\u010dn\u00ed \u00fa\u0159ad","robots":{"index":"index","follow":"follow","max-snippet":"max-snippet:-1","max-image-preview":"max-image-preview:large","max-video-preview":"max-video-preview:-1"},"canonical":"https:\/\/www.nau.gov.cz\/kontakt\/","og_locale":"cs_CZ","og_type":"article","og_title":"Kontakt - N\u00e1rodn\u00ed akredita\u010dn\u00ed \u00fa\u0159ad","og_description":"Nev\u00e1hejte se n\u00e1m ozvat Pot\u0159ebujete s \u010d\u00edmkoliv poradit? Jsmetu pro V\u00e1s. Nem\u00e1te r\u00e1di formul\u00e1\u0159e? posta@nau.gov.cz ID datov\u00e9 schr\u00e1nky: k9z3e3y N\u00e1rodn\u00ed akredita\u010dn\u00ed \u00fa\u0159ad pro terci\u00e1rn\u00ed vzd\u011bl\u00e1v\u00e1n\u00edU Lu\u017eick\u00e9ho semin\u00e1\u0159e 13118 00 Praha 1 Jm\u00e9no & p\u0159\u00edjmen\u00ed* Email* Zpr\u00e1va* Odeslat","og_url":"https:\/\/www.nau.gov.cz\/kontakt\/","og_site_name":"N\u00e1rodn\u00ed akredita\u010dn\u00ed \u00fa\u0159ad","article_modified_time":"2026-01-14T21:49:33+00:00","twitter_card":"summary_large_image","twitter_misc":{"Odhadovan\u00e1 doba \u010dten\u00ed":"1 minuta"},"schema":{"@context":"https:\/\/schema.org","@graph":[{"@type":"WebPage","@id":"https:\/\/www.nau.gov.cz\/kontakt\/","url":"https:\/\/www.nau.gov.cz\/kontakt\/","name":"Kontakt - N\u00e1rodn\u00ed akredita\u010dn\u00ed \u00fa\u0159ad","isPartOf":{"@id":"https:\/\/www.nau.gov.cz\/#website"},"datePublished":"2025-11-08T20:04:49+00:00","dateModified":"2026-01-14T21:49:33+00:00","breadcrumb":{"@id":"https:\/\/www.nau.gov.cz\/kontakt\/#breadcrumb"},"inLanguage":"cs","potentialAction":[{"@type":"ReadAction","target":["https:\/\/www.nau.gov.cz\/kontakt\/"]}]},{"@type":"BreadcrumbList","@id":"https:\/\/www.nau.gov.cz\/kontakt\/#breadcrumb","itemListElement":[{"@type":"ListItem","position":1,"name":"Dom\u016f","item":"https:\/\/www.nau.gov.cz\/"},{"@type":"ListItem","position":2,"name":"Kontakt"}]},{"@type":"WebSite","@id":"https:\/\/www.nau.gov.cz\/#website","url":"https:\/\/www.nau.gov.cz\/","name":"N\u00e1rodn\u00ed akredita\u010dn\u00ed \u00fa\u0159ad","description":"N\u00e1rodn\u00ed akredita\u010dn\u00ed \u00fa\u0159ad pro vysok\u00e9 \u0161kolstv\u00ed","potentialAction":[{"@type":"SearchAction","target":{"@type":"EntryPoint","urlTemplate":"https:\/\/www.nau.gov.cz\/?s={search_term_string}"},"query-input":{"@type":"PropertyValueSpecification","valueRequired":true,"valueName":"search_term_string"}}],"inLanguage":"cs"}]}},"_links":{"self":[{"href":"https:\/\/www.nau.gov.cz\/wp-json\/wp\/v2\/pages\/100465","targetHints":{"allow":["GET"]}}],"collection":[{"href":"https:\/\/www.nau.gov.cz\/wp-json\/wp\/v2\/pages"}],"about":[{"href":"https:\/\/www.nau.gov.cz\/wp-json\/wp\/v2\/types\/page"}],"author":[{"embeddable":true,"href":"https:\/\/www.nau.gov.cz\/wp-json\/wp\/v2\/users\/1"}],"replies":[{"embeddable":true,"href":"https:\/\/www.nau.gov.cz\/wp-json\/wp\/v2\/comments?post=100465"}],"version-history":[{"count":35,"href":"https:\/\/www.nau.gov.cz\/wp-json\/wp\/v2\/pages\/100465\/revisions"}],"predecessor-version":[{"id":101726,"href":"https:\/\/www.nau.gov.cz\/wp-json\/wp\/v2\/pages\/100465\/revisions\/101726"}],"wp:attachment":[{"href":"https:\/\/www.nau.gov.cz\/wp-json\/wp\/v2\/media?parent=100465"}],"curies":[{"name":"wp","href":"https:\/\/api.w.org\/{rel}","templated":true}]}}