{"id":100739,"date":"2025-11-23T18:42:35","date_gmt":"2025-11-23T17:42:35","guid":{"rendered":"https:\/\/www.nau.gov.cz\/?page_id=100739"},"modified":"2026-02-16T02:45:50","modified_gmt":"2026-02-16T01:45:50","slug":"poslani","status":"publish","type":"page","link":"https:\/\/www.nau.gov.cz\/o-nas-2\/poslani\/","title":{"rendered":"Vize"},"content":{"rendered":"<section class=\"bde-section-100739-100 bde-section\">\n  \n  \n\t\n\n\n\n<div class=\"section-container\"><div class=\"bde-rich-text-100739-103 bde-rich-text breakdance-rich-text-styles\">\n<p><strong>Vize<\/strong><\/p>\n<p>\u00a0<\/p>\n<p>\u00darove\u0148 vysok\u00e9ho \u0161kolstv\u00ed je definov\u00e1na kvalitou vzd\u011bl\u00e1v\u00e1n\u00ed.\u00a0\u00a0<\/p>\n<p>\u00a0<\/p>\n<p>Na\u0161im c\u00edlem je kontinu\u00e1ln\u00ed zvy\u0161ov\u00e1n\u00ed kvality ve vysoko\u0161kolsk\u00e9m vzd\u011bl\u00e1v\u00e1n\u00ed, podpora inovac\u00ed v pedagogick\u00e9m procesu, implementace modern\u00edch postup\u016f v procesu hodnocen\u00ed kvality a poskytov\u00e1n\u00ed odborn\u00e9ho poradenstv\u00ed.\u00a0<\/p>\n<\/div><\/div>\n<\/section>","protected":false},"excerpt":{"rendered":"<p>Vize \u00a0 \u00darove\u0148 vysok\u00e9ho \u0161kolstv\u00ed je definov\u00e1na kvalitou vzd\u011bl\u00e1v\u00e1n\u00ed.\u00a0\u00a0 \u00a0 Na\u0161im c\u00edlem je kontinu\u00e1ln\u00ed zvy\u0161ov\u00e1n\u00ed kvality ve vysoko\u0161kolsk\u00e9m vzd\u011bl\u00e1v\u00e1n\u00ed, podpora inovac\u00ed v pedagogick\u00e9m procesu, implementace modern\u00edch postup\u016f v procesu hodnocen\u00ed kvality a poskytov\u00e1n\u00ed odborn\u00e9ho poradenstv\u00ed.\u00a0<\/p>\n","protected":false},"author":1,"featured_media":0,"parent":100596,"menu_order":0,"comment_status":"closed","ping_status":"closed","template":"","meta":{"_acf_changed":false,"_breakdance_hide_in_design_set":false,"_breakdance_tags":"","footnotes":""},"class_list":["post-100739","page","type-page","status-publish","hentry"],"acf":[],"yoast_head":"<!-- This site is optimized with the Yoast SEO plugin v26.3 - https:\/\/yoast.com\/wordpress\/plugins\/seo\/ -->\n<title>Vize - N\u00e1rodn\u00ed akredita\u010dn\u00ed \u00fa\u0159ad<\/title>\n<meta name=\"robots\" content=\"index, follow, max-snippet:-1, max-image-preview:large, max-video-preview:-1\" \/>\n<link rel=\"canonical\" href=\"https:\/\/www.nau.gov.cz\/o-nas-2\/poslani\/\" \/>\n<meta property=\"og:locale\" content=\"cs_CZ\" \/>\n<meta property=\"og:type\" content=\"article\" \/>\n<meta property=\"og:title\" content=\"Vize - N\u00e1rodn\u00ed akredita\u010dn\u00ed \u00fa\u0159ad\" \/>\n<meta property=\"og:description\" content=\"Vize \u00a0 \u00darove\u0148 vysok\u00e9ho \u0161kolstv\u00ed je definov\u00e1na kvalitou vzd\u011bl\u00e1v\u00e1n\u00ed.\u00a0\u00a0 \u00a0 Na\u0161im c\u00edlem je kontinu\u00e1ln\u00ed zvy\u0161ov\u00e1n\u00ed kvality ve vysoko\u0161kolsk\u00e9m vzd\u011bl\u00e1v\u00e1n\u00ed, podpora inovac\u00ed v pedagogick\u00e9m procesu, implementace modern\u00edch postup\u016f v procesu hodnocen\u00ed kvality a poskytov\u00e1n\u00ed odborn\u00e9ho poradenstv\u00ed.\u00a0\" \/>\n<meta property=\"og:url\" content=\"https:\/\/www.nau.gov.cz\/o-nas-2\/poslani\/\" \/>\n<meta property=\"og:site_name\" content=\"N\u00e1rodn\u00ed akredita\u010dn\u00ed \u00fa\u0159ad\" \/>\n<meta property=\"article:modified_time\" content=\"2026-02-16T01:45:50+00:00\" \/>\n<meta name=\"twitter:card\" content=\"summary_large_image\" \/>\n<meta name=\"twitter:label1\" content=\"Odhadovan\u00e1 doba \u010dten\u00ed\" \/>\n\t<meta name=\"twitter:data1\" content=\"1 minuta\" \/>\n<script type=\"application\/ld+json\" class=\"yoast-schema-graph\">{\"@context\":\"https:\/\/schema.org\",\"@graph\":[{\"@type\":\"WebPage\",\"@id\":\"https:\/\/www.nau.gov.cz\/o-nas-2\/poslani\/\",\"url\":\"https:\/\/www.nau.gov.cz\/o-nas-2\/poslani\/\",\"name\":\"Vize - N\u00e1rodn\u00ed akredita\u010dn\u00ed \u00fa\u0159ad\",\"isPartOf\":{\"@id\":\"https:\/\/www.nau.gov.cz\/#website\"},\"datePublished\":\"2025-11-23T17:42:35+00:00\",\"dateModified\":\"2026-02-16T01:45:50+00:00\",\"breadcrumb\":{\"@id\":\"https:\/\/www.nau.gov.cz\/o-nas-2\/poslani\/#breadcrumb\"},\"inLanguage\":\"cs\",\"potentialAction\":[{\"@type\":\"ReadAction\",\"target\":[\"https:\/\/www.nau.gov.cz\/o-nas-2\/poslani\/\"]}]},{\"@type\":\"BreadcrumbList\",\"@id\":\"https:\/\/www.nau.gov.cz\/o-nas-2\/poslani\/#breadcrumb\",\"itemListElement\":[{\"@type\":\"ListItem\",\"position\":1,\"name\":\"Dom\u016f\",\"item\":\"https:\/\/www.nau.gov.cz\/\"},{\"@type\":\"ListItem\",\"position\":2,\"name\":\"O n\u00e1s\",\"item\":\"https:\/\/www.nau.gov.cz\/o-nas-2\/\"},{\"@type\":\"ListItem\",\"position\":3,\"name\":\"Vize\"}]},{\"@type\":\"WebSite\",\"@id\":\"https:\/\/www.nau.gov.cz\/#website\",\"url\":\"https:\/\/www.nau.gov.cz\/\",\"name\":\"N\u00e1rodn\u00ed akredita\u010dn\u00ed \u00fa\u0159ad\",\"description\":\"N\u00e1rodn\u00ed akredita\u010dn\u00ed \u00fa\u0159ad pro vysok\u00e9 \u0161kolstv\u00ed\",\"potentialAction\":[{\"@type\":\"SearchAction\",\"target\":{\"@type\":\"EntryPoint\",\"urlTemplate\":\"https:\/\/www.nau.gov.cz\/?s={search_term_string}\"},\"query-input\":{\"@type\":\"PropertyValueSpecification\",\"valueRequired\":true,\"valueName\":\"search_term_string\"}}],\"inLanguage\":\"cs\"}]}<\/script>\n<!-- \/ Yoast SEO plugin. -->","yoast_head_json":{"title":"Vize - N\u00e1rodn\u00ed akredita\u010dn\u00ed \u00fa\u0159ad","robots":{"index":"index","follow":"follow","max-snippet":"max-snippet:-1","max-image-preview":"max-image-preview:large","max-video-preview":"max-video-preview:-1"},"canonical":"https:\/\/www.nau.gov.cz\/o-nas-2\/poslani\/","og_locale":"cs_CZ","og_type":"article","og_title":"Vize - N\u00e1rodn\u00ed akredita\u010dn\u00ed \u00fa\u0159ad","og_description":"Vize \u00a0 \u00darove\u0148 vysok\u00e9ho \u0161kolstv\u00ed je definov\u00e1na kvalitou vzd\u011bl\u00e1v\u00e1n\u00ed.\u00a0\u00a0 \u00a0 Na\u0161im c\u00edlem je kontinu\u00e1ln\u00ed zvy\u0161ov\u00e1n\u00ed kvality ve vysoko\u0161kolsk\u00e9m vzd\u011bl\u00e1v\u00e1n\u00ed, podpora inovac\u00ed v pedagogick\u00e9m procesu, implementace modern\u00edch postup\u016f v procesu hodnocen\u00ed kvality a poskytov\u00e1n\u00ed odborn\u00e9ho poradenstv\u00ed.\u00a0","og_url":"https:\/\/www.nau.gov.cz\/o-nas-2\/poslani\/","og_site_name":"N\u00e1rodn\u00ed akredita\u010dn\u00ed \u00fa\u0159ad","article_modified_time":"2026-02-16T01:45:50+00:00","twitter_card":"summary_large_image","twitter_misc":{"Odhadovan\u00e1 doba \u010dten\u00ed":"1 minuta"},"schema":{"@context":"https:\/\/schema.org","@graph":[{"@type":"WebPage","@id":"https:\/\/www.nau.gov.cz\/o-nas-2\/poslani\/","url":"https:\/\/www.nau.gov.cz\/o-nas-2\/poslani\/","name":"Vize - N\u00e1rodn\u00ed akredita\u010dn\u00ed \u00fa\u0159ad","isPartOf":{"@id":"https:\/\/www.nau.gov.cz\/#website"},"datePublished":"2025-11-23T17:42:35+00:00","dateModified":"2026-02-16T01:45:50+00:00","breadcrumb":{"@id":"https:\/\/www.nau.gov.cz\/o-nas-2\/poslani\/#breadcrumb"},"inLanguage":"cs","potentialAction":[{"@type":"ReadAction","target":["https:\/\/www.nau.gov.cz\/o-nas-2\/poslani\/"]}]},{"@type":"BreadcrumbList","@id":"https:\/\/www.nau.gov.cz\/o-nas-2\/poslani\/#breadcrumb","itemListElement":[{"@type":"ListItem","position":1,"name":"Dom\u016f","item":"https:\/\/www.nau.gov.cz\/"},{"@type":"ListItem","position":2,"name":"O n\u00e1s","item":"https:\/\/www.nau.gov.cz\/o-nas-2\/"},{"@type":"ListItem","position":3,"name":"Vize"}]},{"@type":"WebSite","@id":"https:\/\/www.nau.gov.cz\/#website","url":"https:\/\/www.nau.gov.cz\/","name":"N\u00e1rodn\u00ed akredita\u010dn\u00ed \u00fa\u0159ad","description":"N\u00e1rodn\u00ed akredita\u010dn\u00ed \u00fa\u0159ad pro vysok\u00e9 \u0161kolstv\u00ed","potentialAction":[{"@type":"SearchAction","target":{"@type":"EntryPoint","urlTemplate":"https:\/\/www.nau.gov.cz\/?s={search_term_string}"},"query-input":{"@type":"PropertyValueSpecification","valueRequired":true,"valueName":"search_term_string"}}],"inLanguage":"cs"}]}},"_links":{"self":[{"href":"https:\/\/www.nau.gov.cz\/wp-json\/wp\/v2\/pages\/100739","targetHints":{"allow":["GET"]}}],"collection":[{"href":"https:\/\/www.nau.gov.cz\/wp-json\/wp\/v2\/pages"}],"about":[{"href":"https:\/\/www.nau.gov.cz\/wp-json\/wp\/v2\/types\/page"}],"author":[{"embeddable":true,"href":"https:\/\/www.nau.gov.cz\/wp-json\/wp\/v2\/users\/1"}],"replies":[{"embeddable":true,"href":"https:\/\/www.nau.gov.cz\/wp-json\/wp\/v2\/comments?post=100739"}],"version-history":[{"count":12,"href":"https:\/\/www.nau.gov.cz\/wp-json\/wp\/v2\/pages\/100739\/revisions"}],"predecessor-version":[{"id":101806,"href":"https:\/\/www.nau.gov.cz\/wp-json\/wp\/v2\/pages\/100739\/revisions\/101806"}],"up":[{"embeddable":true,"href":"https:\/\/www.nau.gov.cz\/wp-json\/wp\/v2\/pages\/100596"}],"wp:attachment":[{"href":"https:\/\/www.nau.gov.cz\/wp-json\/wp\/v2\/media?parent=100739"}],"curies":[{"name":"wp","href":"https:\/\/api.w.org\/{rel}","templated":true}]}}