{"id":100746,"date":"2025-11-24T13:53:02","date_gmt":"2025-11-24T12:53:02","guid":{"rendered":"https:\/\/www.nau.gov.cz\/?page_id=100746"},"modified":"2026-03-31T10:55:39","modified_gmt":"2026-03-31T08:55:39","slug":"predpisy-a-dokumenty","status":"publish","type":"page","link":"https:\/\/www.nau.gov.cz\/predpisy-a-dokumenty\/","title":{"rendered":"P\u0159edpisy a dokumenty"},"content":{"rendered":"<section class=\"bde-section-100746-100 bde-section\">\n  \n  \n\t\n\n\n\n<div class=\"section-container\"><div class=\"bde-post-loop-100746-101 bde-post-loop\">\n<div class=\"bde-loop bde-loop- ee-posts ee-posts-\">    <article class=\"bde-loop-item ee-post\">\n    <a class=\"bde-container-link-101754-102-101140-101754-1 bde-container-link bde-container-link-101754-102 breakdance-link\" href=\"https:\/\/www.nau.gov.cz\/predpis-a-dokument\/metodicke-materialy-vs\/\" target=\"_self\" data-type=\"url\">\n  \n  \n\t\n\n\n\n<div class=\"bde-div-101754-100-101140-101754-1 bde-div bde-div-101754-100\">\n  \n  \n\t\n\n\n\n<div class=\"bde-div-101754-104-101140-101754-1 bde-div bde-div-101754-104\">\n  \n  \n\t\n\n\n\n<h2 class=\"bde-heading-101754-101-101140-101754-1 bde-heading title bde-heading-101754-101\">\nMetodick\u00e9 materi\u00e1ly V\u0160\n<\/h2><div class=\"bde-icon-101754-105-101140-101754-1 bde-icon icon bde-icon-101754-105\">\n\n    \n            <div class=\"bde-icon-icon breakdance-icon-atom\" >\n    \n                    <svg xmlns=\"http:\/\/www.w3.org\/2000\/svg\" id=\"icon-arrow-up-right2\" viewBox=\"0 0 32 32\">\n<path d=\"M7.414 27.414l16.586-16.586v7.172c0 1.105 0.895 2 2 2s2-0.895 2-2v-12c0-0.809-0.487-1.538-1.235-1.848-0.248-0.103-0.508-0.151-0.765-0.151v-0.001h-12c-1.105 0-2 0.895-2 2s0.895 2 2 2h7.172l-16.586 16.586c-0.391 0.39-0.586 0.902-0.586 1.414s0.195 1.024 0.586 1.414c0.781 0.781 2.047 0.781 2.828 0z\"\/>\n<\/svg>\n        \n        \n        \n            <\/div>\n    \n\n\n<\/div>\n<\/div><div class=\"bde-text-101754-103-101140-101754-1 bde-text bde-text-101754-103\">\nMetodick\u00e9 materi\u00e1ly pro p\u0159\u00edpravu a hodnocen\u00ed \u017e\u00e1dos...\n<\/div>\n<\/div>\n\n<\/a>    <\/article>\n        <article class=\"bde-loop-item ee-post\">\n    <a class=\"bde-container-link-101754-102-101131-101754-1 bde-container-link bde-container-link-101754-102 breakdance-link\" href=\"https:\/\/www.nau.gov.cz\/predpis-a-dokument\/metodicke-materialy-vov\/\" target=\"_self\" data-type=\"url\">\n  \n  \n\t\n\n\n\n<div class=\"bde-div-101754-100-101131-101754-1 bde-div bde-div-101754-100\">\n  \n  \n\t\n\n\n\n<div class=\"bde-div-101754-104-101131-101754-1 bde-div bde-div-101754-104\">\n  \n  \n\t\n\n\n\n<h2 class=\"bde-heading-101754-101-101131-101754-1 bde-heading title bde-heading-101754-101\">\nMetodick\u00e9 materi\u00e1ly VOV\n<\/h2><div class=\"bde-icon-101754-105-101131-101754-1 bde-icon icon bde-icon-101754-105\">\n\n    \n            <div class=\"bde-icon-icon breakdance-icon-atom\" >\n    \n                    <svg xmlns=\"http:\/\/www.w3.org\/2000\/svg\" id=\"icon-arrow-up-right2\" viewBox=\"0 0 32 32\">\n<path d=\"M7.414 27.414l16.586-16.586v7.172c0 1.105 0.895 2 2 2s2-0.895 2-2v-12c0-0.809-0.487-1.538-1.235-1.848-0.248-0.103-0.508-0.151-0.765-0.151v-0.001h-12c-1.105 0-2 0.895-2 2s0.895 2 2 2h7.172l-16.586 16.586c-0.391 0.39-0.586 0.902-0.586 1.414s0.195 1.024 0.586 1.414c0.781 0.781 2.047 0.781 2.828 0z\"\/>\n<\/svg>\n        \n        \n        \n            <\/div>\n    \n\n\n<\/div>\n<\/div><div class=\"bde-text-101754-103-101131-101754-1 bde-text bde-text-101754-103\">\nRada NA\u00da schv\u00e1lila na sv\u00e9m zased\u00e1n\u00ed 10.-11.12. 202...\n<\/div>\n<\/div>\n\n<\/a>    <\/article>\n        <article class=\"bde-loop-item ee-post\">\n    <a class=\"bde-container-link-101754-102-101130-101754-1 bde-container-link bde-container-link-101754-102 breakdance-link\" href=\"https:\/\/www.nau.gov.cz\/predpis-a-dokument\/evropske-standardy\/\" target=\"_self\" data-type=\"url\">\n  \n  \n\t\n\n\n\n<div class=\"bde-div-101754-100-101130-101754-1 bde-div bde-div-101754-100\">\n  \n  \n\t\n\n\n\n<div class=\"bde-div-101754-104-101130-101754-1 bde-div bde-div-101754-104\">\n  \n  \n\t\n\n\n\n<h2 class=\"bde-heading-101754-101-101130-101754-1 bde-heading title bde-heading-101754-101\">\nEvropsk\u00e9 standardy\n<\/h2><div class=\"bde-icon-101754-105-101130-101754-1 bde-icon icon bde-icon-101754-105\">\n\n    \n            <div class=\"bde-icon-icon breakdance-icon-atom\" >\n    \n                    <svg xmlns=\"http:\/\/www.w3.org\/2000\/svg\" id=\"icon-arrow-up-right2\" viewBox=\"0 0 32 32\">\n<path d=\"M7.414 27.414l16.586-16.586v7.172c0 1.105 0.895 2 2 2s2-0.895 2-2v-12c0-0.809-0.487-1.538-1.235-1.848-0.248-0.103-0.508-0.151-0.765-0.151v-0.001h-12c-1.105 0-2 0.895-2 2s0.895 2 2 2h7.172l-16.586 16.586c-0.391 0.39-0.586 0.902-0.586 1.414s0.195 1.024 0.586 1.414c0.781 0.781 2.047 0.781 2.828 0z\"\/>\n<\/svg>\n        \n        \n        \n            <\/div>\n    \n\n\n<\/div>\n<\/div><div class=\"bde-text-101754-103-101130-101754-1 bde-text bde-text-101754-103\">\n \n<\/div>\n<\/div>\n\n<\/a>    <\/article>\n        <article class=\"bde-loop-item ee-post\">\n    <a class=\"bde-container-link-101754-102-101129-101754-1 bde-container-link bde-container-link-101754-102 breakdance-link\" href=\"https:\/\/www.nau.gov.cz\/predpis-a-dokument\/zakony-a-narizeni-vlady\/\" target=\"_self\" data-type=\"url\">\n  \n  \n\t\n\n\n\n<div class=\"bde-div-101754-100-101129-101754-1 bde-div bde-div-101754-100\">\n  \n  \n\t\n\n\n\n<div class=\"bde-div-101754-104-101129-101754-1 bde-div bde-div-101754-104\">\n  \n  \n\t\n\n\n\n<h2 class=\"bde-heading-101754-101-101129-101754-1 bde-heading title bde-heading-101754-101\">\nZ\u00e1kony a na\u0159\u00edzen\u00ed vl\u00e1dy\n<\/h2><div class=\"bde-icon-101754-105-101129-101754-1 bde-icon icon bde-icon-101754-105\">\n\n    \n            <div class=\"bde-icon-icon breakdance-icon-atom\" >\n    \n                    <svg xmlns=\"http:\/\/www.w3.org\/2000\/svg\" id=\"icon-arrow-up-right2\" viewBox=\"0 0 32 32\">\n<path d=\"M7.414 27.414l16.586-16.586v7.172c0 1.105 0.895 2 2 2s2-0.895 2-2v-12c0-0.809-0.487-1.538-1.235-1.848-0.248-0.103-0.508-0.151-0.765-0.151v-0.001h-12c-1.105 0-2 0.895-2 2s0.895 2 2 2h7.172l-16.586 16.586c-0.391 0.39-0.586 0.902-0.586 1.414s0.195 1.024 0.586 1.414c0.781 0.781 2.047 0.781 2.828 0z\"\/>\n<\/svg>\n        \n        \n        \n            <\/div>\n    \n\n\n<\/div>\n<\/div><div class=\"bde-text-101754-103-101129-101754-1 bde-text bde-text-101754-103\">\n \n<\/div>\n<\/div>\n\n<\/a>    <\/article>\n        <article class=\"bde-loop-item ee-post\">\n    <a class=\"bde-container-link-101754-102-100843-101754-1 bde-container-link bde-container-link-101754-102 breakdance-link\" href=\"https:\/\/www.nau.gov.cz\/predpis-a-dokument\/predpisy\/\" target=\"_self\" data-type=\"url\">\n  \n  \n\t\n\n\n\n<div class=\"bde-div-101754-100-100843-101754-1 bde-div bde-div-101754-100\">\n  \n  \n\t\n\n\n\n<div class=\"bde-div-101754-104-100843-101754-1 bde-div bde-div-101754-104\">\n  \n  \n\t\n\n\n\n<h2 class=\"bde-heading-101754-101-100843-101754-1 bde-heading title bde-heading-101754-101\">\nP\u0159edpisy a postupy\n<\/h2><div class=\"bde-icon-101754-105-100843-101754-1 bde-icon icon bde-icon-101754-105\">\n\n    \n            <div class=\"bde-icon-icon breakdance-icon-atom\" >\n    \n                    <svg xmlns=\"http:\/\/www.w3.org\/2000\/svg\" id=\"icon-arrow-up-right2\" viewBox=\"0 0 32 32\">\n<path d=\"M7.414 27.414l16.586-16.586v7.172c0 1.105 0.895 2 2 2s2-0.895 2-2v-12c0-0.809-0.487-1.538-1.235-1.848-0.248-0.103-0.508-0.151-0.765-0.151v-0.001h-12c-1.105 0-2 0.895-2 2s0.895 2 2 2h7.172l-16.586 16.586c-0.391 0.39-0.586 0.902-0.586 1.414s0.195 1.024 0.586 1.414c0.781 0.781 2.047 0.781 2.828 0z\"\/>\n<\/svg>\n        \n        \n        \n            <\/div>\n    \n\n\n<\/div>\n<\/div><div class=\"bde-text-101754-103-100843-101754-1 bde-text bde-text-101754-103\">\n \n<\/div>\n<\/div>\n\n<\/a>    <\/article>\n        <article class=\"bde-loop-item ee-post\">\n    <a class=\"bde-container-link-101754-102-100817-101754-1 bde-container-link bde-container-link-101754-102 breakdance-link\" href=\"https:\/\/www.nau.gov.cz\/predpis-a-dokument\/statut-narodniho-akreditacniho-uradu-pro-terciarni-vzdelavani\/\" target=\"_self\" data-type=\"url\">\n  \n  \n\t\n\n\n\n<div class=\"bde-div-101754-100-100817-101754-1 bde-div bde-div-101754-100\">\n  \n  \n\t\n\n\n\n<div class=\"bde-div-101754-104-100817-101754-1 bde-div bde-div-101754-104\">\n  \n  \n\t\n\n\n\n<h2 class=\"bde-heading-101754-101-100817-101754-1 bde-heading title bde-heading-101754-101\">\nStatut NA\u00da\n<\/h2><div class=\"bde-icon-101754-105-100817-101754-1 bde-icon icon bde-icon-101754-105\">\n\n    \n            <div class=\"bde-icon-icon breakdance-icon-atom\" >\n    \n                    <svg xmlns=\"http:\/\/www.w3.org\/2000\/svg\" id=\"icon-arrow-up-right2\" viewBox=\"0 0 32 32\">\n<path d=\"M7.414 27.414l16.586-16.586v7.172c0 1.105 0.895 2 2 2s2-0.895 2-2v-12c0-0.809-0.487-1.538-1.235-1.848-0.248-0.103-0.508-0.151-0.765-0.151v-0.001h-12c-1.105 0-2 0.895-2 2s0.895 2 2 2h7.172l-16.586 16.586c-0.391 0.39-0.586 0.902-0.586 1.414s0.195 1.024 0.586 1.414c0.781 0.781 2.047 0.781 2.828 0z\"\/>\n<\/svg>\n        \n        \n        \n            <\/div>\n    \n\n\n<\/div>\n<\/div><div class=\"bde-text-101754-103-100817-101754-1 bde-text bde-text-101754-103\">\n \n<\/div>\n<\/div>\n\n<\/a>    <\/article>\n    <\/div>\n\n<\/div><\/div>\n<\/section>","protected":false},"excerpt":{"rendered":"<p>Metodick\u00e9 materi\u00e1ly V\u0160 Metodick\u00e9 materi\u00e1ly pro p\u0159\u00edpravu a hodnocen\u00ed \u017e\u00e1dos&#8230; Metodick\u00e9 materi\u00e1ly VOV Rada NA\u00da schv\u00e1lila na sv\u00e9m zased\u00e1n\u00ed 10.-11.12. 202&#8230; Evropsk\u00e9 standardy Z\u00e1kony a na\u0159\u00edzen\u00ed vl\u00e1dy P\u0159edpisy a postupy Statut NA\u00da<\/p>\n","protected":false},"author":1,"featured_media":0,"parent":0,"menu_order":0,"comment_status":"closed","ping_status":"closed","template":"","meta":{"_acf_changed":false,"_breakdance_hide_in_design_set":false,"_breakdance_tags":"","footnotes":""},"class_list":["post-100746","page","type-page","status-publish","hentry"],"acf":[],"yoast_head":"<!-- This site is optimized with the Yoast SEO plugin v26.3 - https:\/\/yoast.com\/wordpress\/plugins\/seo\/ -->\n<title>P\u0159edpisy a dokumenty - N\u00e1rodn\u00ed akredita\u010dn\u00ed \u00fa\u0159ad<\/title>\n<meta name=\"robots\" content=\"index, follow, max-snippet:-1, max-image-preview:large, max-video-preview:-1\" \/>\n<link rel=\"canonical\" href=\"https:\/\/www.nau.gov.cz\/predpisy-a-dokumenty\/\" \/>\n<meta property=\"og:locale\" content=\"cs_CZ\" \/>\n<meta property=\"og:type\" content=\"article\" \/>\n<meta property=\"og:title\" content=\"P\u0159edpisy a dokumenty - N\u00e1rodn\u00ed akredita\u010dn\u00ed \u00fa\u0159ad\" \/>\n<meta property=\"og:description\" content=\"Metodick\u00e9 materi\u00e1ly V\u0160 Metodick\u00e9 materi\u00e1ly pro p\u0159\u00edpravu a hodnocen\u00ed \u017e\u00e1dos... Metodick\u00e9 materi\u00e1ly VOV Rada NA\u00da schv\u00e1lila na sv\u00e9m zased\u00e1n\u00ed 10.-11.12. 202... Evropsk\u00e9 standardy Z\u00e1kony a na\u0159\u00edzen\u00ed vl\u00e1dy P\u0159edpisy a postupy Statut NA\u00da\" \/>\n<meta property=\"og:url\" content=\"https:\/\/www.nau.gov.cz\/predpisy-a-dokumenty\/\" \/>\n<meta property=\"og:site_name\" content=\"N\u00e1rodn\u00ed akredita\u010dn\u00ed \u00fa\u0159ad\" \/>\n<meta property=\"article:modified_time\" content=\"2026-03-31T08:55:39+00:00\" \/>\n<meta name=\"twitter:card\" content=\"summary_large_image\" \/>\n<meta name=\"twitter:label1\" content=\"Odhadovan\u00e1 doba \u010dten\u00ed\" \/>\n\t<meta name=\"twitter:data1\" content=\"1 minuta\" \/>\n<script type=\"application\/ld+json\" class=\"yoast-schema-graph\">{\"@context\":\"https:\/\/schema.org\",\"@graph\":[{\"@type\":\"WebPage\",\"@id\":\"https:\/\/www.nau.gov.cz\/predpisy-a-dokumenty\/\",\"url\":\"https:\/\/www.nau.gov.cz\/predpisy-a-dokumenty\/\",\"name\":\"P\u0159edpisy a dokumenty - N\u00e1rodn\u00ed akredita\u010dn\u00ed \u00fa\u0159ad\",\"isPartOf\":{\"@id\":\"https:\/\/www.nau.gov.cz\/#website\"},\"datePublished\":\"2025-11-24T12:53:02+00:00\",\"dateModified\":\"2026-03-31T08:55:39+00:00\",\"breadcrumb\":{\"@id\":\"https:\/\/www.nau.gov.cz\/predpisy-a-dokumenty\/#breadcrumb\"},\"inLanguage\":\"cs\",\"potentialAction\":[{\"@type\":\"ReadAction\",\"target\":[\"https:\/\/www.nau.gov.cz\/predpisy-a-dokumenty\/\"]}]},{\"@type\":\"BreadcrumbList\",\"@id\":\"https:\/\/www.nau.gov.cz\/predpisy-a-dokumenty\/#breadcrumb\",\"itemListElement\":[{\"@type\":\"ListItem\",\"position\":1,\"name\":\"Dom\u016f\",\"item\":\"https:\/\/www.nau.gov.cz\/\"},{\"@type\":\"ListItem\",\"position\":2,\"name\":\"P\u0159edpisy a dokumenty\"}]},{\"@type\":\"WebSite\",\"@id\":\"https:\/\/www.nau.gov.cz\/#website\",\"url\":\"https:\/\/www.nau.gov.cz\/\",\"name\":\"N\u00e1rodn\u00ed akredita\u010dn\u00ed \u00fa\u0159ad\",\"description\":\"N\u00e1rodn\u00ed akredita\u010dn\u00ed \u00fa\u0159ad pro vysok\u00e9 \u0161kolstv\u00ed\",\"potentialAction\":[{\"@type\":\"SearchAction\",\"target\":{\"@type\":\"EntryPoint\",\"urlTemplate\":\"https:\/\/www.nau.gov.cz\/?s={search_term_string}\"},\"query-input\":{\"@type\":\"PropertyValueSpecification\",\"valueRequired\":true,\"valueName\":\"search_term_string\"}}],\"inLanguage\":\"cs\"}]}<\/script>\n<!-- \/ Yoast SEO plugin. -->","yoast_head_json":{"title":"P\u0159edpisy a dokumenty - N\u00e1rodn\u00ed akredita\u010dn\u00ed \u00fa\u0159ad","robots":{"index":"index","follow":"follow","max-snippet":"max-snippet:-1","max-image-preview":"max-image-preview:large","max-video-preview":"max-video-preview:-1"},"canonical":"https:\/\/www.nau.gov.cz\/predpisy-a-dokumenty\/","og_locale":"cs_CZ","og_type":"article","og_title":"P\u0159edpisy a dokumenty - N\u00e1rodn\u00ed akredita\u010dn\u00ed \u00fa\u0159ad","og_description":"Metodick\u00e9 materi\u00e1ly V\u0160 Metodick\u00e9 materi\u00e1ly pro p\u0159\u00edpravu a hodnocen\u00ed \u017e\u00e1dos... Metodick\u00e9 materi\u00e1ly VOV Rada NA\u00da schv\u00e1lila na sv\u00e9m zased\u00e1n\u00ed 10.-11.12. 202... Evropsk\u00e9 standardy Z\u00e1kony a na\u0159\u00edzen\u00ed vl\u00e1dy P\u0159edpisy a postupy Statut NA\u00da","og_url":"https:\/\/www.nau.gov.cz\/predpisy-a-dokumenty\/","og_site_name":"N\u00e1rodn\u00ed akredita\u010dn\u00ed \u00fa\u0159ad","article_modified_time":"2026-03-31T08:55:39+00:00","twitter_card":"summary_large_image","twitter_misc":{"Odhadovan\u00e1 doba \u010dten\u00ed":"1 minuta"},"schema":{"@context":"https:\/\/schema.org","@graph":[{"@type":"WebPage","@id":"https:\/\/www.nau.gov.cz\/predpisy-a-dokumenty\/","url":"https:\/\/www.nau.gov.cz\/predpisy-a-dokumenty\/","name":"P\u0159edpisy a dokumenty - N\u00e1rodn\u00ed akredita\u010dn\u00ed \u00fa\u0159ad","isPartOf":{"@id":"https:\/\/www.nau.gov.cz\/#website"},"datePublished":"2025-11-24T12:53:02+00:00","dateModified":"2026-03-31T08:55:39+00:00","breadcrumb":{"@id":"https:\/\/www.nau.gov.cz\/predpisy-a-dokumenty\/#breadcrumb"},"inLanguage":"cs","potentialAction":[{"@type":"ReadAction","target":["https:\/\/www.nau.gov.cz\/predpisy-a-dokumenty\/"]}]},{"@type":"BreadcrumbList","@id":"https:\/\/www.nau.gov.cz\/predpisy-a-dokumenty\/#breadcrumb","itemListElement":[{"@type":"ListItem","position":1,"name":"Dom\u016f","item":"https:\/\/www.nau.gov.cz\/"},{"@type":"ListItem","position":2,"name":"P\u0159edpisy a dokumenty"}]},{"@type":"WebSite","@id":"https:\/\/www.nau.gov.cz\/#website","url":"https:\/\/www.nau.gov.cz\/","name":"N\u00e1rodn\u00ed akredita\u010dn\u00ed \u00fa\u0159ad","description":"N\u00e1rodn\u00ed akredita\u010dn\u00ed \u00fa\u0159ad pro vysok\u00e9 \u0161kolstv\u00ed","potentialAction":[{"@type":"SearchAction","target":{"@type":"EntryPoint","urlTemplate":"https:\/\/www.nau.gov.cz\/?s={search_term_string}"},"query-input":{"@type":"PropertyValueSpecification","valueRequired":true,"valueName":"search_term_string"}}],"inLanguage":"cs"}]}},"_links":{"self":[{"href":"https:\/\/www.nau.gov.cz\/wp-json\/wp\/v2\/pages\/100746","targetHints":{"allow":["GET"]}}],"collection":[{"href":"https:\/\/www.nau.gov.cz\/wp-json\/wp\/v2\/pages"}],"about":[{"href":"https:\/\/www.nau.gov.cz\/wp-json\/wp\/v2\/types\/page"}],"author":[{"embeddable":true,"href":"https:\/\/www.nau.gov.cz\/wp-json\/wp\/v2\/users\/1"}],"replies":[{"embeddable":true,"href":"https:\/\/www.nau.gov.cz\/wp-json\/wp\/v2\/comments?post=100746"}],"version-history":[{"count":19,"href":"https:\/\/www.nau.gov.cz\/wp-json\/wp\/v2\/pages\/100746\/revisions"}],"predecessor-version":[{"id":101847,"href":"https:\/\/www.nau.gov.cz\/wp-json\/wp\/v2\/pages\/100746\/revisions\/101847"}],"wp:attachment":[{"href":"https:\/\/www.nau.gov.cz\/wp-json\/wp\/v2\/media?parent=100746"}],"curies":[{"name":"wp","href":"https:\/\/api.w.org\/{rel}","templated":true}]}}