{"id":100780,"date":"2025-11-24T14:17:44","date_gmt":"2025-11-24T13:17:44","guid":{"rendered":"https:\/\/www.nau.gov.cz\/?page_id=100780"},"modified":"2026-04-01T14:11:35","modified_gmt":"2026-04-01T12:11:35","slug":"mezinarodni-agenda","status":"publish","type":"page","link":"https:\/\/www.nau.gov.cz\/mezinarodni-agenda\/","title":{"rendered":"Mezin\u00e1rodn\u00ed agenda"},"content":{"rendered":"<section class=\"bde-section-100780-100 bde-section\">\n  \n  \n\t\n\n\n\n<div class=\"section-container\"><div class=\"autogenerated-bce-infobar-100780-171 autogenerated-bce-infobar\">\n<gov-infobar variant=\"primary\">\n  <div>\n  \t<div class=\"bde-text-100780-172 bde-text\">\nD\u00edky \u010dlenstv\u00edm v mezin\u00e1rodn\u00edch asociac\u00edch pro zaji\u0161t\u011bn\u00ed kvality ve vy\u0161\u0161\u00edm vzd\u011bl\u00e1v\u00e1n\u00ed NA\u00da demonstruje sv\u016fj c\u00edl sladit se Standardy a metodikou pro zabezpe\u010dov\u00e1n\u00ed kvality v Evropsk\u00e9m prostoru vysoko\u0161kolsk\u00e9ho vzd\u011bl\u00e1v\u00e1n\u00ed (ESG) i dal\u0161\u00edmi mezin\u00e1rodn\u011b uzn\u00e1van\u00fdmi normami. NA\u00da se aktivn\u011b zapojuje do mezin\u00e1rodn\u00edch asociac\u00ed jak \u010dlenstv\u00edm, tak i \u00fa\u010dast\u00ed. Z\u00e1stupci NA\u00da zast\u00e1vaj\u00ed role ve v\u00fdkonn\u00fdch v\u00fdborech, \u00fa\u010dastn\u00ed se valn\u00fdch shrom\u00e1\u017ed\u011bn\u00ed a p\u0159isp\u00edvaj\u00ed k pracovn\u00edm skupin\u00e1m zam\u011b\u0159en\u00fdm na kritick\u00e9 ot\u00e1zky zaji\u0161t\u011bn\u00ed kvality. Toto zapojen\u00ed zaji\u0161\u0165uje, \u017ee NA\u00da z\u016fst\u00e1v\u00e1 informov\u00e1n o nejnov\u011bj\u0161\u00edm v\u00fdvoji a osv\u011bd\u010den\u00fdch postupech v t\u00e9to oblasti. NA\u00da hraje v\u00fdznamnou roli p\u0159i organizov\u00e1n\u00ed a \u00fa\u010dasti na mezin\u00e1rodn\u00edch akc\u00edch, konzultac\u00edch a konferenc\u00edch. Tyto aktivity umo\u017e\u0148uj\u00ed NA\u00da udr\u017eovat aktu\u00e1ln\u00ed informace o vyv\u00edjej\u00edc\u00edch se trendech a sm\u011brnic\u00edch Evropsk\u00e9ho prostoru vysoko\u0161kolsk\u00e9ho vzd\u011bl\u00e1v\u00e1n\u00ed (EHEA).\n<\/div>\n  <\/div>\n<\/gov-infobar>\n<\/div><div class=\"bde-repeater-element-100780-103 bde-repeater-element\">\n<div class=\"bde-loop bde-loop-grid ee-posts bde-dynamic-repeater bde-dynamic-repeater-103 bde-dynamic-repeater-grid\"><article class=\"bde-loop-item ee-post bde-dynamic-repeater-item\"><a class=\"bde-container-link-100812-103-100780-1-100812-1 bde-container-link bde-container-link-100812-103 breakdance-link\" href=\"https:\/\/www.nau.gov.cz\/wp-content\/uploads\/2025\/11\/Action-plan-for-the-external-review-NAB-2022_final.pdf\" target=\"_self\" data-type=\"url\">\n  \n  \n\t\n\n\n\n<div class=\"bde-text-100812-104-100780-1-100812-1 bde-text bde-text-100812-104\">\nAk\u010dn\u00ed pl\u00e1n pro extern\u00ed hodnocen\u00ed NA\u00da\n<\/div>\n\n<\/a><\/article><article class=\"bde-loop-item ee-post bde-dynamic-repeater-item\"><a class=\"bde-container-link-100812-103-100780-2-100812-1 bde-container-link bde-container-link-100812-103 breakdance-link\" href=\"https:\/\/www.nau.gov.cz\/wp-content\/uploads\/2025\/11\/SEQA-ESG-national-action-plan-CZ-final.pdf\" target=\"_self\" data-type=\"url\">\n  \n  \n\t\n\n\n\n<div class=\"bde-text-100812-104-100780-2-100812-1 bde-text bde-text-100812-104\">\nN\u00e1rodn\u00ed ak\u010dn\u00ed pl\u00e1n rozvoje zaji\u0161\u0165ov\u00e1n\u00ed kvality v \u010cR\n<\/div>\n\n<\/a><\/article><\/div>\n<\/div><h4 class=\"bde-heading-100780-104 bde-heading\">\n\u010clenstv\u00ed a \u00fa\u010dast:\n<\/h4><div class=\"bde-div-100780-170 bde-div\">\n  \n  \n\t\n\n\n\n<div class=\"bde-div-100780-114 bde-div\">\n  \n  \n\t\n\n\n\n<div class=\"bde-div-100780-115 bde-div\">\n  \n  \n\t\n\n\n\n<a class=\"bde-text-link-100780-116 bde-text-link breakdance-link\" href=\"https:\/\/www.enqa.eu\/\" target=\"_self\" data-type=\"url\">\n  European Association for Quality Assurance in Higher Education (ENQA)\n\n<\/a><div class=\"bde-text-100780-117 bde-text\">\n\u2013 p\u0159idru\u017een\u00fd \u010dlen:\n<\/div>\n<\/div><div class=\"bde-div-100780-118 bde-div\">\n  \n  \n\t\n\n\n\n<a class=\"bde-container-link-100780-119 bde-container-link breakdance-link\" href=\"https:\/\/www.enqa.eu\/\" target=\"_self\" data-type=\"url\">\n  \n  \n\t\n\n\n\n<img decoding=\"async\" class=\"bde-image2-100780-120 bde-image2\" src=\"https:\/\/www.nau.gov.cz\/wp-content\/uploads\/2025\/11\/ENQA.jpg\" loading=\"lazy\" srcset=\"https:\/\/www.nau.gov.cz\/wp-content\/uploads\/2025\/11\/ENQA.jpg 458w, https:\/\/www.nau.gov.cz\/wp-content\/uploads\/2025\/11\/ENQA-300x174.jpg 300w\" sizes=\"(max-width: 458px) 100vw, 458px\">\n\n<\/a><div class=\"bde-text-100780-121 bde-text\">\nNA\u00da m\u00e1 p\u0159idru\u017een\u00fd status v ENQA, kl\u00ed\u010dov\u00e9m hr\u00e1\u010di v evropsk\u00e9m prost\u0159ed\u00ed zaji\u0161t\u011bn\u00ed kvality. ENQA se sna\u017e\u00ed podporovat evropskou spolupr\u00e1ci v oblasti zaji\u0161t\u011bn\u00ed kvality ve vy\u0161\u0161\u00edm vzd\u011bl\u00e1v\u00e1n\u00ed, zaji\u0161\u0165uje, aby procesy byly transparentn\u00ed, koherentn\u00ed a efektivn\u00ed. \u00da\u010dast\u00ed na aktivit\u00e1ch ENQA z\u016fst\u00e1v\u00e1me v pop\u0159ed\u00ed v\u00fdvoje evropsk\u00fdch standard\u016f kvality vysoko\u0161kolsk\u00e9ho vzd\u011bl\u00e1v\u00e1n\u00ed a p\u0159isp\u00edv\u00e1me k \u0161ir\u0161\u00edmu Evropsk\u00e9mu prostoru vysoko\u0161kolsk\u00e9ho vzd\u011bl\u00e1v\u00e1n\u00ed (EHEA).\n<\/div>\n<\/div>\n<\/div><div class=\"bde-div-100780-162 bde-div\">\n  \n  \n\t\n\n\n\n<div class=\"bde-div-100780-163 bde-div\">\n  \n  \n\t\n\n\n\n<a class=\"bde-text-link-100780-164 bde-text-link breakdance-link\" href=\"https:\/\/www.ceenqa.org\/\" target=\"_self\" data-type=\"url\">\n  Central and Eastern European Network of Quality Assurance Agencies in Higher Education (CEENQA)\n\n<\/a><div class=\"bde-text-100780-165 bde-text\">\n\u2013 pln\u00fd \u010dlen:\n<\/div>\n<\/div><div class=\"bde-div-100780-166 bde-div\">\n  \n  \n\t\n\n\n\n<a class=\"bde-container-link-100780-167 bde-container-link breakdance-link\" href=\"https:\/\/www.ceenqa.org\/\" target=\"_self\" data-type=\"url\">\n  \n  \n\t\n\n\n\n<img decoding=\"async\" class=\"bde-image2-100780-168 bde-image2\" src=\"https:\/\/www.nau.gov.cz\/wp-content\/uploads\/2025\/11\/cropped-CEENQA-Logo-1-1.png\" loading=\"lazy\" srcset=\"https:\/\/www.nau.gov.cz\/wp-content\/uploads\/2025\/11\/cropped-CEENQA-Logo-1-1.png 570w, https:\/\/www.nau.gov.cz\/wp-content\/uploads\/2025\/11\/cropped-CEENQA-Logo-1-1-300x52.png 300w\" sizes=\"(max-width: 570px) 100vw, 570px\">\n\n<\/a><div class=\"bde-text-100780-169 bde-text\">\nNA\u00da je plnopr\u00e1vn\u00fdm \u010dlenem CEENQA, region\u00e1ln\u00ed s\u00edt\u011b, kter\u00e1 sdru\u017euje agentury pro zaji\u0161t\u011bn\u00ed kvality ze st\u0159edn\u00ed a v\u00fdchodn\u00ed Evropy a dal\u0161\u00edch zem\u00ed. CEENQA si klade za c\u00edl podporovat spolupr\u00e1ci a sd\u00edlen\u00ed odborn\u00fdch znalost\u00ed mezi sv\u00fdmi \u010dleny se zam\u011b\u0159en\u00edm na v\u00fdvoj proces\u016f zaji\u0161t\u011bn\u00ed kvality, kter\u00e9 jsou v souladu s evropsk\u00fdmi standardy. Aktivn\u00ed \u00fa\u010dast\u00ed v CEENQA p\u0159isp\u00edv\u00e1me k prob\u00edhaj\u00edc\u00edmu dialogu o zlep\u0161ov\u00e1n\u00ed kvality a akredita\u010dn\u00edch postupech v regionu.\n<\/div>\n<\/div>\n<\/div><div class=\"bde-div-100780-154 bde-div\">\n  \n  \n\t\n\n\n\n<div class=\"bde-div-100780-155 bde-div\">\n  \n  \n\t\n\n\n\n<a class=\"bde-text-link-100780-156 bde-text-link breakdance-link\" href=\"https:\/\/www.inqaahe.org\/\" target=\"_self\" data-type=\"url\">\n  International Network for Quality Assurance Agencies in Higher Education (INQAAHE)\n\n<\/a><div class=\"bde-text-100780-157 bde-text\">\n\u2013 pln\u00fd \u010dlen:\n<\/div>\n<\/div><div class=\"bde-div-100780-158 bde-div\">\n  \n  \n\t\n\n\n\n<a class=\"bde-container-link-100780-159 bde-container-link breakdance-link\" href=\"https:\/\/www.inqaahe.org\/\" target=\"_self\" data-type=\"url\">\n  \n  \n\t\n\n\n\n<img decoding=\"async\" class=\"bde-image2-100780-160 bde-image2\" src=\"https:\/\/www.nau.gov.cz\/wp-content\/uploads\/2025\/11\/inqaahe-full-member_15.png\" loading=\"lazy\" srcset=\"https:\/\/www.nau.gov.cz\/wp-content\/uploads\/2025\/11\/inqaahe-full-member_15.png 1186w, https:\/\/www.nau.gov.cz\/wp-content\/uploads\/2025\/11\/inqaahe-full-member_15-300x104.png 300w, https:\/\/www.nau.gov.cz\/wp-content\/uploads\/2025\/11\/inqaahe-full-member_15-1024x355.png 1024w, https:\/\/www.nau.gov.cz\/wp-content\/uploads\/2025\/11\/inqaahe-full-member_15-768x266.png 768w\" sizes=\"(max-width: 1186px) 100vw, 1186px\">\n\n<\/a><div class=\"bde-text-100780-161 bde-text\">\nJako plnopr\u00e1vn\u00fd \u010dlen INQAAHE je NA\u00da sou\u010d\u00e1st\u00ed glob\u00e1ln\u00ed s\u00edt\u011b, kter\u00e1 zahrnuje v\u00edce ne\u017e 300 organizac\u00ed pro zaji\u0161t\u011bn\u00ed kvality z v\u00edce ne\u017e 130 zem\u00ed. INQAAHE slou\u017e\u00ed jako platforma pro sd\u00edlen\u00ed glob\u00e1ln\u00edch zku\u0161enost\u00ed, v\u00fdzkumu a v\u00fdvoje v oblasti zaji\u0161t\u011bn\u00ed kvality. Na\u0161e zapojen\u00ed do INQAAHE n\u00e1m umo\u017e\u0148uje udr\u017eovat kontakt s nejnov\u011bj\u0161\u00edmi glob\u00e1ln\u00edmi trendy a inovacemi, co\u017e zaji\u0161\u0165uje, \u017ee na\u0161e procesy jsou v souladu s mezin\u00e1rodn\u00edmi osv\u011bd\u010den\u00fdmi postupy.\n<\/div>\n<\/div>\n<\/div><div class=\"bde-div-100780-146 bde-div\">\n  \n  \n\t\n\n\n\n<div class=\"bde-div-100780-147 bde-div\">\n  \n  \n\t\n\n\n\n<a class=\"bde-text-link-100780-148 bde-text-link breakdance-link\" href=\"#\" target=\"_self\">\n  V4QA Forum:\n\n<\/a>\n<\/div><div class=\"bde-div-100780-150 bde-div\">\n  \n  \n\t\n\n\n\n<div class=\"bde-text-100780-153 bde-text\">\nF\u00f3rum pro zaji\u0161t\u011bn\u00ed kvality ve visegr\u00e1dsk\u00e9 \u010dty\u0159ce, kter\u00e9 tvo\u0159\u00ed zem\u011b Visegr\u00e1dsk\u00e9 skupiny (\u010cesk\u00e1 republika, Ma\u010farsko, Polsko a Slovensko), poskytuje platformu pro spolupr\u00e1ci v oblasti zaji\u0161t\u011bn\u00ed kvality ve vy\u0161\u0161\u00edm vzd\u011bl\u00e1v\u00e1n\u00ed. Zapojen\u00ed NA\u00da do V4 f\u00f3ra n\u00e1m umo\u017e\u0148uje spolupracovat se sousedn\u00edmi zem\u011bmi na iniciativ\u00e1ch pro zaji\u0161t\u011bn\u00ed kvality, sd\u00edlet poznatky a vyv\u00edjet strategie specifick\u00e9 pro region, kter\u00e9 zvy\u0161uj\u00ed kvalitu vysoko\u0161kolsk\u00e9ho vzd\u011bl\u00e1v\u00e1n\u00ed.\n<\/div>\n<\/div>\n<\/div><div class=\"bde-div-100780-138 bde-div\">\n  \n  \n\t\n\n\n\n<div class=\"bde-div-100780-139 bde-div\">\n  \n  \n\t\n\n\n\n<a class=\"bde-text-link-100780-140 bde-text-link breakdance-link\" href=\"https:\/\/ehea.info\/page-the-bologna-follow-up-group\" target=\"_self\" data-type=\"url\">\n  Bologna Implementation Coordination Group (BICG):\n\n<\/a><div class=\"bde-text-100780-141 bde-text\">\n\n<\/div>\n<\/div><div class=\"bde-div-100780-142 bde-div\">\n  \n  \n\t\n\n\n\n<a class=\"bde-container-link-100780-143 bde-container-link breakdance-link\" href=\"https:\/\/ehea.info\/page-the-bologna-follow-up-group\" target=\"_self\" data-type=\"url\">\n  \n  \n\t\n\n\n\n<img decoding=\"async\" class=\"bde-image2-100780-144 bde-image2\" src=\"https:\/\/www.nau.gov.cz\/wp-content\/uploads\/2025\/11\/BFUG__EHEA.png\" loading=\"lazy\" sizes=\"(max-width: 225px) 100vw, 225px\">\n\n<\/a><div class=\"bde-text-100780-145 bde-text\">\nBolo\u0148sk\u00fd proces je kl\u00ed\u010dovou iniciativou, kter\u00e1 usiluje o harmonizaci syst\u00e9m\u016f vysoko\u0161kolsk\u00e9ho vzd\u011bl\u00e1v\u00e1n\u00ed v cel\u00e9 Evrop\u011b a vytv\u00e1\u0159en\u00ed soudr\u017en\u011bj\u0161\u00edho Evropsk\u00e9ho prostoru vysoko\u0161kolsk\u00e9ho vzd\u011bl\u00e1v\u00e1n\u00ed (EHEA). NA\u00da se aktivn\u011b \u00fa\u010dastn\u00ed tematick\u00e9 skupiny C BICG pro zaji\u0161t\u011bn\u00ed kvality, p\u0159isp\u00edv\u00e1 k dal\u0161\u00edmu rozvoji a implementaci bolo\u0148sk\u00e9ho procesu v t\u00e9to oblasti. Toto zapojen\u00ed zaji\u0161\u0165uje, \u017ee na\u0161e akredita\u010dn\u00ed postupy podporuj\u00ed c\u00edle bolo\u0148sk\u00e9ho procesu, v\u010detn\u011b uzn\u00e1v\u00e1n\u00ed kvalifikac\u00ed a podpory mobility student\u016f.\n<\/div>\n<\/div>\n<\/div><div class=\"bde-div-100780-130 bde-div\">\n  \n  \n\t\n\n\n\n<div class=\"bde-div-100780-131 bde-div\">\n  \n  \n\t\n\n\n\n<a class=\"bde-text-link-100780-132 bde-text-link breakdance-link\" href=\"https:\/\/www.enqa.eu\/\" target=\"_self\" data-type=\"url\">\n  National Committee on Foreign Medical Education and Accreditation (NCFMEA):\n\n<\/a>\n<\/div><div class=\"bde-div-100780-134 bde-div\">\n  \n  \n\t\n\n\n\n<a class=\"bde-container-link-100780-135 bde-container-link breakdance-link\" href=\"https:\/\/sites.ed.gov\/ncfmea\/\" target=\"_self\" data-type=\"url\">\n  \n  \n\t\n\n\n\n<img decoding=\"async\" class=\"bde-image2-100780-136 bde-image2\" src=\"https:\/\/www.nau.gov.cz\/wp-content\/uploads\/2025\/11\/ed-gov-hat.png\" loading=\"lazy\" sizes=\"(max-width: 115px) 100vw, 115px\">\n\n<\/a><div class=\"bde-text-100780-137 bde-text\">\n\u010cesk\u00e1 republika byla shled\u00e1na kompatibiln\u00ed se sm\u011brnicemi NCFMEA. Tento status p\u0159edstavuje p\u0159edpoklad pro zp\u016fsobilost studijn\u00edch program\u016f V\u0161eobecn\u00e9ho l\u00e9ka\u0159stv\u00ed na \u010desk\u00fdch l\u00e9ka\u0159sk\u00fdch fakult\u00e1ch pro William D. Ford Federal Direct Student Loan Program. D\u00edky tomuto programu maj\u00ed studenti V\u0161eobecn\u00e9ho l\u00e9ka\u0159stv\u00ed z USA p\u0159\u00edstup k feder\u00e1ln\u00ed finan\u010dn\u00ed pomoci pro studium na \u010desk\u00fdch l\u00e9ka\u0159sk\u00fdch fakult\u00e1ch.\n<\/div>\n<\/div>\n<\/div><div class=\"bde-div-100780-122 bde-div\">\n  \n  \n\t\n\n\n\n<div class=\"bde-div-100780-123 bde-div\">\n  \n  \n\t\n\n\n\n<a class=\"bde-text-link-100780-124 bde-text-link breakdance-link\" href=\"https:\/\/wfme.org\/\" target=\"_self\" data-type=\"url\">\n  World Federation for Medical Education (WFME):\n\n<\/a>\n<\/div><div class=\"bde-div-100780-126 bde-div\">\n  \n  \n\t\n\n\n\n<div class=\"bde-text-100780-129 bde-text\">\nNA\u00da v r. 2025 naplnil krit\u00e9ria WFME pro vysoko\u0161kolsk\u00e9 l\u00e9ka\u0159sk\u00e9 vzd\u011bl\u00e1v\u00e1n\u00ed a z\u00edskal tak status uzn\u00e1n\u00ed od WFME. Tento status je kl\u00ed\u010dov\u00fd pro \u010desk\u00e9 l\u00e9ka\u0159sk\u00e9 fakulty, kter\u00fdm otev\u00edr\u00e1 nov\u00e9 mo\u017enosti mezin\u00e1rodn\u00ed spolupr\u00e1ce p\u0159i vzd\u011bl\u00e1v\u00e1n\u00ed l\u00e9ka\u0159\u016f. Z\u00edsk\u00e1n\u00edm statusu uzn\u00e1n\u00ed na dobu platnosti 10 let se NA\u00da za\u0159adil mezi dal\u0161\u00ed akredita\u010dn\u00ed agentury z cel\u00e9ho sv\u011bta, kter\u00e9 t\u00edmto procesem \u00fasp\u011b\u0161n\u011b pro\u0161ly. \n<\/div>\n<\/div>\n<\/div>\n<\/div><\/div>\n<\/section>","protected":false},"excerpt":{"rendered":"<p>D\u00edky \u010dlenstv\u00edm v mezin\u00e1rodn\u00edch asociac\u00edch pro zaji\u0161t\u011bn\u00ed kvality ve vy\u0161\u0161\u00edm vzd\u011bl\u00e1v\u00e1n\u00ed NA\u00da demonstruje sv\u016fj c\u00edl sladit se Standardy a metodikou pro zabezpe\u010dov\u00e1n\u00ed kvality v Evropsk\u00e9m prostoru vysoko\u0161kolsk\u00e9ho vzd\u011bl\u00e1v\u00e1n\u00ed (ESG) i dal\u0161\u00edmi mezin\u00e1rodn\u011b uzn\u00e1van\u00fdmi normami. NA\u00da se aktivn\u011b zapojuje do mezin\u00e1rodn\u00edch asociac\u00ed jak \u010dlenstv\u00edm, tak i \u00fa\u010dast\u00ed. Z\u00e1stupci NA\u00da zast\u00e1vaj\u00ed role ve v\u00fdkonn\u00fdch v\u00fdborech, \u00fa\u010dastn\u00ed se [&hellip;]<\/p>\n","protected":false},"author":1,"featured_media":0,"parent":0,"menu_order":0,"comment_status":"closed","ping_status":"closed","template":"","meta":{"_acf_changed":false,"_breakdance_hide_in_design_set":false,"_breakdance_tags":"","footnotes":""},"class_list":["post-100780","page","type-page","status-publish","hentry"],"acf":[],"yoast_head":"<!-- This site is optimized with the Yoast SEO plugin v26.3 - https:\/\/yoast.com\/wordpress\/plugins\/seo\/ -->\n<title>Mezin\u00e1rodn\u00ed agenda - N\u00e1rodn\u00ed akredita\u010dn\u00ed \u00fa\u0159ad<\/title>\n<meta name=\"robots\" content=\"index, follow, max-snippet:-1, max-image-preview:large, max-video-preview:-1\" \/>\n<link rel=\"canonical\" href=\"https:\/\/www.nau.gov.cz\/mezinarodni-agenda\/\" \/>\n<meta property=\"og:locale\" content=\"cs_CZ\" \/>\n<meta property=\"og:type\" content=\"article\" \/>\n<meta property=\"og:title\" content=\"Mezin\u00e1rodn\u00ed agenda - N\u00e1rodn\u00ed akredita\u010dn\u00ed \u00fa\u0159ad\" \/>\n<meta property=\"og:description\" content=\"D\u00edky \u010dlenstv\u00edm v mezin\u00e1rodn\u00edch asociac\u00edch pro zaji\u0161t\u011bn\u00ed kvality ve vy\u0161\u0161\u00edm vzd\u011bl\u00e1v\u00e1n\u00ed NA\u00da demonstruje sv\u016fj c\u00edl sladit se Standardy a metodikou pro zabezpe\u010dov\u00e1n\u00ed kvality v Evropsk\u00e9m prostoru vysoko\u0161kolsk\u00e9ho vzd\u011bl\u00e1v\u00e1n\u00ed (ESG) i dal\u0161\u00edmi mezin\u00e1rodn\u011b uzn\u00e1van\u00fdmi normami. NA\u00da se aktivn\u011b zapojuje do mezin\u00e1rodn\u00edch asociac\u00ed jak \u010dlenstv\u00edm, tak i \u00fa\u010dast\u00ed. Z\u00e1stupci NA\u00da zast\u00e1vaj\u00ed role ve v\u00fdkonn\u00fdch v\u00fdborech, \u00fa\u010dastn\u00ed se [&hellip;]\" \/>\n<meta property=\"og:url\" content=\"https:\/\/www.nau.gov.cz\/mezinarodni-agenda\/\" \/>\n<meta property=\"og:site_name\" content=\"N\u00e1rodn\u00ed akredita\u010dn\u00ed \u00fa\u0159ad\" \/>\n<meta property=\"article:modified_time\" content=\"2026-04-01T12:11:35+00:00\" \/>\n<meta name=\"twitter:card\" content=\"summary_large_image\" \/>\n<meta name=\"twitter:label1\" content=\"Odhadovan\u00e1 doba \u010dten\u00ed\" \/>\n\t<meta name=\"twitter:data1\" content=\"5 minut\" \/>\n<script type=\"application\/ld+json\" class=\"yoast-schema-graph\">{\"@context\":\"https:\/\/schema.org\",\"@graph\":[{\"@type\":\"WebPage\",\"@id\":\"https:\/\/www.nau.gov.cz\/mezinarodni-agenda\/\",\"url\":\"https:\/\/www.nau.gov.cz\/mezinarodni-agenda\/\",\"name\":\"Mezin\u00e1rodn\u00ed agenda - N\u00e1rodn\u00ed akredita\u010dn\u00ed \u00fa\u0159ad\",\"isPartOf\":{\"@id\":\"https:\/\/www.nau.gov.cz\/#website\"},\"datePublished\":\"2025-11-24T13:17:44+00:00\",\"dateModified\":\"2026-04-01T12:11:35+00:00\",\"breadcrumb\":{\"@id\":\"https:\/\/www.nau.gov.cz\/mezinarodni-agenda\/#breadcrumb\"},\"inLanguage\":\"cs\",\"potentialAction\":[{\"@type\":\"ReadAction\",\"target\":[\"https:\/\/www.nau.gov.cz\/mezinarodni-agenda\/\"]}]},{\"@type\":\"BreadcrumbList\",\"@id\":\"https:\/\/www.nau.gov.cz\/mezinarodni-agenda\/#breadcrumb\",\"itemListElement\":[{\"@type\":\"ListItem\",\"position\":1,\"name\":\"Dom\u016f\",\"item\":\"https:\/\/www.nau.gov.cz\/\"},{\"@type\":\"ListItem\",\"position\":2,\"name\":\"Mezin\u00e1rodn\u00ed agenda\"}]},{\"@type\":\"WebSite\",\"@id\":\"https:\/\/www.nau.gov.cz\/#website\",\"url\":\"https:\/\/www.nau.gov.cz\/\",\"name\":\"N\u00e1rodn\u00ed akredita\u010dn\u00ed \u00fa\u0159ad\",\"description\":\"N\u00e1rodn\u00ed akredita\u010dn\u00ed \u00fa\u0159ad pro vysok\u00e9 \u0161kolstv\u00ed\",\"potentialAction\":[{\"@type\":\"SearchAction\",\"target\":{\"@type\":\"EntryPoint\",\"urlTemplate\":\"https:\/\/www.nau.gov.cz\/?s={search_term_string}\"},\"query-input\":{\"@type\":\"PropertyValueSpecification\",\"valueRequired\":true,\"valueName\":\"search_term_string\"}}],\"inLanguage\":\"cs\"}]}<\/script>\n<!-- \/ Yoast SEO plugin. -->","yoast_head_json":{"title":"Mezin\u00e1rodn\u00ed agenda - N\u00e1rodn\u00ed akredita\u010dn\u00ed \u00fa\u0159ad","robots":{"index":"index","follow":"follow","max-snippet":"max-snippet:-1","max-image-preview":"max-image-preview:large","max-video-preview":"max-video-preview:-1"},"canonical":"https:\/\/www.nau.gov.cz\/mezinarodni-agenda\/","og_locale":"cs_CZ","og_type":"article","og_title":"Mezin\u00e1rodn\u00ed agenda - N\u00e1rodn\u00ed akredita\u010dn\u00ed \u00fa\u0159ad","og_description":"D\u00edky \u010dlenstv\u00edm v mezin\u00e1rodn\u00edch asociac\u00edch pro zaji\u0161t\u011bn\u00ed kvality ve vy\u0161\u0161\u00edm vzd\u011bl\u00e1v\u00e1n\u00ed NA\u00da demonstruje sv\u016fj c\u00edl sladit se Standardy a metodikou pro zabezpe\u010dov\u00e1n\u00ed kvality v Evropsk\u00e9m prostoru vysoko\u0161kolsk\u00e9ho vzd\u011bl\u00e1v\u00e1n\u00ed (ESG) i dal\u0161\u00edmi mezin\u00e1rodn\u011b uzn\u00e1van\u00fdmi normami. NA\u00da se aktivn\u011b zapojuje do mezin\u00e1rodn\u00edch asociac\u00ed jak \u010dlenstv\u00edm, tak i \u00fa\u010dast\u00ed. Z\u00e1stupci NA\u00da zast\u00e1vaj\u00ed role ve v\u00fdkonn\u00fdch v\u00fdborech, \u00fa\u010dastn\u00ed se [&hellip;]","og_url":"https:\/\/www.nau.gov.cz\/mezinarodni-agenda\/","og_site_name":"N\u00e1rodn\u00ed akredita\u010dn\u00ed \u00fa\u0159ad","article_modified_time":"2026-04-01T12:11:35+00:00","twitter_card":"summary_large_image","twitter_misc":{"Odhadovan\u00e1 doba \u010dten\u00ed":"5 minut"},"schema":{"@context":"https:\/\/schema.org","@graph":[{"@type":"WebPage","@id":"https:\/\/www.nau.gov.cz\/mezinarodni-agenda\/","url":"https:\/\/www.nau.gov.cz\/mezinarodni-agenda\/","name":"Mezin\u00e1rodn\u00ed agenda - N\u00e1rodn\u00ed akredita\u010dn\u00ed \u00fa\u0159ad","isPartOf":{"@id":"https:\/\/www.nau.gov.cz\/#website"},"datePublished":"2025-11-24T13:17:44+00:00","dateModified":"2026-04-01T12:11:35+00:00","breadcrumb":{"@id":"https:\/\/www.nau.gov.cz\/mezinarodni-agenda\/#breadcrumb"},"inLanguage":"cs","potentialAction":[{"@type":"ReadAction","target":["https:\/\/www.nau.gov.cz\/mezinarodni-agenda\/"]}]},{"@type":"BreadcrumbList","@id":"https:\/\/www.nau.gov.cz\/mezinarodni-agenda\/#breadcrumb","itemListElement":[{"@type":"ListItem","position":1,"name":"Dom\u016f","item":"https:\/\/www.nau.gov.cz\/"},{"@type":"ListItem","position":2,"name":"Mezin\u00e1rodn\u00ed agenda"}]},{"@type":"WebSite","@id":"https:\/\/www.nau.gov.cz\/#website","url":"https:\/\/www.nau.gov.cz\/","name":"N\u00e1rodn\u00ed akredita\u010dn\u00ed \u00fa\u0159ad","description":"N\u00e1rodn\u00ed akredita\u010dn\u00ed \u00fa\u0159ad pro vysok\u00e9 \u0161kolstv\u00ed","potentialAction":[{"@type":"SearchAction","target":{"@type":"EntryPoint","urlTemplate":"https:\/\/www.nau.gov.cz\/?s={search_term_string}"},"query-input":{"@type":"PropertyValueSpecification","valueRequired":true,"valueName":"search_term_string"}}],"inLanguage":"cs"}]}},"_links":{"self":[{"href":"https:\/\/www.nau.gov.cz\/wp-json\/wp\/v2\/pages\/100780","targetHints":{"allow":["GET"]}}],"collection":[{"href":"https:\/\/www.nau.gov.cz\/wp-json\/wp\/v2\/pages"}],"about":[{"href":"https:\/\/www.nau.gov.cz\/wp-json\/wp\/v2\/types\/page"}],"author":[{"embeddable":true,"href":"https:\/\/www.nau.gov.cz\/wp-json\/wp\/v2\/users\/1"}],"replies":[{"embeddable":true,"href":"https:\/\/www.nau.gov.cz\/wp-json\/wp\/v2\/comments?post=100780"}],"version-history":[{"count":39,"href":"https:\/\/www.nau.gov.cz\/wp-json\/wp\/v2\/pages\/100780\/revisions"}],"predecessor-version":[{"id":101597,"href":"https:\/\/www.nau.gov.cz\/wp-json\/wp\/v2\/pages\/100780\/revisions\/101597"}],"wp:attachment":[{"href":"https:\/\/www.nau.gov.cz\/wp-json\/wp\/v2\/media?parent=100780"}],"curies":[{"name":"wp","href":"https:\/\/api.w.org\/{rel}","templated":true}]}}