{"id":101030,"date":"2025-11-25T01:42:25","date_gmt":"2025-11-25T00:42:25","guid":{"rendered":"https:\/\/www.nau.gov.cz\/?page_id=101030"},"modified":"2026-02-02T21:25:23","modified_gmt":"2026-02-02T20:25:23","slug":"terminy-zasedani-rady-nau","status":"publish","type":"page","link":"https:\/\/www.nau.gov.cz\/organizacni-struktura\/terminy-zasedani-rady-nau\/","title":{"rendered":"Term\u00edny zased\u00e1n\u00ed Rady NA\u00da"},"content":{"rendered":"<section class=\"bde-section-101030-100 bde-section\">\n  \n  \n\t\n\n\n\n<div class=\"section-container\"><div class=\"bde-repeater-element-101030-103 bde-repeater-element\">\n<div class=\"bde-loop bde-loop-grid ee-posts bde-dynamic-repeater bde-dynamic-repeater-103 bde-dynamic-repeater-grid\"><article class=\"bde-loop-item ee-post bde-dynamic-repeater-item\"><a class=\"bde-container-link-101446-102-101030-1-101446-1 bde-container-link bde-container-link-101446-102 breakdance-link\" target=\"_self\" data-type=\"url\">\n  \n  \n\t\n\n\n\n<div class=\"bde-text-101446-103-101030-1-101446-1 bde-text bde-text-101446-103\">\n 26. \u00fanora 2026\n<\/div>\n\n<\/a><\/article><article class=\"bde-loop-item ee-post bde-dynamic-repeater-item\"><a class=\"bde-container-link-101446-102-101030-2-101446-1 bde-container-link bde-container-link-101446-102 breakdance-link\" target=\"_self\" data-type=\"url\">\n  \n  \n\t\n\n\n\n<div class=\"bde-text-101446-103-101030-2-101446-1 bde-text bde-text-101446-103\">\n8. - 9. dubna 2026\n<\/div>\n\n<\/a><\/article><article class=\"bde-loop-item ee-post bde-dynamic-repeater-item\"><a class=\"bde-container-link-101446-102-101030-3-101446-1 bde-container-link bde-container-link-101446-102 breakdance-link\" target=\"_self\" data-type=\"url\">\n  \n  \n\t\n\n\n\n<div class=\"bde-text-101446-103-101030-3-101446-1 bde-text bde-text-101446-103\">\n21. kv\u011btna 2026\n<\/div>\n\n<\/a><\/article><article class=\"bde-loop-item ee-post bde-dynamic-repeater-item\"><a class=\"bde-container-link-101446-102-101030-4-101446-1 bde-container-link bde-container-link-101446-102 breakdance-link\" target=\"_self\" data-type=\"url\">\n  \n  \n\t\n\n\n\n<div class=\"bde-text-101446-103-101030-4-101446-1 bde-text bde-text-101446-103\">\n 25. \u010dervna 2026\n<\/div>\n\n<\/a><\/article><article class=\"bde-loop-item ee-post bde-dynamic-repeater-item\"><a class=\"bde-container-link-101446-102-101030-5-101446-1 bde-container-link bde-container-link-101446-102 breakdance-link\" target=\"_self\" data-type=\"url\">\n  \n  \n\t\n\n\n\n<div class=\"bde-text-101446-103-101030-5-101446-1 bde-text bde-text-101446-103\">\n10. z\u00e1\u0159\u00ed 2026\n<\/div>\n\n<\/a><\/article><article class=\"bde-loop-item ee-post bde-dynamic-repeater-item\"><a class=\"bde-container-link-101446-102-101030-6-101446-1 bde-container-link bde-container-link-101446-102 breakdance-link\" target=\"_self\" data-type=\"url\">\n  \n  \n\t\n\n\n\n<div class=\"bde-text-101446-103-101030-6-101446-1 bde-text bde-text-101446-103\">\n15. \u0159\u00edjna 2026\n<\/div>\n\n<\/a><\/article><article class=\"bde-loop-item ee-post bde-dynamic-repeater-item\"><a class=\"bde-container-link-101446-102-101030-7-101446-1 bde-container-link bde-container-link-101446-102 breakdance-link\" target=\"_self\" data-type=\"url\">\n  \n  \n\t\n\n\n\n<div class=\"bde-text-101446-103-101030-7-101446-1 bde-text bde-text-101446-103\">\n25. - 26. listopadu 2026\n<\/div>\n\n<\/a><\/article><\/div>\n<\/div><\/div>\n<\/section>","protected":false},"excerpt":{"rendered":"<p>26. \u00fanora 2026 8. &#8211; 9. dubna 2026 21. kv\u011btna 2026 25. \u010dervna 2026 10. z\u00e1\u0159\u00ed 2026 15. \u0159\u00edjna 2026 25. &#8211; 26. listopadu 2026<\/p>\n","protected":false},"author":1,"featured_media":0,"parent":100729,"menu_order":6,"comment_status":"closed","ping_status":"closed","template":"","meta":{"_acf_changed":false,"_breakdance_hide_in_design_set":false,"_breakdance_tags":"","footnotes":""},"class_list":["post-101030","page","type-page","status-publish","hentry"],"acf":[],"yoast_head":"<!-- This site is optimized with the Yoast SEO plugin v26.3 - https:\/\/yoast.com\/wordpress\/plugins\/seo\/ -->\n<title>Term\u00edny zased\u00e1n\u00ed Rady NA\u00da - N\u00e1rodn\u00ed akredita\u010dn\u00ed \u00fa\u0159ad<\/title>\n<meta name=\"robots\" content=\"index, follow, max-snippet:-1, max-image-preview:large, max-video-preview:-1\" \/>\n<link rel=\"canonical\" href=\"https:\/\/www.nau.gov.cz\/organizacni-struktura\/terminy-zasedani-rady-nau\/\" \/>\n<meta property=\"og:locale\" content=\"cs_CZ\" \/>\n<meta property=\"og:type\" content=\"article\" \/>\n<meta property=\"og:title\" content=\"Term\u00edny zased\u00e1n\u00ed Rady NA\u00da - N\u00e1rodn\u00ed akredita\u010dn\u00ed \u00fa\u0159ad\" \/>\n<meta property=\"og:description\" content=\"26. \u00fanora 2026 8. - 9. dubna 2026 21. kv\u011btna 2026 25. \u010dervna 2026 10. z\u00e1\u0159\u00ed 2026 15. \u0159\u00edjna 2026 25. - 26. listopadu 2026\" \/>\n<meta property=\"og:url\" content=\"https:\/\/www.nau.gov.cz\/organizacni-struktura\/terminy-zasedani-rady-nau\/\" \/>\n<meta property=\"og:site_name\" content=\"N\u00e1rodn\u00ed akredita\u010dn\u00ed \u00fa\u0159ad\" \/>\n<meta property=\"article:modified_time\" content=\"2026-02-02T20:25:23+00:00\" \/>\n<meta name=\"twitter:card\" content=\"summary_large_image\" \/>\n<meta name=\"twitter:label1\" content=\"Odhadovan\u00e1 doba \u010dten\u00ed\" \/>\n\t<meta name=\"twitter:data1\" content=\"1 minuta\" \/>\n<script type=\"application\/ld+json\" class=\"yoast-schema-graph\">{\"@context\":\"https:\/\/schema.org\",\"@graph\":[{\"@type\":\"WebPage\",\"@id\":\"https:\/\/www.nau.gov.cz\/organizacni-struktura\/terminy-zasedani-rady-nau\/\",\"url\":\"https:\/\/www.nau.gov.cz\/organizacni-struktura\/terminy-zasedani-rady-nau\/\",\"name\":\"Term\u00edny zased\u00e1n\u00ed Rady NA\u00da - N\u00e1rodn\u00ed akredita\u010dn\u00ed \u00fa\u0159ad\",\"isPartOf\":{\"@id\":\"https:\/\/www.nau.gov.cz\/#website\"},\"datePublished\":\"2025-11-25T00:42:25+00:00\",\"dateModified\":\"2026-02-02T20:25:23+00:00\",\"breadcrumb\":{\"@id\":\"https:\/\/www.nau.gov.cz\/organizacni-struktura\/terminy-zasedani-rady-nau\/#breadcrumb\"},\"inLanguage\":\"cs\",\"potentialAction\":[{\"@type\":\"ReadAction\",\"target\":[\"https:\/\/www.nau.gov.cz\/organizacni-struktura\/terminy-zasedani-rady-nau\/\"]}]},{\"@type\":\"BreadcrumbList\",\"@id\":\"https:\/\/www.nau.gov.cz\/organizacni-struktura\/terminy-zasedani-rady-nau\/#breadcrumb\",\"itemListElement\":[{\"@type\":\"ListItem\",\"position\":1,\"name\":\"Dom\u016f\",\"item\":\"https:\/\/www.nau.gov.cz\/\"},{\"@type\":\"ListItem\",\"position\":2,\"name\":\"Organiza\u010dn\u00ed struktura\",\"item\":\"https:\/\/www.nau.gov.cz\/organizacni-struktura\/\"},{\"@type\":\"ListItem\",\"position\":3,\"name\":\"Term\u00edny zased\u00e1n\u00ed Rady NA\u00da\"}]},{\"@type\":\"WebSite\",\"@id\":\"https:\/\/www.nau.gov.cz\/#website\",\"url\":\"https:\/\/www.nau.gov.cz\/\",\"name\":\"N\u00e1rodn\u00ed akredita\u010dn\u00ed \u00fa\u0159ad\",\"description\":\"N\u00e1rodn\u00ed akredita\u010dn\u00ed \u00fa\u0159ad pro vysok\u00e9 \u0161kolstv\u00ed\",\"potentialAction\":[{\"@type\":\"SearchAction\",\"target\":{\"@type\":\"EntryPoint\",\"urlTemplate\":\"https:\/\/www.nau.gov.cz\/?s={search_term_string}\"},\"query-input\":{\"@type\":\"PropertyValueSpecification\",\"valueRequired\":true,\"valueName\":\"search_term_string\"}}],\"inLanguage\":\"cs\"}]}<\/script>\n<!-- \/ Yoast SEO plugin. -->","yoast_head_json":{"title":"Term\u00edny zased\u00e1n\u00ed Rady NA\u00da - N\u00e1rodn\u00ed akredita\u010dn\u00ed \u00fa\u0159ad","robots":{"index":"index","follow":"follow","max-snippet":"max-snippet:-1","max-image-preview":"max-image-preview:large","max-video-preview":"max-video-preview:-1"},"canonical":"https:\/\/www.nau.gov.cz\/organizacni-struktura\/terminy-zasedani-rady-nau\/","og_locale":"cs_CZ","og_type":"article","og_title":"Term\u00edny zased\u00e1n\u00ed Rady NA\u00da - N\u00e1rodn\u00ed akredita\u010dn\u00ed \u00fa\u0159ad","og_description":"26. \u00fanora 2026 8. - 9. dubna 2026 21. kv\u011btna 2026 25. \u010dervna 2026 10. z\u00e1\u0159\u00ed 2026 15. \u0159\u00edjna 2026 25. - 26. listopadu 2026","og_url":"https:\/\/www.nau.gov.cz\/organizacni-struktura\/terminy-zasedani-rady-nau\/","og_site_name":"N\u00e1rodn\u00ed akredita\u010dn\u00ed \u00fa\u0159ad","article_modified_time":"2026-02-02T20:25:23+00:00","twitter_card":"summary_large_image","twitter_misc":{"Odhadovan\u00e1 doba \u010dten\u00ed":"1 minuta"},"schema":{"@context":"https:\/\/schema.org","@graph":[{"@type":"WebPage","@id":"https:\/\/www.nau.gov.cz\/organizacni-struktura\/terminy-zasedani-rady-nau\/","url":"https:\/\/www.nau.gov.cz\/organizacni-struktura\/terminy-zasedani-rady-nau\/","name":"Term\u00edny zased\u00e1n\u00ed Rady NA\u00da - N\u00e1rodn\u00ed akredita\u010dn\u00ed \u00fa\u0159ad","isPartOf":{"@id":"https:\/\/www.nau.gov.cz\/#website"},"datePublished":"2025-11-25T00:42:25+00:00","dateModified":"2026-02-02T20:25:23+00:00","breadcrumb":{"@id":"https:\/\/www.nau.gov.cz\/organizacni-struktura\/terminy-zasedani-rady-nau\/#breadcrumb"},"inLanguage":"cs","potentialAction":[{"@type":"ReadAction","target":["https:\/\/www.nau.gov.cz\/organizacni-struktura\/terminy-zasedani-rady-nau\/"]}]},{"@type":"BreadcrumbList","@id":"https:\/\/www.nau.gov.cz\/organizacni-struktura\/terminy-zasedani-rady-nau\/#breadcrumb","itemListElement":[{"@type":"ListItem","position":1,"name":"Dom\u016f","item":"https:\/\/www.nau.gov.cz\/"},{"@type":"ListItem","position":2,"name":"Organiza\u010dn\u00ed struktura","item":"https:\/\/www.nau.gov.cz\/organizacni-struktura\/"},{"@type":"ListItem","position":3,"name":"Term\u00edny zased\u00e1n\u00ed Rady NA\u00da"}]},{"@type":"WebSite","@id":"https:\/\/www.nau.gov.cz\/#website","url":"https:\/\/www.nau.gov.cz\/","name":"N\u00e1rodn\u00ed akredita\u010dn\u00ed \u00fa\u0159ad","description":"N\u00e1rodn\u00ed akredita\u010dn\u00ed \u00fa\u0159ad pro vysok\u00e9 \u0161kolstv\u00ed","potentialAction":[{"@type":"SearchAction","target":{"@type":"EntryPoint","urlTemplate":"https:\/\/www.nau.gov.cz\/?s={search_term_string}"},"query-input":{"@type":"PropertyValueSpecification","valueRequired":true,"valueName":"search_term_string"}}],"inLanguage":"cs"}]}},"_links":{"self":[{"href":"https:\/\/www.nau.gov.cz\/wp-json\/wp\/v2\/pages\/101030","targetHints":{"allow":["GET"]}}],"collection":[{"href":"https:\/\/www.nau.gov.cz\/wp-json\/wp\/v2\/pages"}],"about":[{"href":"https:\/\/www.nau.gov.cz\/wp-json\/wp\/v2\/types\/page"}],"author":[{"embeddable":true,"href":"https:\/\/www.nau.gov.cz\/wp-json\/wp\/v2\/users\/1"}],"replies":[{"embeddable":true,"href":"https:\/\/www.nau.gov.cz\/wp-json\/wp\/v2\/comments?post=101030"}],"version-history":[{"count":6,"href":"https:\/\/www.nau.gov.cz\/wp-json\/wp\/v2\/pages\/101030\/revisions"}],"predecessor-version":[{"id":101765,"href":"https:\/\/www.nau.gov.cz\/wp-json\/wp\/v2\/pages\/101030\/revisions\/101765"}],"up":[{"embeddable":true,"href":"https:\/\/www.nau.gov.cz\/wp-json\/wp\/v2\/pages\/100729"}],"wp:attachment":[{"href":"https:\/\/www.nau.gov.cz\/wp-json\/wp\/v2\/media?parent=101030"}],"curies":[{"name":"wp","href":"https:\/\/api.w.org\/{rel}","templated":true}]}}