{"id":101158,"date":"2025-11-25T16:34:23","date_gmt":"2025-11-25T15:34:23","guid":{"rendered":"https:\/\/www.nau.gov.cz\/?page_id=101158"},"modified":"2026-03-18T13:13:55","modified_gmt":"2026-03-18T12:13:55","slug":"vypis-ze-seznamu-hodnotitelu","status":"publish","type":"page","link":"https:\/\/www.nau.gov.cz\/organizacni-struktura\/seznam-hodnotitelu\/vypis-ze-seznamu-hodnotitelu\/","title":{"rendered":"V\u00fdpis ze\u00a0Seznamu hodnotitel\u016f"},"content":{"rendered":"<section class=\"bde-section-101158-100 bde-section\">\n  \n  \n\t\n\n\n\n<div class=\"section-container\"><div class=\"bde-repeater-element-101158-101 bde-repeater-element\">\n<div class=\"bde-loop bde-loop-grid ee-posts bde-dynamic-repeater bde-dynamic-repeater-101 bde-dynamic-repeater-grid\"><article class=\"bde-loop-item ee-post bde-dynamic-repeater-item\"><a class=\"bde-container-link-100812-103-101158-1-100812-1 bde-container-link bde-container-link-100812-103 breakdance-link\" href=\"https:\/\/www.nau.gov.cz\/wp-content\/uploads\/2026\/03\/1.pdf\" target=\"_self\" data-type=\"url\">\n  \n  \n\t\n\n\n\n<div class=\"bde-text-100812-104-101158-1-100812-1 bde-text bde-text-100812-104\">\nArchitektura a urbanismus\n<\/div>\n\n<\/a><\/article><article class=\"bde-loop-item ee-post bde-dynamic-repeater-item\"><a class=\"bde-container-link-100812-103-101158-2-100812-1 bde-container-link bde-container-link-100812-103 breakdance-link\" href=\"https:\/\/www.nau.gov.cz\/wp-content\/uploads\/2026\/03\/2.pdf\" target=\"_self\" data-type=\"url\">\n  \n  \n\t\n\n\n\n<div class=\"bde-text-100812-104-101158-2-100812-1 bde-text bde-text-100812-104\">\nBezpe\u010dnostn\u00ed obory\n<\/div>\n\n<\/a><\/article><article class=\"bde-loop-item ee-post bde-dynamic-repeater-item\"><a class=\"bde-container-link-100812-103-101158-3-100812-1 bde-container-link bde-container-link-100812-103 breakdance-link\" href=\"https:\/\/www.nau.gov.cz\/wp-content\/uploads\/2026\/03\/3.pdf\" target=\"_self\" data-type=\"url\">\n  \n  \n\t\n\n\n\n<div class=\"bde-text-100812-104-101158-3-100812-1 bde-text bde-text-100812-104\">\nBiologie, ekologie a \u017eivotn\u00ed prost\u0159ed\u00ed\n<\/div>\n\n<\/a><\/article><article class=\"bde-loop-item ee-post bde-dynamic-repeater-item\"><a class=\"bde-container-link-100812-103-101158-4-100812-1 bde-container-link bde-container-link-100812-103 breakdance-link\" href=\"https:\/\/www.nau.gov.cz\/wp-content\/uploads\/2026\/03\/4.pdf\" target=\"_self\" data-type=\"url\">\n  \n  \n\t\n\n\n\n<div class=\"bde-text-100812-104-101158-4-100812-1 bde-text bde-text-100812-104\">\nDoprava\n<\/div>\n\n<\/a><\/article><article class=\"bde-loop-item ee-post bde-dynamic-repeater-item\"><a class=\"bde-container-link-100812-103-101158-5-100812-1 bde-container-link bde-container-link-100812-103 breakdance-link\" href=\"https:\/\/www.nau.gov.cz\/wp-content\/uploads\/2026\/03\/5.pdf\" target=\"_self\" data-type=\"url\">\n  \n  \n\t\n\n\n\n<div class=\"bde-text-100812-104-101158-5-100812-1 bde-text bde-text-100812-104\">\nEkonomick\u00e9 obory\n<\/div>\n\n<\/a><\/article><article class=\"bde-loop-item ee-post bde-dynamic-repeater-item\"><a class=\"bde-container-link-100812-103-101158-6-100812-1 bde-container-link bde-container-link-100812-103 breakdance-link\" href=\"https:\/\/www.nau.gov.cz\/wp-content\/uploads\/2026\/03\/6.pdf\" target=\"_self\" data-type=\"url\">\n  \n  \n\t\n\n\n\n<div class=\"bde-text-100812-104-101158-6-100812-1 bde-text bde-text-100812-104\">\nElektrotechnika\n<\/div>\n\n<\/a><\/article><article class=\"bde-loop-item ee-post bde-dynamic-repeater-item\"><a class=\"bde-container-link-100812-103-101158-7-100812-1 bde-container-link bde-container-link-100812-103 breakdance-link\" href=\"https:\/\/www.nau.gov.cz\/wp-content\/uploads\/2026\/03\/7.pdf\" target=\"_self\" data-type=\"url\">\n  \n  \n\t\n\n\n\n<div class=\"bde-text-100812-104-101158-7-100812-1 bde-text bde-text-100812-104\">\nEnergetika\n<\/div>\n\n<\/a><\/article><article class=\"bde-loop-item ee-post bde-dynamic-repeater-item\"><a class=\"bde-container-link-100812-103-101158-8-100812-1 bde-container-link bde-container-link-100812-103 breakdance-link\" href=\"https:\/\/www.nau.gov.cz\/wp-content\/uploads\/2026\/03\/8.pdf\" target=\"_self\" data-type=\"url\">\n  \n  \n\t\n\n\n\n<div class=\"bde-text-100812-104-101158-8-100812-1 bde-text bde-text-100812-104\">\nFarmacie\n<\/div>\n\n<\/a><\/article><article class=\"bde-loop-item ee-post bde-dynamic-repeater-item\"><a class=\"bde-container-link-100812-103-101158-9-100812-1 bde-container-link bde-container-link-100812-103 breakdance-link\" href=\"https:\/\/www.nau.gov.cz\/wp-content\/uploads\/2026\/03\/9.pdf\" target=\"_self\" data-type=\"url\">\n  \n  \n\t\n\n\n\n<div class=\"bde-text-100812-104-101158-9-100812-1 bde-text bde-text-100812-104\">\nFilologie\n<\/div>\n\n<\/a><\/article><article class=\"bde-loop-item ee-post bde-dynamic-repeater-item\"><a class=\"bde-container-link-100812-103-101158-10-100812-1 bde-container-link bde-container-link-100812-103 breakdance-link\" href=\"https:\/\/www.nau.gov.cz\/wp-content\/uploads\/2026\/03\/10.pdf\" target=\"_self\" data-type=\"url\">\n  \n  \n\t\n\n\n\n<div class=\"bde-text-100812-104-101158-10-100812-1 bde-text bde-text-100812-104\">\nFilozofie, religionistika a teologie\n<\/div>\n\n<\/a><\/article><article class=\"bde-loop-item ee-post bde-dynamic-repeater-item\"><a class=\"bde-container-link-100812-103-101158-11-100812-1 bde-container-link bde-container-link-100812-103 breakdance-link\" href=\"https:\/\/www.nau.gov.cz\/wp-content\/uploads\/2026\/03\/11.pdf\" target=\"_self\" data-type=\"url\">\n  \n  \n\t\n\n\n\n<div class=\"bde-text-100812-104-101158-11-100812-1 bde-text bde-text-100812-104\">\nFyzika\n<\/div>\n\n<\/a><\/article><article class=\"bde-loop-item ee-post bde-dynamic-repeater-item\"><a class=\"bde-container-link-100812-103-101158-12-100812-1 bde-container-link bde-container-link-100812-103 breakdance-link\" href=\"https:\/\/www.nau.gov.cz\/wp-content\/uploads\/2026\/03\/12.pdf\" target=\"_self\" data-type=\"url\">\n  \n  \n\t\n\n\n\n<div class=\"bde-text-100812-104-101158-12-100812-1 bde-text bde-text-100812-104\">\nHistorick\u00e9 v\u011bdy\n<\/div>\n\n<\/a><\/article><article class=\"bde-loop-item ee-post bde-dynamic-repeater-item\"><a class=\"bde-container-link-100812-103-101158-13-100812-1 bde-container-link bde-container-link-100812-103 breakdance-link\" href=\"https:\/\/www.nau.gov.cz\/wp-content\/uploads\/2026\/03\/13.pdf\" target=\"_self\" data-type=\"url\">\n  \n  \n\t\n\n\n\n<div class=\"bde-text-100812-104-101158-13-100812-1 bde-text bde-text-100812-104\">\nChemie\n<\/div>\n\n<\/a><\/article><article class=\"bde-loop-item ee-post bde-dynamic-repeater-item\"><a class=\"bde-container-link-100812-103-101158-14-100812-1 bde-container-link bde-container-link-100812-103 breakdance-link\" href=\"https:\/\/www.nau.gov.cz\/wp-content\/uploads\/2026\/03\/14.pdf\" target=\"_self\" data-type=\"url\">\n  \n  \n\t\n\n\n\n<div class=\"bde-text-100812-104-101158-14-100812-1 bde-text bde-text-100812-104\">\nInformatika\n<\/div>\n\n<\/a><\/article><article class=\"bde-loop-item ee-post bde-dynamic-repeater-item\"><a class=\"bde-container-link-100812-103-101158-15-100812-1 bde-container-link bde-container-link-100812-103 breakdance-link\" href=\"https:\/\/www.nau.gov.cz\/wp-content\/uploads\/2026\/03\/15.pdf\" target=\"_self\" data-type=\"url\">\n  \n  \n\t\n\n\n\n<div class=\"bde-text-100812-104-101158-15-100812-1 bde-text bde-text-100812-104\">\nKybernetika\n<\/div>\n\n<\/a><\/article><article class=\"bde-loop-item ee-post bde-dynamic-repeater-item\"><a class=\"bde-container-link-100812-103-101158-16-100812-1 bde-container-link bde-container-link-100812-103 breakdance-link\" href=\"https:\/\/www.nau.gov.cz\/wp-content\/uploads\/2026\/03\/16.pdf\" target=\"_self\" data-type=\"url\">\n  \n  \n\t\n\n\n\n<div class=\"bde-text-100812-104-101158-16-100812-1 bde-text bde-text-100812-104\">\nLesnictv\u00ed a d\u0159eva\u0159stv\u00ed\n<\/div>\n\n<\/a><\/article><article class=\"bde-loop-item ee-post bde-dynamic-repeater-item\"><a class=\"bde-container-link-100812-103-101158-17-100812-1 bde-container-link bde-container-link-100812-103 breakdance-link\" href=\"https:\/\/www.nau.gov.cz\/wp-content\/uploads\/2026\/03\/17.pdf\" target=\"_self\" data-type=\"url\">\n  \n  \n\t\n\n\n\n<div class=\"bde-text-100812-104-101158-17-100812-1 bde-text bde-text-100812-104\">\nMatematika\n<\/div>\n\n<\/a><\/article><article class=\"bde-loop-item ee-post bde-dynamic-repeater-item\"><a class=\"bde-container-link-100812-103-101158-18-100812-1 bde-container-link bde-container-link-100812-103 breakdance-link\" href=\"https:\/\/www.nau.gov.cz\/wp-content\/uploads\/2026\/03\/18.pdf\" target=\"_self\" data-type=\"url\">\n  \n  \n\t\n\n\n\n<div class=\"bde-text-100812-104-101158-18-100812-1 bde-text bde-text-100812-104\">\nMedi\u00e1ln\u00ed a komunika\u010dn\u00ed studia\n<\/div>\n\n<\/a><\/article><article class=\"bde-loop-item ee-post bde-dynamic-repeater-item\"><a class=\"bde-container-link-100812-103-101158-19-100812-1 bde-container-link bde-container-link-100812-103 breakdance-link\" href=\"https:\/\/www.nau.gov.cz\/wp-content\/uploads\/2026\/03\/19.pdf\" target=\"_self\" data-type=\"url\">\n  \n  \n\t\n\n\n\n<div class=\"bde-text-100812-104-101158-19-100812-1 bde-text bde-text-100812-104\">\nNeu\u010ditelsk\u00e1 pedagogika\n<\/div>\n\n<\/a><\/article><article class=\"bde-loop-item ee-post bde-dynamic-repeater-item\"><a class=\"bde-container-link-100812-103-101158-20-100812-1 bde-container-link bde-container-link-100812-103 breakdance-link\" href=\"https:\/\/www.nau.gov.cz\/wp-content\/uploads\/2026\/03\/20.pdf\" target=\"_self\" data-type=\"url\">\n  \n  \n\t\n\n\n\n<div class=\"bde-text-100812-104-101158-20-100812-1 bde-text bde-text-100812-104\">\nPolitick\u00e9 v\u011bdy\n<\/div>\n\n<\/a><\/article><article class=\"bde-loop-item ee-post bde-dynamic-repeater-item\"><a class=\"bde-container-link-100812-103-101158-21-100812-1 bde-container-link bde-container-link-100812-103 breakdance-link\" href=\"https:\/\/www.nau.gov.cz\/wp-content\/uploads\/2026\/03\/21.pdf\" target=\"_self\" data-type=\"url\">\n  \n  \n\t\n\n\n\n<div class=\"bde-text-100812-104-101158-21-100812-1 bde-text bde-text-100812-104\">\nPotravin\u00e1\u0159stv\u00ed\n<\/div>\n\n<\/a><\/article><article class=\"bde-loop-item ee-post bde-dynamic-repeater-item\"><a class=\"bde-container-link-100812-103-101158-22-100812-1 bde-container-link bde-container-link-100812-103 breakdance-link\" href=\"https:\/\/www.nau.gov.cz\/wp-content\/uploads\/2026\/03\/22.pdf\" target=\"_self\" data-type=\"url\">\n  \n  \n\t\n\n\n\n<div class=\"bde-text-100812-104-101158-22-100812-1 bde-text bde-text-100812-104\">\nPr\u00e1vo\n<\/div>\n\n<\/a><\/article><article class=\"bde-loop-item ee-post bde-dynamic-repeater-item\"><a class=\"bde-container-link-100812-103-101158-23-100812-1 bde-container-link bde-container-link-100812-103 breakdance-link\" href=\"https:\/\/www.nau.gov.cz\/wp-content\/uploads\/2026\/03\/23.pdf\" target=\"_self\" data-type=\"url\">\n  \n  \n\t\n\n\n\n<div class=\"bde-text-100812-104-101158-23-100812-1 bde-text bde-text-100812-104\">\nPsychologie\n<\/div>\n\n<\/a><\/article><article class=\"bde-loop-item ee-post bde-dynamic-repeater-item\"><a class=\"bde-container-link-100812-103-101158-24-100812-1 bde-container-link bde-container-link-100812-103 breakdance-link\" href=\"https:\/\/www.nau.gov.cz\/wp-content\/uploads\/2026\/03\/24.pdf\" target=\"_self\" data-type=\"url\">\n  \n  \n\t\n\n\n\n<div class=\"bde-text-100812-104-101158-24-100812-1 bde-text bde-text-100812-104\">\nSoci\u00e1ln\u00ed pr\u00e1ce\n<\/div>\n\n<\/a><\/article><article class=\"bde-loop-item ee-post bde-dynamic-repeater-item\"><a class=\"bde-container-link-100812-103-101158-25-100812-1 bde-container-link bde-container-link-100812-103 breakdance-link\" href=\"https:\/\/www.nau.gov.cz\/wp-content\/uploads\/2026\/03\/25.pdf\" target=\"_self\" data-type=\"url\">\n  \n  \n\t\n\n\n\n<div class=\"bde-text-100812-104-101158-25-100812-1 bde-text bde-text-100812-104\">\nSociologie\n<\/div>\n\n<\/a><\/article><article class=\"bde-loop-item ee-post bde-dynamic-repeater-item\"><a class=\"bde-container-link-100812-103-101158-26-100812-1 bde-container-link bde-container-link-100812-103 breakdance-link\" href=\"https:\/\/www.nau.gov.cz\/wp-content\/uploads\/2026\/03\/26.pdf\" target=\"_self\" data-type=\"url\">\n  \n  \n\t\n\n\n\n<div class=\"bde-text-100812-104-101158-26-100812-1 bde-text bde-text-100812-104\">\nStavebnictv\u00ed\n<\/div>\n\n<\/a><\/article><article class=\"bde-loop-item ee-post bde-dynamic-repeater-item\"><a class=\"bde-container-link-100812-103-101158-27-100812-1 bde-container-link bde-container-link-100812-103 breakdance-link\" href=\"https:\/\/www.nau.gov.cz\/wp-content\/uploads\/2026\/03\/27.pdf\" target=\"_self\" data-type=\"url\">\n  \n  \n\t\n\n\n\n<div class=\"bde-text-100812-104-101158-27-100812-1 bde-text bde-text-100812-104\">\nStroj\u00edrenstv\u00ed, technologie a materi\u00e1ly\n<\/div>\n\n<\/a><\/article><article class=\"bde-loop-item ee-post bde-dynamic-repeater-item\"><a class=\"bde-container-link-100812-103-101158-28-100812-1 bde-container-link bde-container-link-100812-103 breakdance-link\" href=\"https:\/\/www.nau.gov.cz\/wp-content\/uploads\/2026\/03\/28.pdf\" target=\"_self\" data-type=\"url\">\n  \n  \n\t\n\n\n\n<div class=\"bde-text-100812-104-101158-28-100812-1 bde-text bde-text-100812-104\">\nT\u011blesn\u00e1 v\u00fdchova a sport\n<\/div>\n\n<\/a><\/article><article class=\"bde-loop-item ee-post bde-dynamic-repeater-item\"><a class=\"bde-container-link-100812-103-101158-29-100812-1 bde-container-link bde-container-link-100812-103 breakdance-link\" href=\"https:\/\/www.nau.gov.cz\/wp-content\/uploads\/2026\/03\/29.pdf\" target=\"_self\" data-type=\"url\">\n  \n  \n\t\n\n\n\n<div class=\"bde-text-100812-104-101158-29-100812-1 bde-text bde-text-100812-104\">\nT\u011b\u017eba a zpracov\u00e1n\u00ed nerostn\u00fdch surovin\n<\/div>\n\n<\/a><\/article><article class=\"bde-loop-item ee-post bde-dynamic-repeater-item\"><a class=\"bde-container-link-100812-103-101158-30-100812-1 bde-container-link bde-container-link-100812-103 breakdance-link\" href=\"https:\/\/www.nau.gov.cz\/wp-content\/uploads\/2026\/03\/30.pdf\" target=\"_self\" data-type=\"url\">\n  \n  \n\t\n\n\n\n<div class=\"bde-text-100812-104-101158-30-100812-1 bde-text bde-text-100812-104\">\nU\u010ditelstv\u00ed\n<\/div>\n\n<\/a><\/article><article class=\"bde-loop-item ee-post bde-dynamic-repeater-item\"><a class=\"bde-container-link-100812-103-101158-31-100812-1 bde-container-link bde-container-link-100812-103 breakdance-link\" href=\"https:\/\/www.nau.gov.cz\/wp-content\/uploads\/2026\/03\/31.pdf\" target=\"_self\" data-type=\"url\">\n  \n  \n\t\n\n\n\n<div class=\"bde-text-100812-104-101158-31-100812-1 bde-text bde-text-100812-104\">\nUm\u011bn\u00ed\n<\/div>\n\n<\/a><\/article><article class=\"bde-loop-item ee-post bde-dynamic-repeater-item\"><a class=\"bde-container-link-100812-103-101158-32-100812-1 bde-container-link bde-container-link-100812-103 breakdance-link\" href=\"https:\/\/www.nau.gov.cz\/wp-content\/uploads\/2026\/03\/32.pdf\" target=\"_self\" data-type=\"url\">\n  \n  \n\t\n\n\n\n<div class=\"bde-text-100812-104-101158-32-100812-1 bde-text bde-text-100812-104\">\nV\u011bdy o um\u011bn\u00ed a kultu\u0159e\n<\/div>\n\n<\/a><\/article><article class=\"bde-loop-item ee-post bde-dynamic-repeater-item\"><a class=\"bde-container-link-100812-103-101158-33-100812-1 bde-container-link bde-container-link-100812-103 breakdance-link\" href=\"https:\/\/www.nau.gov.cz\/wp-content\/uploads\/2026\/03\/33.pdf\" target=\"_self\" data-type=\"url\">\n  \n  \n\t\n\n\n\n<div class=\"bde-text-100812-104-101158-33-100812-1 bde-text bde-text-100812-104\">\nV\u011bdy o Zemi\n<\/div>\n\n<\/a><\/article><article class=\"bde-loop-item ee-post bde-dynamic-repeater-item\"><a class=\"bde-container-link-100812-103-101158-34-100812-1 bde-container-link bde-container-link-100812-103 breakdance-link\" href=\"https:\/\/www.nau.gov.cz\/wp-content\/uploads\/2026\/03\/34.pdf\" target=\"_self\" data-type=\"url\">\n  \n  \n\t\n\n\n\n<div class=\"bde-text-100812-104-101158-34-100812-1 bde-text bde-text-100812-104\">\nVeterin\u00e1rn\u00ed l\u00e9ka\u0159stv\u00ed, veterin\u00e1rn\u00ed hygiena\n<\/div>\n\n<\/a><\/article><article class=\"bde-loop-item ee-post bde-dynamic-repeater-item\"><a class=\"bde-container-link-100812-103-101158-35-100812-1 bde-container-link bde-container-link-100812-103 breakdance-link\" href=\"https:\/\/www.nau.gov.cz\/wp-content\/uploads\/2026\/03\/35.pdf\" target=\"_self\" data-type=\"url\">\n  \n  \n\t\n\n\n\n<div class=\"bde-text-100812-104-101158-35-100812-1 bde-text bde-text-100812-104\">\nV\u0161eobecn\u00e9 l\u00e9ka\u0159stv\u00ed a zubn\u00ed l\u00e9ka\u0159stv\u00ed\n<\/div>\n\n<\/a><\/article><article class=\"bde-loop-item ee-post bde-dynamic-repeater-item\"><a class=\"bde-container-link-100812-103-101158-36-100812-1 bde-container-link bde-container-link-100812-103 breakdance-link\" href=\"https:\/\/www.nau.gov.cz\/wp-content\/uploads\/2026\/03\/36.pdf\" target=\"_self\" data-type=\"url\">\n  \n  \n\t\n\n\n\n<div class=\"bde-text-100812-104-101158-36-100812-1 bde-text bde-text-100812-104\">\nZdravotnick\u00e9 obory\n<\/div>\n\n<\/a><\/article><article class=\"bde-loop-item ee-post bde-dynamic-repeater-item\"><a class=\"bde-container-link-100812-103-101158-37-100812-1 bde-container-link bde-container-link-100812-103 breakdance-link\" href=\"https:\/\/www.nau.gov.cz\/wp-content\/uploads\/2026\/03\/37.pdf\" target=\"_self\" data-type=\"url\">\n  \n  \n\t\n\n\n\n<div class=\"bde-text-100812-104-101158-37-100812-1 bde-text bde-text-100812-104\">\nZem\u011bd\u011blstv\u00ed\n<\/div>\n\n<\/a><\/article><\/div>\n<\/div><\/div>\n<\/section>","protected":false},"excerpt":{"rendered":"<p>Architektura a urbanismus Bezpe\u010dnostn\u00ed obory Biologie, ekologie a \u017eivotn\u00ed prost\u0159ed\u00ed Doprava Ekonomick\u00e9 obory Elektrotechnika Energetika Farmacie Filologie Filozofie, religionistika a teologie Fyzika Historick\u00e9 v\u011bdy Chemie Informatika Kybernetika Lesnictv\u00ed a d\u0159eva\u0159stv\u00ed Matematika Medi\u00e1ln\u00ed a komunika\u010dn\u00ed studia Neu\u010ditelsk\u00e1 pedagogika Politick\u00e9 v\u011bdy Potravin\u00e1\u0159stv\u00ed Pr\u00e1vo Psychologie Soci\u00e1ln\u00ed pr\u00e1ce Sociologie Stavebnictv\u00ed Stroj\u00edrenstv\u00ed, technologie a materi\u00e1ly T\u011blesn\u00e1 v\u00fdchova a sport T\u011b\u017eba [&hellip;]<\/p>\n","protected":false},"author":1,"featured_media":0,"parent":100445,"menu_order":0,"comment_status":"closed","ping_status":"closed","template":"","meta":{"_acf_changed":false,"_breakdance_hide_in_design_set":false,"_breakdance_tags":"","footnotes":""},"class_list":["post-101158","page","type-page","status-publish","hentry"],"acf":[],"yoast_head":"<!-- This site is optimized with the Yoast SEO plugin v26.3 - https:\/\/yoast.com\/wordpress\/plugins\/seo\/ -->\n<title>V\u00fdpis ze\u00a0Seznamu hodnotitel\u016f - N\u00e1rodn\u00ed akredita\u010dn\u00ed \u00fa\u0159ad<\/title>\n<meta name=\"robots\" content=\"index, follow, max-snippet:-1, max-image-preview:large, max-video-preview:-1\" \/>\n<link rel=\"canonical\" href=\"https:\/\/www.nau.gov.cz\/organizacni-struktura\/seznam-hodnotitelu\/vypis-ze-seznamu-hodnotitelu\/\" \/>\n<meta property=\"og:locale\" content=\"cs_CZ\" \/>\n<meta property=\"og:type\" content=\"article\" \/>\n<meta property=\"og:title\" content=\"V\u00fdpis ze\u00a0Seznamu hodnotitel\u016f - N\u00e1rodn\u00ed akredita\u010dn\u00ed \u00fa\u0159ad\" \/>\n<meta property=\"og:description\" content=\"Architektura a urbanismus Bezpe\u010dnostn\u00ed obory Biologie, ekologie a \u017eivotn\u00ed prost\u0159ed\u00ed Doprava Ekonomick\u00e9 obory Elektrotechnika Energetika Farmacie Filologie Filozofie, religionistika a teologie Fyzika Historick\u00e9 v\u011bdy Chemie Informatika Kybernetika Lesnictv\u00ed a d\u0159eva\u0159stv\u00ed Matematika Medi\u00e1ln\u00ed a komunika\u010dn\u00ed studia Neu\u010ditelsk\u00e1 pedagogika Politick\u00e9 v\u011bdy Potravin\u00e1\u0159stv\u00ed Pr\u00e1vo Psychologie Soci\u00e1ln\u00ed pr\u00e1ce Sociologie Stavebnictv\u00ed Stroj\u00edrenstv\u00ed, technologie a materi\u00e1ly T\u011blesn\u00e1 v\u00fdchova a sport T\u011b\u017eba [&hellip;]\" \/>\n<meta property=\"og:url\" content=\"https:\/\/www.nau.gov.cz\/organizacni-struktura\/seznam-hodnotitelu\/vypis-ze-seznamu-hodnotitelu\/\" \/>\n<meta property=\"og:site_name\" content=\"N\u00e1rodn\u00ed akredita\u010dn\u00ed \u00fa\u0159ad\" \/>\n<meta property=\"article:modified_time\" content=\"2026-03-18T12:13:55+00:00\" \/>\n<meta name=\"twitter:card\" content=\"summary_large_image\" \/>\n<meta name=\"twitter:label1\" content=\"Odhadovan\u00e1 doba \u010dten\u00ed\" \/>\n\t<meta name=\"twitter:data1\" content=\"1 minuta\" \/>\n<script type=\"application\/ld+json\" class=\"yoast-schema-graph\">{\"@context\":\"https:\/\/schema.org\",\"@graph\":[{\"@type\":\"WebPage\",\"@id\":\"https:\/\/www.nau.gov.cz\/organizacni-struktura\/seznam-hodnotitelu\/vypis-ze-seznamu-hodnotitelu\/\",\"url\":\"https:\/\/www.nau.gov.cz\/organizacni-struktura\/seznam-hodnotitelu\/vypis-ze-seznamu-hodnotitelu\/\",\"name\":\"V\u00fdpis ze\u00a0Seznamu hodnotitel\u016f - N\u00e1rodn\u00ed akredita\u010dn\u00ed \u00fa\u0159ad\",\"isPartOf\":{\"@id\":\"https:\/\/www.nau.gov.cz\/#website\"},\"datePublished\":\"2025-11-25T15:34:23+00:00\",\"dateModified\":\"2026-03-18T12:13:55+00:00\",\"breadcrumb\":{\"@id\":\"https:\/\/www.nau.gov.cz\/organizacni-struktura\/seznam-hodnotitelu\/vypis-ze-seznamu-hodnotitelu\/#breadcrumb\"},\"inLanguage\":\"cs\",\"potentialAction\":[{\"@type\":\"ReadAction\",\"target\":[\"https:\/\/www.nau.gov.cz\/organizacni-struktura\/seznam-hodnotitelu\/vypis-ze-seznamu-hodnotitelu\/\"]}]},{\"@type\":\"BreadcrumbList\",\"@id\":\"https:\/\/www.nau.gov.cz\/organizacni-struktura\/seznam-hodnotitelu\/vypis-ze-seznamu-hodnotitelu\/#breadcrumb\",\"itemListElement\":[{\"@type\":\"ListItem\",\"position\":1,\"name\":\"Dom\u016f\",\"item\":\"https:\/\/www.nau.gov.cz\/\"},{\"@type\":\"ListItem\",\"position\":2,\"name\":\"Organiza\u010dn\u00ed struktura\",\"item\":\"https:\/\/www.nau.gov.cz\/organizacni-struktura\/\"},{\"@type\":\"ListItem\",\"position\":3,\"name\":\"Seznam hodnotitel\u016f\",\"item\":\"https:\/\/www.nau.gov.cz\/organizacni-struktura\/seznam-hodnotitelu\/\"},{\"@type\":\"ListItem\",\"position\":4,\"name\":\"V\u00fdpis ze\u00a0Seznamu hodnotitel\u016f\"}]},{\"@type\":\"WebSite\",\"@id\":\"https:\/\/www.nau.gov.cz\/#website\",\"url\":\"https:\/\/www.nau.gov.cz\/\",\"name\":\"N\u00e1rodn\u00ed akredita\u010dn\u00ed \u00fa\u0159ad\",\"description\":\"N\u00e1rodn\u00ed akredita\u010dn\u00ed \u00fa\u0159ad pro vysok\u00e9 \u0161kolstv\u00ed\",\"potentialAction\":[{\"@type\":\"SearchAction\",\"target\":{\"@type\":\"EntryPoint\",\"urlTemplate\":\"https:\/\/www.nau.gov.cz\/?s={search_term_string}\"},\"query-input\":{\"@type\":\"PropertyValueSpecification\",\"valueRequired\":true,\"valueName\":\"search_term_string\"}}],\"inLanguage\":\"cs\"}]}<\/script>\n<!-- \/ Yoast SEO plugin. -->","yoast_head_json":{"title":"V\u00fdpis ze\u00a0Seznamu hodnotitel\u016f - N\u00e1rodn\u00ed akredita\u010dn\u00ed \u00fa\u0159ad","robots":{"index":"index","follow":"follow","max-snippet":"max-snippet:-1","max-image-preview":"max-image-preview:large","max-video-preview":"max-video-preview:-1"},"canonical":"https:\/\/www.nau.gov.cz\/organizacni-struktura\/seznam-hodnotitelu\/vypis-ze-seznamu-hodnotitelu\/","og_locale":"cs_CZ","og_type":"article","og_title":"V\u00fdpis ze\u00a0Seznamu hodnotitel\u016f - N\u00e1rodn\u00ed akredita\u010dn\u00ed \u00fa\u0159ad","og_description":"Architektura a urbanismus Bezpe\u010dnostn\u00ed obory Biologie, ekologie a \u017eivotn\u00ed prost\u0159ed\u00ed Doprava Ekonomick\u00e9 obory Elektrotechnika Energetika Farmacie Filologie Filozofie, religionistika a teologie Fyzika Historick\u00e9 v\u011bdy Chemie Informatika Kybernetika Lesnictv\u00ed a d\u0159eva\u0159stv\u00ed Matematika Medi\u00e1ln\u00ed a komunika\u010dn\u00ed studia Neu\u010ditelsk\u00e1 pedagogika Politick\u00e9 v\u011bdy Potravin\u00e1\u0159stv\u00ed Pr\u00e1vo Psychologie Soci\u00e1ln\u00ed pr\u00e1ce Sociologie Stavebnictv\u00ed Stroj\u00edrenstv\u00ed, technologie a materi\u00e1ly T\u011blesn\u00e1 v\u00fdchova a sport T\u011b\u017eba [&hellip;]","og_url":"https:\/\/www.nau.gov.cz\/organizacni-struktura\/seznam-hodnotitelu\/vypis-ze-seznamu-hodnotitelu\/","og_site_name":"N\u00e1rodn\u00ed akredita\u010dn\u00ed \u00fa\u0159ad","article_modified_time":"2026-03-18T12:13:55+00:00","twitter_card":"summary_large_image","twitter_misc":{"Odhadovan\u00e1 doba \u010dten\u00ed":"1 minuta"},"schema":{"@context":"https:\/\/schema.org","@graph":[{"@type":"WebPage","@id":"https:\/\/www.nau.gov.cz\/organizacni-struktura\/seznam-hodnotitelu\/vypis-ze-seznamu-hodnotitelu\/","url":"https:\/\/www.nau.gov.cz\/organizacni-struktura\/seznam-hodnotitelu\/vypis-ze-seznamu-hodnotitelu\/","name":"V\u00fdpis ze\u00a0Seznamu hodnotitel\u016f - N\u00e1rodn\u00ed akredita\u010dn\u00ed \u00fa\u0159ad","isPartOf":{"@id":"https:\/\/www.nau.gov.cz\/#website"},"datePublished":"2025-11-25T15:34:23+00:00","dateModified":"2026-03-18T12:13:55+00:00","breadcrumb":{"@id":"https:\/\/www.nau.gov.cz\/organizacni-struktura\/seznam-hodnotitelu\/vypis-ze-seznamu-hodnotitelu\/#breadcrumb"},"inLanguage":"cs","potentialAction":[{"@type":"ReadAction","target":["https:\/\/www.nau.gov.cz\/organizacni-struktura\/seznam-hodnotitelu\/vypis-ze-seznamu-hodnotitelu\/"]}]},{"@type":"BreadcrumbList","@id":"https:\/\/www.nau.gov.cz\/organizacni-struktura\/seznam-hodnotitelu\/vypis-ze-seznamu-hodnotitelu\/#breadcrumb","itemListElement":[{"@type":"ListItem","position":1,"name":"Dom\u016f","item":"https:\/\/www.nau.gov.cz\/"},{"@type":"ListItem","position":2,"name":"Organiza\u010dn\u00ed struktura","item":"https:\/\/www.nau.gov.cz\/organizacni-struktura\/"},{"@type":"ListItem","position":3,"name":"Seznam hodnotitel\u016f","item":"https:\/\/www.nau.gov.cz\/organizacni-struktura\/seznam-hodnotitelu\/"},{"@type":"ListItem","position":4,"name":"V\u00fdpis ze\u00a0Seznamu hodnotitel\u016f"}]},{"@type":"WebSite","@id":"https:\/\/www.nau.gov.cz\/#website","url":"https:\/\/www.nau.gov.cz\/","name":"N\u00e1rodn\u00ed akredita\u010dn\u00ed \u00fa\u0159ad","description":"N\u00e1rodn\u00ed akredita\u010dn\u00ed \u00fa\u0159ad pro vysok\u00e9 \u0161kolstv\u00ed","potentialAction":[{"@type":"SearchAction","target":{"@type":"EntryPoint","urlTemplate":"https:\/\/www.nau.gov.cz\/?s={search_term_string}"},"query-input":{"@type":"PropertyValueSpecification","valueRequired":true,"valueName":"search_term_string"}}],"inLanguage":"cs"}]}},"_links":{"self":[{"href":"https:\/\/www.nau.gov.cz\/wp-json\/wp\/v2\/pages\/101158","targetHints":{"allow":["GET"]}}],"collection":[{"href":"https:\/\/www.nau.gov.cz\/wp-json\/wp\/v2\/pages"}],"about":[{"href":"https:\/\/www.nau.gov.cz\/wp-json\/wp\/v2\/types\/page"}],"author":[{"embeddable":true,"href":"https:\/\/www.nau.gov.cz\/wp-json\/wp\/v2\/users\/1"}],"replies":[{"embeddable":true,"href":"https:\/\/www.nau.gov.cz\/wp-json\/wp\/v2\/comments?post=101158"}],"version-history":[{"count":9,"href":"https:\/\/www.nau.gov.cz\/wp-json\/wp\/v2\/pages\/101158\/revisions"}],"predecessor-version":[{"id":102005,"href":"https:\/\/www.nau.gov.cz\/wp-json\/wp\/v2\/pages\/101158\/revisions\/102005"}],"up":[{"embeddable":true,"href":"https:\/\/www.nau.gov.cz\/wp-json\/wp\/v2\/pages\/100445"}],"wp:attachment":[{"href":"https:\/\/www.nau.gov.cz\/wp-json\/wp\/v2\/media?parent=101158"}],"curies":[{"name":"wp","href":"https:\/\/api.w.org\/{rel}","templated":true}]}}