{"id":101455,"date":"2025-11-26T00:20:15","date_gmt":"2025-11-25T23:20:15","guid":{"rendered":"https:\/\/www.nau.gov.cz\/?page_id=101455"},"modified":"2026-02-16T02:34:09","modified_gmt":"2026-02-16T01:34:09","slug":"zapisy-ze-zasedani-rady-nau","status":"publish","type":"page","link":"https:\/\/www.nau.gov.cz\/vystupy-z-cinnosti\/zapisy-ze-zasedani-rady-nau\/","title":{"rendered":"Z\u00e1pisy ze zased\u00e1n\u00ed Rady NA\u00da"},"content":{"rendered":"<section class=\"bde-section-101455-100 bde-section\">\n  \n  \n\t\n\n\n\n<div class=\"section-container\"><div class=\"bde-post-loop-101455-101 bde-post-loop\">\n<div class=\"bde-loop bde-loop- ee-posts ee-posts-\">    <article class=\"bde-loop-item ee-post\">\n    <a class=\"bde-container-link-100530-102-101859-100530-1 bde-container-link bde-container-link-100530-102 breakdance-link\" href=\"https:\/\/www.nau.gov.cz\/zapis-ze-zasedani-ra\/zapisy-ze-zasedani-rady-nautv-v-roce-2026\/\" target=\"_self\" data-type=\"url\">\n  \n  \n\t\n\n\n\n<div class=\"bde-div-100530-100-101859-100530-1 bde-div bde-div-100530-100\">\n  \n  \n\t\n\n\n\n<div class=\"bde-div-100530-104-101859-100530-1 bde-div bde-div-100530-104\">\n  \n  \n\t\n\n\n\n<h2 class=\"bde-heading-100530-101-101859-100530-1 bde-heading title bde-heading-100530-101\">\nZ\u00e1pisy ze zased\u00e1n\u00ed Rady NA\u00daTV v roce 2026\n<\/h2><div class=\"bde-icon-100530-105-101859-100530-1 bde-icon icon bde-icon-100530-105\">\n\n    \n            <div class=\"bde-icon-icon breakdance-icon-atom\" >\n    \n                    <svg xmlns=\"http:\/\/www.w3.org\/2000\/svg\" id=\"icon-arrow-up-right2\" viewBox=\"0 0 32 32\">\n<path d=\"M7.414 27.414l16.586-16.586v7.172c0 1.105 0.895 2 2 2s2-0.895 2-2v-12c0-0.809-0.487-1.538-1.235-1.848-0.248-0.103-0.508-0.151-0.765-0.151v-0.001h-12c-1.105 0-2 0.895-2 2s0.895 2 2 2h7.172l-16.586 16.586c-0.391 0.39-0.586 0.902-0.586 1.414s0.195 1.024 0.586 1.414c0.781 0.781 2.047 0.781 2.828 0z\"\/>\n<\/svg>\n        \n        \n        \n            <\/div>\n    \n\n\n<\/div>\n<\/div>\n<\/div>\n\n<\/a>    <\/article>\n        <article class=\"bde-loop-item ee-post\">\n    <a class=\"bde-container-link-100530-102-101417-100530-1 bde-container-link bde-container-link-100530-102 breakdance-link\" href=\"https:\/\/www.nau.gov.cz\/zapis-ze-zasedani-ra\/zapisy-ze-zasedani-rady-nautv-v-roce-2025\/\" target=\"_self\" data-type=\"url\">\n  \n  \n\t\n\n\n\n<div class=\"bde-div-100530-100-101417-100530-1 bde-div bde-div-100530-100\">\n  \n  \n\t\n\n\n\n<div class=\"bde-div-100530-104-101417-100530-1 bde-div bde-div-100530-104\">\n  \n  \n\t\n\n\n\n<h2 class=\"bde-heading-100530-101-101417-100530-1 bde-heading title bde-heading-100530-101\">\nZ\u00e1pisy ze zased\u00e1n\u00ed Rady NA\u00daTV v roce 2025\n<\/h2><div class=\"bde-icon-100530-105-101417-100530-1 bde-icon icon bde-icon-100530-105\">\n\n    \n            <div class=\"bde-icon-icon breakdance-icon-atom\" >\n    \n                    <svg xmlns=\"http:\/\/www.w3.org\/2000\/svg\" id=\"icon-arrow-up-right2\" viewBox=\"0 0 32 32\">\n<path d=\"M7.414 27.414l16.586-16.586v7.172c0 1.105 0.895 2 2 2s2-0.895 2-2v-12c0-0.809-0.487-1.538-1.235-1.848-0.248-0.103-0.508-0.151-0.765-0.151v-0.001h-12c-1.105 0-2 0.895-2 2s0.895 2 2 2h7.172l-16.586 16.586c-0.391 0.39-0.586 0.902-0.586 1.414s0.195 1.024 0.586 1.414c0.781 0.781 2.047 0.781 2.828 0z\"\/>\n<\/svg>\n        \n        \n        \n            <\/div>\n    \n\n\n<\/div>\n<\/div>\n<\/div>\n\n<\/a>    <\/article>\n        <article class=\"bde-loop-item ee-post\">\n    <a class=\"bde-container-link-100530-102-101411-100530-1 bde-container-link bde-container-link-100530-102 breakdance-link\" href=\"https:\/\/www.nau.gov.cz\/zapis-ze-zasedani-ra\/zapisy-ze-zasedani-rady-nau-v-roce-2025\/\" target=\"_self\" data-type=\"url\">\n  \n  \n\t\n\n\n\n<div class=\"bde-div-100530-100-101411-100530-1 bde-div bde-div-100530-100\">\n  \n  \n\t\n\n\n\n<div class=\"bde-div-100530-104-101411-100530-1 bde-div bde-div-100530-104\">\n  \n  \n\t\n\n\n\n<h2 class=\"bde-heading-100530-101-101411-100530-1 bde-heading title bde-heading-100530-101\">\nZ\u00e1pisy ze zased\u00e1n\u00ed Rady NA\u00da v roce 2025\n<\/h2><div class=\"bde-icon-100530-105-101411-100530-1 bde-icon icon bde-icon-100530-105\">\n\n    \n            <div class=\"bde-icon-icon breakdance-icon-atom\" >\n    \n                    <svg xmlns=\"http:\/\/www.w3.org\/2000\/svg\" id=\"icon-arrow-up-right2\" viewBox=\"0 0 32 32\">\n<path d=\"M7.414 27.414l16.586-16.586v7.172c0 1.105 0.895 2 2 2s2-0.895 2-2v-12c0-0.809-0.487-1.538-1.235-1.848-0.248-0.103-0.508-0.151-0.765-0.151v-0.001h-12c-1.105 0-2 0.895-2 2s0.895 2 2 2h7.172l-16.586 16.586c-0.391 0.39-0.586 0.902-0.586 1.414s0.195 1.024 0.586 1.414c0.781 0.781 2.047 0.781 2.828 0z\"\/>\n<\/svg>\n        \n        \n        \n            <\/div>\n    \n\n\n<\/div>\n<\/div>\n<\/div>\n\n<\/a>    <\/article>\n        <article class=\"bde-loop-item ee-post\">\n    <a class=\"bde-container-link-100530-102-101400-100530-1 bde-container-link bde-container-link-100530-102 breakdance-link\" href=\"https:\/\/www.nau.gov.cz\/zapis-ze-zasedani-ra\/zapisy-ze-zasedani-rady-nau-v-roce-2024\/\" target=\"_self\" data-type=\"url\">\n  \n  \n\t\n\n\n\n<div class=\"bde-div-100530-100-101400-100530-1 bde-div bde-div-100530-100\">\n  \n  \n\t\n\n\n\n<div class=\"bde-div-100530-104-101400-100530-1 bde-div bde-div-100530-104\">\n  \n  \n\t\n\n\n\n<h2 class=\"bde-heading-100530-101-101400-100530-1 bde-heading title bde-heading-100530-101\">\nZ\u00e1pisy ze zased\u00e1n\u00ed Rady NA\u00da v roce 2024\n<\/h2><div class=\"bde-icon-100530-105-101400-100530-1 bde-icon icon bde-icon-100530-105\">\n\n    \n            <div class=\"bde-icon-icon breakdance-icon-atom\" >\n    \n                    <svg xmlns=\"http:\/\/www.w3.org\/2000\/svg\" id=\"icon-arrow-up-right2\" viewBox=\"0 0 32 32\">\n<path d=\"M7.414 27.414l16.586-16.586v7.172c0 1.105 0.895 2 2 2s2-0.895 2-2v-12c0-0.809-0.487-1.538-1.235-1.848-0.248-0.103-0.508-0.151-0.765-0.151v-0.001h-12c-1.105 0-2 0.895-2 2s0.895 2 2 2h7.172l-16.586 16.586c-0.391 0.39-0.586 0.902-0.586 1.414s0.195 1.024 0.586 1.414c0.781 0.781 2.047 0.781 2.828 0z\"\/>\n<\/svg>\n        \n        \n        \n            <\/div>\n    \n\n\n<\/div>\n<\/div>\n<\/div>\n\n<\/a>    <\/article>\n        <article class=\"bde-loop-item ee-post\">\n    <a class=\"bde-container-link-100530-102-101390-100530-1 bde-container-link bde-container-link-100530-102 breakdance-link\" href=\"https:\/\/www.nau.gov.cz\/zapis-ze-zasedani-ra\/zapisy-ze-zasedani-rady-nau-v-roce-2023\/\" target=\"_self\" data-type=\"url\">\n  \n  \n\t\n\n\n\n<div class=\"bde-div-100530-100-101390-100530-1 bde-div bde-div-100530-100\">\n  \n  \n\t\n\n\n\n<div class=\"bde-div-100530-104-101390-100530-1 bde-div bde-div-100530-104\">\n  \n  \n\t\n\n\n\n<h2 class=\"bde-heading-100530-101-101390-100530-1 bde-heading title bde-heading-100530-101\">\nZ\u00e1pisy ze zased\u00e1n\u00ed Rady NA\u00da v roce 2023\n<\/h2><div class=\"bde-icon-100530-105-101390-100530-1 bde-icon icon bde-icon-100530-105\">\n\n    \n            <div class=\"bde-icon-icon breakdance-icon-atom\" >\n    \n                    <svg xmlns=\"http:\/\/www.w3.org\/2000\/svg\" id=\"icon-arrow-up-right2\" viewBox=\"0 0 32 32\">\n<path d=\"M7.414 27.414l16.586-16.586v7.172c0 1.105 0.895 2 2 2s2-0.895 2-2v-12c0-0.809-0.487-1.538-1.235-1.848-0.248-0.103-0.508-0.151-0.765-0.151v-0.001h-12c-1.105 0-2 0.895-2 2s0.895 2 2 2h7.172l-16.586 16.586c-0.391 0.39-0.586 0.902-0.586 1.414s0.195 1.024 0.586 1.414c0.781 0.781 2.047 0.781 2.828 0z\"\/>\n<\/svg>\n        \n        \n        \n            <\/div>\n    \n\n\n<\/div>\n<\/div>\n<\/div>\n\n<\/a>    <\/article>\n        <article class=\"bde-loop-item ee-post\">\n    <a class=\"bde-container-link-100530-102-101377-100530-1 bde-container-link bde-container-link-100530-102 breakdance-link\" href=\"https:\/\/www.nau.gov.cz\/zapis-ze-zasedani-ra\/zapisy-ze-zasedani-rady-nau-v-roce-2022\/\" target=\"_self\" data-type=\"url\">\n  \n  \n\t\n\n\n\n<div class=\"bde-div-100530-100-101377-100530-1 bde-div bde-div-100530-100\">\n  \n  \n\t\n\n\n\n<div class=\"bde-div-100530-104-101377-100530-1 bde-div bde-div-100530-104\">\n  \n  \n\t\n\n\n\n<h2 class=\"bde-heading-100530-101-101377-100530-1 bde-heading title bde-heading-100530-101\">\nZ\u00e1pisy ze zased\u00e1n\u00ed Rady NA\u00da v roce 2022\n<\/h2><div class=\"bde-icon-100530-105-101377-100530-1 bde-icon icon bde-icon-100530-105\">\n\n    \n            <div class=\"bde-icon-icon breakdance-icon-atom\" >\n    \n                    <svg xmlns=\"http:\/\/www.w3.org\/2000\/svg\" id=\"icon-arrow-up-right2\" viewBox=\"0 0 32 32\">\n<path d=\"M7.414 27.414l16.586-16.586v7.172c0 1.105 0.895 2 2 2s2-0.895 2-2v-12c0-0.809-0.487-1.538-1.235-1.848-0.248-0.103-0.508-0.151-0.765-0.151v-0.001h-12c-1.105 0-2 0.895-2 2s0.895 2 2 2h7.172l-16.586 16.586c-0.391 0.39-0.586 0.902-0.586 1.414s0.195 1.024 0.586 1.414c0.781 0.781 2.047 0.781 2.828 0z\"\/>\n<\/svg>\n        \n        \n        \n            <\/div>\n    \n\n\n<\/div>\n<\/div>\n<\/div>\n\n<\/a>    <\/article>\n        <article class=\"bde-loop-item ee-post\">\n    <a class=\"bde-container-link-100530-102-101365-100530-1 bde-container-link bde-container-link-100530-102 breakdance-link\" href=\"https:\/\/www.nau.gov.cz\/zapis-ze-zasedani-ra\/zapisy-ze-zasedani-rady-nau-v-roce-2021\/\" target=\"_self\" data-type=\"url\">\n  \n  \n\t\n\n\n\n<div class=\"bde-div-100530-100-101365-100530-1 bde-div bde-div-100530-100\">\n  \n  \n\t\n\n\n\n<div class=\"bde-div-100530-104-101365-100530-1 bde-div bde-div-100530-104\">\n  \n  \n\t\n\n\n\n<h2 class=\"bde-heading-100530-101-101365-100530-1 bde-heading title bde-heading-100530-101\">\nZ\u00e1pisy ze zased\u00e1n\u00ed Rady NA\u00da v roce 2021\n<\/h2><div class=\"bde-icon-100530-105-101365-100530-1 bde-icon icon bde-icon-100530-105\">\n\n    \n            <div class=\"bde-icon-icon breakdance-icon-atom\" >\n    \n                    <svg xmlns=\"http:\/\/www.w3.org\/2000\/svg\" id=\"icon-arrow-up-right2\" viewBox=\"0 0 32 32\">\n<path d=\"M7.414 27.414l16.586-16.586v7.172c0 1.105 0.895 2 2 2s2-0.895 2-2v-12c0-0.809-0.487-1.538-1.235-1.848-0.248-0.103-0.508-0.151-0.765-0.151v-0.001h-12c-1.105 0-2 0.895-2 2s0.895 2 2 2h7.172l-16.586 16.586c-0.391 0.39-0.586 0.902-0.586 1.414s0.195 1.024 0.586 1.414c0.781 0.781 2.047 0.781 2.828 0z\"\/>\n<\/svg>\n        \n        \n        \n            <\/div>\n    \n\n\n<\/div>\n<\/div>\n<\/div>\n\n<\/a>    <\/article>\n        <article class=\"bde-loop-item ee-post\">\n    <a class=\"bde-container-link-100530-102-101353-100530-1 bde-container-link bde-container-link-100530-102 breakdance-link\" href=\"https:\/\/www.nau.gov.cz\/zapis-ze-zasedani-ra\/zapisy-ze-zasedani-rady-nau-v-roce-2020\/\" target=\"_self\" data-type=\"url\">\n  \n  \n\t\n\n\n\n<div class=\"bde-div-100530-100-101353-100530-1 bde-div bde-div-100530-100\">\n  \n  \n\t\n\n\n\n<div class=\"bde-div-100530-104-101353-100530-1 bde-div bde-div-100530-104\">\n  \n  \n\t\n\n\n\n<h2 class=\"bde-heading-100530-101-101353-100530-1 bde-heading title bde-heading-100530-101\">\nZ\u00e1pisy ze zased\u00e1n\u00ed Rady NA\u00da v roce 2020\n<\/h2><div class=\"bde-icon-100530-105-101353-100530-1 bde-icon icon bde-icon-100530-105\">\n\n    \n            <div class=\"bde-icon-icon breakdance-icon-atom\" >\n    \n                    <svg xmlns=\"http:\/\/www.w3.org\/2000\/svg\" id=\"icon-arrow-up-right2\" viewBox=\"0 0 32 32\">\n<path d=\"M7.414 27.414l16.586-16.586v7.172c0 1.105 0.895 2 2 2s2-0.895 2-2v-12c0-0.809-0.487-1.538-1.235-1.848-0.248-0.103-0.508-0.151-0.765-0.151v-0.001h-12c-1.105 0-2 0.895-2 2s0.895 2 2 2h7.172l-16.586 16.586c-0.391 0.39-0.586 0.902-0.586 1.414s0.195 1.024 0.586 1.414c0.781 0.781 2.047 0.781 2.828 0z\"\/>\n<\/svg>\n        \n        \n        \n            <\/div>\n    \n\n\n<\/div>\n<\/div>\n<\/div>\n\n<\/a>    <\/article>\n        <article class=\"bde-loop-item ee-post\">\n    <a class=\"bde-container-link-100530-102-101340-100530-1 bde-container-link bde-container-link-100530-102 breakdance-link\" href=\"https:\/\/www.nau.gov.cz\/zapis-ze-zasedani-ra\/zapisy-ze-zasedani-rady-nau-v-roce-2019\/\" target=\"_self\" data-type=\"url\">\n  \n  \n\t\n\n\n\n<div class=\"bde-div-100530-100-101340-100530-1 bde-div bde-div-100530-100\">\n  \n  \n\t\n\n\n\n<div class=\"bde-div-100530-104-101340-100530-1 bde-div bde-div-100530-104\">\n  \n  \n\t\n\n\n\n<h2 class=\"bde-heading-100530-101-101340-100530-1 bde-heading title bde-heading-100530-101\">\nZ\u00e1pisy ze zased\u00e1n\u00ed Rady NA\u00da v roce 2019\n<\/h2><div class=\"bde-icon-100530-105-101340-100530-1 bde-icon icon bde-icon-100530-105\">\n\n    \n            <div class=\"bde-icon-icon breakdance-icon-atom\" >\n    \n                    <svg xmlns=\"http:\/\/www.w3.org\/2000\/svg\" id=\"icon-arrow-up-right2\" viewBox=\"0 0 32 32\">\n<path d=\"M7.414 27.414l16.586-16.586v7.172c0 1.105 0.895 2 2 2s2-0.895 2-2v-12c0-0.809-0.487-1.538-1.235-1.848-0.248-0.103-0.508-0.151-0.765-0.151v-0.001h-12c-1.105 0-2 0.895-2 2s0.895 2 2 2h7.172l-16.586 16.586c-0.391 0.39-0.586 0.902-0.586 1.414s0.195 1.024 0.586 1.414c0.781 0.781 2.047 0.781 2.828 0z\"\/>\n<\/svg>\n        \n        \n        \n            <\/div>\n    \n\n\n<\/div>\n<\/div>\n<\/div>\n\n<\/a>    <\/article>\n        <article class=\"bde-loop-item ee-post\">\n    <a class=\"bde-container-link-100530-102-101325-100530-1 bde-container-link bde-container-link-100530-102 breakdance-link\" href=\"https:\/\/www.nau.gov.cz\/zapis-ze-zasedani-ra\/zapisy-ze-zasedani-rady-nau-v-roce-2018\/\" target=\"_self\" data-type=\"url\">\n  \n  \n\t\n\n\n\n<div class=\"bde-div-100530-100-101325-100530-1 bde-div bde-div-100530-100\">\n  \n  \n\t\n\n\n\n<div class=\"bde-div-100530-104-101325-100530-1 bde-div bde-div-100530-104\">\n  \n  \n\t\n\n\n\n<h2 class=\"bde-heading-100530-101-101325-100530-1 bde-heading title bde-heading-100530-101\">\nZ\u00e1pisy ze zased\u00e1n\u00ed Rady NA\u00da v roce 2018\n<\/h2><div class=\"bde-icon-100530-105-101325-100530-1 bde-icon icon bde-icon-100530-105\">\n\n    \n            <div class=\"bde-icon-icon breakdance-icon-atom\" >\n    \n                    <svg xmlns=\"http:\/\/www.w3.org\/2000\/svg\" id=\"icon-arrow-up-right2\" viewBox=\"0 0 32 32\">\n<path d=\"M7.414 27.414l16.586-16.586v7.172c0 1.105 0.895 2 2 2s2-0.895 2-2v-12c0-0.809-0.487-1.538-1.235-1.848-0.248-0.103-0.508-0.151-0.765-0.151v-0.001h-12c-1.105 0-2 0.895-2 2s0.895 2 2 2h7.172l-16.586 16.586c-0.391 0.39-0.586 0.902-0.586 1.414s0.195 1.024 0.586 1.414c0.781 0.781 2.047 0.781 2.828 0z\"\/>\n<\/svg>\n        \n        \n        \n            <\/div>\n    \n\n\n<\/div>\n<\/div>\n<\/div>\n\n<\/a>    <\/article>\n        <article class=\"bde-loop-item ee-post\">\n    <a class=\"bde-container-link-100530-102-101312-100530-1 bde-container-link bde-container-link-100530-102 breakdance-link\" href=\"https:\/\/www.nau.gov.cz\/zapis-ze-zasedani-ra\/zapisy-ze-zasedani-rady-nau-v-roce-2017\/\" target=\"_self\" data-type=\"url\">\n  \n  \n\t\n\n\n\n<div class=\"bde-div-100530-100-101312-100530-1 bde-div bde-div-100530-100\">\n  \n  \n\t\n\n\n\n<div class=\"bde-div-100530-104-101312-100530-1 bde-div bde-div-100530-104\">\n  \n  \n\t\n\n\n\n<h2 class=\"bde-heading-100530-101-101312-100530-1 bde-heading title bde-heading-100530-101\">\nZ\u00e1pisy ze zased\u00e1n\u00ed Rady NA\u00da v roce 2017\n<\/h2><div class=\"bde-icon-100530-105-101312-100530-1 bde-icon icon bde-icon-100530-105\">\n\n    \n            <div class=\"bde-icon-icon breakdance-icon-atom\" >\n    \n                    <svg xmlns=\"http:\/\/www.w3.org\/2000\/svg\" id=\"icon-arrow-up-right2\" viewBox=\"0 0 32 32\">\n<path d=\"M7.414 27.414l16.586-16.586v7.172c0 1.105 0.895 2 2 2s2-0.895 2-2v-12c0-0.809-0.487-1.538-1.235-1.848-0.248-0.103-0.508-0.151-0.765-0.151v-0.001h-12c-1.105 0-2 0.895-2 2s0.895 2 2 2h7.172l-16.586 16.586c-0.391 0.39-0.586 0.902-0.586 1.414s0.195 1.024 0.586 1.414c0.781 0.781 2.047 0.781 2.828 0z\"\/>\n<\/svg>\n        \n        \n        \n            <\/div>\n    \n\n\n<\/div>\n<\/div>\n<\/div>\n\n<\/a>    <\/article>\n        <article class=\"bde-loop-item ee-post\">\n    <a class=\"bde-container-link-100530-102-101308-100530-1 bde-container-link bde-container-link-100530-102 breakdance-link\" href=\"https:\/\/www.nau.gov.cz\/zapis-ze-zasedani-ra\/zapisy-ze-zasedani-rady-nau-v-roce-2016\/\" target=\"_self\" data-type=\"url\">\n  \n  \n\t\n\n\n\n<div class=\"bde-div-100530-100-101308-100530-1 bde-div bde-div-100530-100\">\n  \n  \n\t\n\n\n\n<div class=\"bde-div-100530-104-101308-100530-1 bde-div bde-div-100530-104\">\n  \n  \n\t\n\n\n\n<h2 class=\"bde-heading-100530-101-101308-100530-1 bde-heading title bde-heading-100530-101\">\nZ\u00e1pisy ze zased\u00e1n\u00ed Rady NA\u00da v roce 2016\n<\/h2><div class=\"bde-icon-100530-105-101308-100530-1 bde-icon icon bde-icon-100530-105\">\n\n    \n            <div class=\"bde-icon-icon breakdance-icon-atom\" >\n    \n                    <svg xmlns=\"http:\/\/www.w3.org\/2000\/svg\" id=\"icon-arrow-up-right2\" viewBox=\"0 0 32 32\">\n<path d=\"M7.414 27.414l16.586-16.586v7.172c0 1.105 0.895 2 2 2s2-0.895 2-2v-12c0-0.809-0.487-1.538-1.235-1.848-0.248-0.103-0.508-0.151-0.765-0.151v-0.001h-12c-1.105 0-2 0.895-2 2s0.895 2 2 2h7.172l-16.586 16.586c-0.391 0.39-0.586 0.902-0.586 1.414s0.195 1.024 0.586 1.414c0.781 0.781 2.047 0.781 2.828 0z\"\/>\n<\/svg>\n        \n        \n        \n            <\/div>\n    \n\n\n<\/div>\n<\/div>\n<\/div>\n\n<\/a>    <\/article>\n    <\/div>\n\n<\/div><\/div>\n<\/section>","protected":false},"excerpt":{"rendered":"<p>Z\u00e1pisy ze zased\u00e1n\u00ed Rady NA\u00daTV v roce 2026 Z\u00e1pisy ze zased\u00e1n\u00ed Rady NA\u00daTV v roce 2025 Z\u00e1pisy ze zased\u00e1n\u00ed Rady NA\u00da v roce 2025 Z\u00e1pisy ze zased\u00e1n\u00ed Rady NA\u00da v roce 2024 Z\u00e1pisy ze zased\u00e1n\u00ed Rady NA\u00da v roce 2023 Z\u00e1pisy ze zased\u00e1n\u00ed Rady NA\u00da v roce 2022 Z\u00e1pisy ze zased\u00e1n\u00ed Rady NA\u00da v roce [&hellip;]<\/p>\n","protected":false},"author":1,"featured_media":0,"parent":100762,"menu_order":0,"comment_status":"closed","ping_status":"closed","template":"","meta":{"_acf_changed":false,"_breakdance_hide_in_design_set":false,"_breakdance_tags":"","footnotes":""},"class_list":["post-101455","page","type-page","status-publish","hentry"],"acf":[],"yoast_head":"<!-- This site is optimized with the Yoast SEO plugin v26.3 - https:\/\/yoast.com\/wordpress\/plugins\/seo\/ -->\n<title>Z\u00e1pisy ze zased\u00e1n\u00ed Rady NA\u00da - N\u00e1rodn\u00ed akredita\u010dn\u00ed \u00fa\u0159ad<\/title>\n<meta name=\"robots\" content=\"index, follow, max-snippet:-1, max-image-preview:large, max-video-preview:-1\" \/>\n<link rel=\"canonical\" href=\"https:\/\/www.nau.gov.cz\/vystupy-z-cinnosti\/zapisy-ze-zasedani-rady-nau\/\" \/>\n<meta property=\"og:locale\" content=\"cs_CZ\" \/>\n<meta property=\"og:type\" content=\"article\" \/>\n<meta property=\"og:title\" content=\"Z\u00e1pisy ze zased\u00e1n\u00ed Rady NA\u00da - N\u00e1rodn\u00ed akredita\u010dn\u00ed \u00fa\u0159ad\" \/>\n<meta property=\"og:description\" content=\"Z\u00e1pisy ze zased\u00e1n\u00ed Rady NA\u00daTV v roce 2026 Z\u00e1pisy ze zased\u00e1n\u00ed Rady NA\u00daTV v roce 2025 Z\u00e1pisy ze zased\u00e1n\u00ed Rady NA\u00da v roce 2025 Z\u00e1pisy ze zased\u00e1n\u00ed Rady NA\u00da v roce 2024 Z\u00e1pisy ze zased\u00e1n\u00ed Rady NA\u00da v roce 2023 Z\u00e1pisy ze zased\u00e1n\u00ed Rady NA\u00da v roce 2022 Z\u00e1pisy ze zased\u00e1n\u00ed Rady NA\u00da v roce [&hellip;]\" \/>\n<meta property=\"og:url\" content=\"https:\/\/www.nau.gov.cz\/vystupy-z-cinnosti\/zapisy-ze-zasedani-rady-nau\/\" \/>\n<meta property=\"og:site_name\" content=\"N\u00e1rodn\u00ed akredita\u010dn\u00ed \u00fa\u0159ad\" \/>\n<meta property=\"article:modified_time\" content=\"2026-02-16T01:34:09+00:00\" \/>\n<meta name=\"twitter:card\" content=\"summary_large_image\" \/>\n<meta name=\"twitter:label1\" content=\"Odhadovan\u00e1 doba \u010dten\u00ed\" \/>\n\t<meta name=\"twitter:data1\" content=\"1 minuta\" \/>\n<script type=\"application\/ld+json\" class=\"yoast-schema-graph\">{\"@context\":\"https:\/\/schema.org\",\"@graph\":[{\"@type\":\"WebPage\",\"@id\":\"https:\/\/www.nau.gov.cz\/vystupy-z-cinnosti\/zapisy-ze-zasedani-rady-nau\/\",\"url\":\"https:\/\/www.nau.gov.cz\/vystupy-z-cinnosti\/zapisy-ze-zasedani-rady-nau\/\",\"name\":\"Z\u00e1pisy ze zased\u00e1n\u00ed Rady NA\u00da - N\u00e1rodn\u00ed akredita\u010dn\u00ed \u00fa\u0159ad\",\"isPartOf\":{\"@id\":\"https:\/\/www.nau.gov.cz\/#website\"},\"datePublished\":\"2025-11-25T23:20:15+00:00\",\"dateModified\":\"2026-02-16T01:34:09+00:00\",\"breadcrumb\":{\"@id\":\"https:\/\/www.nau.gov.cz\/vystupy-z-cinnosti\/zapisy-ze-zasedani-rady-nau\/#breadcrumb\"},\"inLanguage\":\"cs\",\"potentialAction\":[{\"@type\":\"ReadAction\",\"target\":[\"https:\/\/www.nau.gov.cz\/vystupy-z-cinnosti\/zapisy-ze-zasedani-rady-nau\/\"]}]},{\"@type\":\"BreadcrumbList\",\"@id\":\"https:\/\/www.nau.gov.cz\/vystupy-z-cinnosti\/zapisy-ze-zasedani-rady-nau\/#breadcrumb\",\"itemListElement\":[{\"@type\":\"ListItem\",\"position\":1,\"name\":\"Dom\u016f\",\"item\":\"https:\/\/www.nau.gov.cz\/\"},{\"@type\":\"ListItem\",\"position\":2,\"name\":\"V\u00fdstupy z \u010dinnosti\",\"item\":\"https:\/\/www.nau.gov.cz\/vystupy-z-cinnosti\/\"},{\"@type\":\"ListItem\",\"position\":3,\"name\":\"Z\u00e1pisy ze zased\u00e1n\u00ed Rady NA\u00da\"}]},{\"@type\":\"WebSite\",\"@id\":\"https:\/\/www.nau.gov.cz\/#website\",\"url\":\"https:\/\/www.nau.gov.cz\/\",\"name\":\"N\u00e1rodn\u00ed akredita\u010dn\u00ed \u00fa\u0159ad\",\"description\":\"N\u00e1rodn\u00ed akredita\u010dn\u00ed \u00fa\u0159ad pro vysok\u00e9 \u0161kolstv\u00ed\",\"potentialAction\":[{\"@type\":\"SearchAction\",\"target\":{\"@type\":\"EntryPoint\",\"urlTemplate\":\"https:\/\/www.nau.gov.cz\/?s={search_term_string}\"},\"query-input\":{\"@type\":\"PropertyValueSpecification\",\"valueRequired\":true,\"valueName\":\"search_term_string\"}}],\"inLanguage\":\"cs\"}]}<\/script>\n<!-- \/ Yoast SEO plugin. -->","yoast_head_json":{"title":"Z\u00e1pisy ze zased\u00e1n\u00ed Rady NA\u00da - N\u00e1rodn\u00ed akredita\u010dn\u00ed \u00fa\u0159ad","robots":{"index":"index","follow":"follow","max-snippet":"max-snippet:-1","max-image-preview":"max-image-preview:large","max-video-preview":"max-video-preview:-1"},"canonical":"https:\/\/www.nau.gov.cz\/vystupy-z-cinnosti\/zapisy-ze-zasedani-rady-nau\/","og_locale":"cs_CZ","og_type":"article","og_title":"Z\u00e1pisy ze zased\u00e1n\u00ed Rady NA\u00da - N\u00e1rodn\u00ed akredita\u010dn\u00ed \u00fa\u0159ad","og_description":"Z\u00e1pisy ze zased\u00e1n\u00ed Rady NA\u00daTV v roce 2026 Z\u00e1pisy ze zased\u00e1n\u00ed Rady NA\u00daTV v roce 2025 Z\u00e1pisy ze zased\u00e1n\u00ed Rady NA\u00da v roce 2025 Z\u00e1pisy ze zased\u00e1n\u00ed Rady NA\u00da v roce 2024 Z\u00e1pisy ze zased\u00e1n\u00ed Rady NA\u00da v roce 2023 Z\u00e1pisy ze zased\u00e1n\u00ed Rady NA\u00da v roce 2022 Z\u00e1pisy ze zased\u00e1n\u00ed Rady NA\u00da v roce [&hellip;]","og_url":"https:\/\/www.nau.gov.cz\/vystupy-z-cinnosti\/zapisy-ze-zasedani-rady-nau\/","og_site_name":"N\u00e1rodn\u00ed akredita\u010dn\u00ed \u00fa\u0159ad","article_modified_time":"2026-02-16T01:34:09+00:00","twitter_card":"summary_large_image","twitter_misc":{"Odhadovan\u00e1 doba \u010dten\u00ed":"1 minuta"},"schema":{"@context":"https:\/\/schema.org","@graph":[{"@type":"WebPage","@id":"https:\/\/www.nau.gov.cz\/vystupy-z-cinnosti\/zapisy-ze-zasedani-rady-nau\/","url":"https:\/\/www.nau.gov.cz\/vystupy-z-cinnosti\/zapisy-ze-zasedani-rady-nau\/","name":"Z\u00e1pisy ze zased\u00e1n\u00ed Rady NA\u00da - N\u00e1rodn\u00ed akredita\u010dn\u00ed \u00fa\u0159ad","isPartOf":{"@id":"https:\/\/www.nau.gov.cz\/#website"},"datePublished":"2025-11-25T23:20:15+00:00","dateModified":"2026-02-16T01:34:09+00:00","breadcrumb":{"@id":"https:\/\/www.nau.gov.cz\/vystupy-z-cinnosti\/zapisy-ze-zasedani-rady-nau\/#breadcrumb"},"inLanguage":"cs","potentialAction":[{"@type":"ReadAction","target":["https:\/\/www.nau.gov.cz\/vystupy-z-cinnosti\/zapisy-ze-zasedani-rady-nau\/"]}]},{"@type":"BreadcrumbList","@id":"https:\/\/www.nau.gov.cz\/vystupy-z-cinnosti\/zapisy-ze-zasedani-rady-nau\/#breadcrumb","itemListElement":[{"@type":"ListItem","position":1,"name":"Dom\u016f","item":"https:\/\/www.nau.gov.cz\/"},{"@type":"ListItem","position":2,"name":"V\u00fdstupy z \u010dinnosti","item":"https:\/\/www.nau.gov.cz\/vystupy-z-cinnosti\/"},{"@type":"ListItem","position":3,"name":"Z\u00e1pisy ze zased\u00e1n\u00ed Rady NA\u00da"}]},{"@type":"WebSite","@id":"https:\/\/www.nau.gov.cz\/#website","url":"https:\/\/www.nau.gov.cz\/","name":"N\u00e1rodn\u00ed akredita\u010dn\u00ed \u00fa\u0159ad","description":"N\u00e1rodn\u00ed akredita\u010dn\u00ed \u00fa\u0159ad pro vysok\u00e9 \u0161kolstv\u00ed","potentialAction":[{"@type":"SearchAction","target":{"@type":"EntryPoint","urlTemplate":"https:\/\/www.nau.gov.cz\/?s={search_term_string}"},"query-input":{"@type":"PropertyValueSpecification","valueRequired":true,"valueName":"search_term_string"}}],"inLanguage":"cs"}]}},"_links":{"self":[{"href":"https:\/\/www.nau.gov.cz\/wp-json\/wp\/v2\/pages\/101455","targetHints":{"allow":["GET"]}}],"collection":[{"href":"https:\/\/www.nau.gov.cz\/wp-json\/wp\/v2\/pages"}],"about":[{"href":"https:\/\/www.nau.gov.cz\/wp-json\/wp\/v2\/types\/page"}],"author":[{"embeddable":true,"href":"https:\/\/www.nau.gov.cz\/wp-json\/wp\/v2\/users\/1"}],"replies":[{"embeddable":true,"href":"https:\/\/www.nau.gov.cz\/wp-json\/wp\/v2\/comments?post=101455"}],"version-history":[{"count":5,"href":"https:\/\/www.nau.gov.cz\/wp-json\/wp\/v2\/pages\/101455\/revisions"}],"predecessor-version":[{"id":101842,"href":"https:\/\/www.nau.gov.cz\/wp-json\/wp\/v2\/pages\/101455\/revisions\/101842"}],"up":[{"embeddable":true,"href":"https:\/\/www.nau.gov.cz\/wp-json\/wp\/v2\/pages\/100762"}],"wp:attachment":[{"href":"https:\/\/www.nau.gov.cz\/wp-json\/wp\/v2\/media?parent=101455"}],"curies":[{"name":"wp","href":"https:\/\/api.w.org\/{rel}","templated":true}]}}