{"id":101766,"date":"2026-02-03T15:04:00","date_gmt":"2026-02-03T14:04:00","guid":{"rendered":"https:\/\/www.nau.gov.cz\/?page_id=101766"},"modified":"2026-02-16T02:11:06","modified_gmt":"2026-02-16T01:11:06","slug":"uredni-deska","status":"publish","type":"page","link":"https:\/\/www.nau.gov.cz\/uredni-deska\/","title":{"rendered":"\u00da\u0159edn\u00ed deska"},"content":{"rendered":"\n<ul class=\"wp-block-list\">\n<li><a href=\"https:\/\/www.nau.gov.cz\/index.php\/uredni-deska\/poskytnute-informace-podle-zakona-c-106-1999-sb\/\">Poskytnut\u00e9 informace podle \u00a7 5 odst. 3 z\u00e1kona \u010d. 106\/1999 Sb.<\/a><\/li>\n\n\n\n<li><a href=\"https:\/\/www.nau.gov.cz\/index.php\/uredni-deska\/provoz-podatelny-a-podminky-prijimani-dokumentu\/\">Provoz podatelny a podm\u00ednky p\u0159ij\u00edm\u00e1n\u00ed dokument\u016f<\/a><\/li>\n\n\n\n<li><a href=\"https:\/\/www.nau.gov.cz\/index.php\/uredni-deska\/informace-o-ochrane-osobnich-udaju\/\">Informace o ochran\u011b osobn\u00edch \u00fadaj\u016f<\/a><\/li>\n\n\n\n<li><a href=\"https:\/\/www.nau.gov.cz\/index.php\/uredni-deska\/prehled-povinne-zverejnovanych-informaci-dle-zakona-c-106-1999-sb\/\">P\u0159ehled povinn\u011b zve\u0159ej\u0148ovan\u00fdch informac\u00ed dle z\u00e1kona \u010d. 106\/1999 Sb.<\/a><\/li>\n<\/ul>\n","protected":false},"excerpt":{"rendered":"","protected":false},"author":1,"featured_media":0,"parent":0,"menu_order":0,"comment_status":"closed","ping_status":"closed","template":"","meta":{"_acf_changed":false,"_breakdance_hide_in_design_set":false,"_breakdance_tags":"","footnotes":""},"class_list":["post-101766","page","type-page","status-publish","hentry"],"acf":[],"yoast_head":"<!-- This site is optimized with the Yoast SEO plugin v26.3 - https:\/\/yoast.com\/wordpress\/plugins\/seo\/ -->\n<title>\u00da\u0159edn\u00ed deska - N\u00e1rodn\u00ed akredita\u010dn\u00ed \u00fa\u0159ad<\/title>\n<meta name=\"robots\" content=\"index, follow, max-snippet:-1, max-image-preview:large, max-video-preview:-1\" \/>\n<link rel=\"canonical\" href=\"https:\/\/www.nau.gov.cz\/uredni-deska\/\" \/>\n<meta property=\"og:locale\" content=\"cs_CZ\" \/>\n<meta property=\"og:type\" content=\"article\" \/>\n<meta property=\"og:title\" content=\"\u00da\u0159edn\u00ed deska - N\u00e1rodn\u00ed akredita\u010dn\u00ed \u00fa\u0159ad\" \/>\n<meta property=\"og:url\" content=\"https:\/\/www.nau.gov.cz\/uredni-deska\/\" \/>\n<meta property=\"og:site_name\" content=\"N\u00e1rodn\u00ed akredita\u010dn\u00ed \u00fa\u0159ad\" \/>\n<meta property=\"article:modified_time\" content=\"2026-02-16T01:11:06+00:00\" \/>\n<meta name=\"twitter:card\" content=\"summary_large_image\" \/>\n<meta name=\"twitter:label1\" content=\"Odhadovan\u00e1 doba \u010dten\u00ed\" \/>\n\t<meta name=\"twitter:data1\" content=\"1 minuta\" \/>\n<script type=\"application\/ld+json\" class=\"yoast-schema-graph\">{\"@context\":\"https:\/\/schema.org\",\"@graph\":[{\"@type\":\"WebPage\",\"@id\":\"https:\/\/www.nau.gov.cz\/uredni-deska\/\",\"url\":\"https:\/\/www.nau.gov.cz\/uredni-deska\/\",\"name\":\"\u00da\u0159edn\u00ed deska - N\u00e1rodn\u00ed akredita\u010dn\u00ed \u00fa\u0159ad\",\"isPartOf\":{\"@id\":\"https:\/\/www.nau.gov.cz\/#website\"},\"datePublished\":\"2026-02-03T14:04:00+00:00\",\"dateModified\":\"2026-02-16T01:11:06+00:00\",\"breadcrumb\":{\"@id\":\"https:\/\/www.nau.gov.cz\/uredni-deska\/#breadcrumb\"},\"inLanguage\":\"cs\",\"potentialAction\":[{\"@type\":\"ReadAction\",\"target\":[\"https:\/\/www.nau.gov.cz\/uredni-deska\/\"]}]},{\"@type\":\"BreadcrumbList\",\"@id\":\"https:\/\/www.nau.gov.cz\/uredni-deska\/#breadcrumb\",\"itemListElement\":[{\"@type\":\"ListItem\",\"position\":1,\"name\":\"Dom\u016f\",\"item\":\"https:\/\/www.nau.gov.cz\/\"},{\"@type\":\"ListItem\",\"position\":2,\"name\":\"\u00da\u0159edn\u00ed deska\"}]},{\"@type\":\"WebSite\",\"@id\":\"https:\/\/www.nau.gov.cz\/#website\",\"url\":\"https:\/\/www.nau.gov.cz\/\",\"name\":\"N\u00e1rodn\u00ed akredita\u010dn\u00ed \u00fa\u0159ad\",\"description\":\"N\u00e1rodn\u00ed akredita\u010dn\u00ed \u00fa\u0159ad pro vysok\u00e9 \u0161kolstv\u00ed\",\"potentialAction\":[{\"@type\":\"SearchAction\",\"target\":{\"@type\":\"EntryPoint\",\"urlTemplate\":\"https:\/\/www.nau.gov.cz\/?s={search_term_string}\"},\"query-input\":{\"@type\":\"PropertyValueSpecification\",\"valueRequired\":true,\"valueName\":\"search_term_string\"}}],\"inLanguage\":\"cs\"}]}<\/script>\n<!-- \/ Yoast SEO plugin. -->","yoast_head_json":{"title":"\u00da\u0159edn\u00ed deska - N\u00e1rodn\u00ed akredita\u010dn\u00ed \u00fa\u0159ad","robots":{"index":"index","follow":"follow","max-snippet":"max-snippet:-1","max-image-preview":"max-image-preview:large","max-video-preview":"max-video-preview:-1"},"canonical":"https:\/\/www.nau.gov.cz\/uredni-deska\/","og_locale":"cs_CZ","og_type":"article","og_title":"\u00da\u0159edn\u00ed deska - N\u00e1rodn\u00ed akredita\u010dn\u00ed \u00fa\u0159ad","og_url":"https:\/\/www.nau.gov.cz\/uredni-deska\/","og_site_name":"N\u00e1rodn\u00ed akredita\u010dn\u00ed \u00fa\u0159ad","article_modified_time":"2026-02-16T01:11:06+00:00","twitter_card":"summary_large_image","twitter_misc":{"Odhadovan\u00e1 doba \u010dten\u00ed":"1 minuta"},"schema":{"@context":"https:\/\/schema.org","@graph":[{"@type":"WebPage","@id":"https:\/\/www.nau.gov.cz\/uredni-deska\/","url":"https:\/\/www.nau.gov.cz\/uredni-deska\/","name":"\u00da\u0159edn\u00ed deska - N\u00e1rodn\u00ed akredita\u010dn\u00ed \u00fa\u0159ad","isPartOf":{"@id":"https:\/\/www.nau.gov.cz\/#website"},"datePublished":"2026-02-03T14:04:00+00:00","dateModified":"2026-02-16T01:11:06+00:00","breadcrumb":{"@id":"https:\/\/www.nau.gov.cz\/uredni-deska\/#breadcrumb"},"inLanguage":"cs","potentialAction":[{"@type":"ReadAction","target":["https:\/\/www.nau.gov.cz\/uredni-deska\/"]}]},{"@type":"BreadcrumbList","@id":"https:\/\/www.nau.gov.cz\/uredni-deska\/#breadcrumb","itemListElement":[{"@type":"ListItem","position":1,"name":"Dom\u016f","item":"https:\/\/www.nau.gov.cz\/"},{"@type":"ListItem","position":2,"name":"\u00da\u0159edn\u00ed deska"}]},{"@type":"WebSite","@id":"https:\/\/www.nau.gov.cz\/#website","url":"https:\/\/www.nau.gov.cz\/","name":"N\u00e1rodn\u00ed akredita\u010dn\u00ed \u00fa\u0159ad","description":"N\u00e1rodn\u00ed akredita\u010dn\u00ed \u00fa\u0159ad pro vysok\u00e9 \u0161kolstv\u00ed","potentialAction":[{"@type":"SearchAction","target":{"@type":"EntryPoint","urlTemplate":"https:\/\/www.nau.gov.cz\/?s={search_term_string}"},"query-input":{"@type":"PropertyValueSpecification","valueRequired":true,"valueName":"search_term_string"}}],"inLanguage":"cs"}]}},"_links":{"self":[{"href":"https:\/\/www.nau.gov.cz\/wp-json\/wp\/v2\/pages\/101766","targetHints":{"allow":["GET"]}}],"collection":[{"href":"https:\/\/www.nau.gov.cz\/wp-json\/wp\/v2\/pages"}],"about":[{"href":"https:\/\/www.nau.gov.cz\/wp-json\/wp\/v2\/types\/page"}],"author":[{"embeddable":true,"href":"https:\/\/www.nau.gov.cz\/wp-json\/wp\/v2\/users\/1"}],"replies":[{"embeddable":true,"href":"https:\/\/www.nau.gov.cz\/wp-json\/wp\/v2\/comments?post=101766"}],"version-history":[{"count":7,"href":"https:\/\/www.nau.gov.cz\/wp-json\/wp\/v2\/pages\/101766\/revisions"}],"predecessor-version":[{"id":101834,"href":"https:\/\/www.nau.gov.cz\/wp-json\/wp\/v2\/pages\/101766\/revisions\/101834"}],"wp:attachment":[{"href":"https:\/\/www.nau.gov.cz\/wp-json\/wp\/v2\/media?parent=101766"}],"curies":[{"name":"wp","href":"https:\/\/api.w.org\/{rel}","templated":true}]}}