{"id":101778,"date":"2026-02-04T04:17:15","date_gmt":"2026-02-04T03:17:15","guid":{"rendered":"https:\/\/www.nau.gov.cz\/?page_id=101778"},"modified":"2026-02-25T10:51:43","modified_gmt":"2026-02-25T09:51:43","slug":"dalsi-dokumenty","status":"publish","type":"page","link":"https:\/\/www.nau.gov.cz\/organizacni-struktura\/dalsi-dokumenty\/","title":{"rendered":"Dal\u0161\u00ed dokumenty"},"content":{"rendered":"<section class=\"bde-section-101778-100 bde-section\">\n  \n  \n\t\n\n\n\n<div class=\"section-container\"><div class=\"bde-rich-text-101778-101 bde-rich-text breakdance-rich-text-styles\">\n<ul>\n<li>\n<h3><strong>Informace k nahl\u00ed\u017een\u00ed do spisu<\/strong><\/h3>\n<\/li>\n<\/ul>\n<p>\u00da\u010dastn\u00edci \u0159\u00edzen\u00ed a jejich z\u00e1stupci maj\u00ed dle \u00a7 38 odst. 1 spr\u00e1vn\u00edho \u0159\u00e1du pr\u00e1vo nahl\u00ed\u017eet do spisu. Nahl\u00ed\u017een\u00ed jin\u00fdch osob ne\u017e v\u00fd\u0161e uveden\u00fdch upravuje \u00a7 38 odst. 2 spr\u00e1vn\u00edho \u0159\u00e1du. O nahl\u00ed\u017een\u00ed do spisu je v\u017edy t\u0159eba po\u017e\u00e1dat p\u0159edem. Konkr\u00e9tn\u00ed term\u00edn k nahl\u00ed\u017een\u00ed do spisu je stanoven pov\u011b\u0159enou osobou po p\u0159edchoz\u00ed domluv\u011b. O ka\u017ed\u00e9m nahl\u00ed\u017een\u00ed do spisu mus\u00ed b\u00fdt po\u0159\u00edzen p\u00edsemn\u00fd protokol. V protokolu se zaznamen\u00e1 pr\u016fb\u011bh nahl\u00ed\u017een\u00ed a dal\u0161\u00ed podstatn\u00e9 skute\u010dnosti.<\/p>\n<p>\u00a0<\/p>\n<ul>\n<li>\n<h3><strong><a href=\"https:\/\/www.nau.gov.cz\/wp-content\/uploads\/2025\/11\/Ramcovy-postup-pro-vyrizovani-stiznosti-a-podnetu_NAUTV_2026.pdf\" target=\"_blank\" rel=\"noopener noreferrer\">\u0158e\u0161en\u00ed doru\u010den\u00fdch podn\u011bt\u016f a st\u00ed\u017enost\u00ed k \u010dinnosti vysok\u00fdch \u0161kol<\/a><\/strong><\/h3>\n<\/li>\n<\/ul>\n<p>NA\u00da uplat\u0148uje p\u0159i \u0159e\u0161en\u00ed doru\u010den\u00fdch podn\u011bt\u016f a st\u00ed\u017enost\u00ed k \u010dinnosti vysok\u00fdch \u0161kol n\u00e1sleduj\u00edc\u00ed r\u00e1mcov\u00fd postup. NA\u00da je p\u0159\u00edslu\u0161n\u00fd zab\u00fdvat se ot\u00e1zkami spojen\u00fdmi s pln\u011bn\u00edm z\u00e1kona o vysok\u00fdch \u0161kol\u00e1ch, na\u0159\u00edzen\u00ed vl\u00e1dy o standardech pro akreditace a dal\u0161\u00edch pr\u00e1vn\u00edch p\u0159edpis\u016f v souvislosti s uskute\u010d\u0148ov\u00e1n\u00edm vzd\u011bl\u00e1v\u00e1n\u00ed \u010dinnosti. Nen\u00ed v\u0161ak opr\u00e1vn\u011bn vstupovat do vztah\u016f mezi vysokou \u0161kolou a studentem \u010di \u0159e\u0161it pr\u016fb\u011bh studia jednotliv\u00fdch student\u016f, ani nen\u00ed odvolac\u00edm org\u00e1nem \u010di nad\u0159\u00edzen\u00fdm org\u00e1nem v\u016f\u010di vysok\u00fdm \u0161kol\u00e1m.<\/p>\n<\/div><\/div>\n<\/section>","protected":false},"excerpt":{"rendered":"<p>Informace k nahl\u00ed\u017een\u00ed do spisu \u00da\u010dastn\u00edci \u0159\u00edzen\u00ed a jejich z\u00e1stupci maj\u00ed dle \u00a7 38 odst. 1 spr\u00e1vn\u00edho \u0159\u00e1du pr\u00e1vo nahl\u00ed\u017eet do spisu. Nahl\u00ed\u017een\u00ed jin\u00fdch osob ne\u017e v\u00fd\u0161e uveden\u00fdch upravuje \u00a7 38 odst. 2 spr\u00e1vn\u00edho \u0159\u00e1du. O nahl\u00ed\u017een\u00ed do spisu je v\u017edy t\u0159eba po\u017e\u00e1dat p\u0159edem. Konkr\u00e9tn\u00ed term\u00edn k nahl\u00ed\u017een\u00ed do spisu je stanoven pov\u011b\u0159enou osobou po [&hellip;]<\/p>\n","protected":false},"author":1,"featured_media":0,"parent":100729,"menu_order":0,"comment_status":"closed","ping_status":"closed","template":"","meta":{"_acf_changed":false,"_breakdance_hide_in_design_set":false,"_breakdance_tags":"","footnotes":""},"class_list":["post-101778","page","type-page","status-publish","hentry"],"acf":[],"yoast_head":"<!-- This site is optimized with the Yoast SEO plugin v26.3 - https:\/\/yoast.com\/wordpress\/plugins\/seo\/ -->\n<title>Dal\u0161\u00ed dokumenty - N\u00e1rodn\u00ed akredita\u010dn\u00ed \u00fa\u0159ad<\/title>\n<meta name=\"robots\" content=\"index, follow, max-snippet:-1, max-image-preview:large, max-video-preview:-1\" \/>\n<link rel=\"canonical\" href=\"https:\/\/www.nau.gov.cz\/organizacni-struktura\/dalsi-dokumenty\/\" \/>\n<meta property=\"og:locale\" content=\"cs_CZ\" \/>\n<meta property=\"og:type\" content=\"article\" \/>\n<meta property=\"og:title\" content=\"Dal\u0161\u00ed dokumenty - N\u00e1rodn\u00ed akredita\u010dn\u00ed \u00fa\u0159ad\" \/>\n<meta property=\"og:description\" content=\"Informace k nahl\u00ed\u017een\u00ed do spisu \u00da\u010dastn\u00edci \u0159\u00edzen\u00ed a jejich z\u00e1stupci maj\u00ed dle \u00a7 38 odst. 1 spr\u00e1vn\u00edho \u0159\u00e1du pr\u00e1vo nahl\u00ed\u017eet do spisu. Nahl\u00ed\u017een\u00ed jin\u00fdch osob ne\u017e v\u00fd\u0161e uveden\u00fdch upravuje \u00a7 38 odst. 2 spr\u00e1vn\u00edho \u0159\u00e1du. O nahl\u00ed\u017een\u00ed do spisu je v\u017edy t\u0159eba po\u017e\u00e1dat p\u0159edem. Konkr\u00e9tn\u00ed term\u00edn k nahl\u00ed\u017een\u00ed do spisu je stanoven pov\u011b\u0159enou osobou po [&hellip;]\" \/>\n<meta property=\"og:url\" content=\"https:\/\/www.nau.gov.cz\/organizacni-struktura\/dalsi-dokumenty\/\" \/>\n<meta property=\"og:site_name\" content=\"N\u00e1rodn\u00ed akredita\u010dn\u00ed \u00fa\u0159ad\" \/>\n<meta property=\"article:modified_time\" content=\"2026-02-25T09:51:43+00:00\" \/>\n<meta name=\"twitter:card\" content=\"summary_large_image\" \/>\n<meta name=\"twitter:label1\" content=\"Odhadovan\u00e1 doba \u010dten\u00ed\" \/>\n\t<meta name=\"twitter:data1\" content=\"1 minuta\" \/>\n<script type=\"application\/ld+json\" class=\"yoast-schema-graph\">{\"@context\":\"https:\/\/schema.org\",\"@graph\":[{\"@type\":\"WebPage\",\"@id\":\"https:\/\/www.nau.gov.cz\/organizacni-struktura\/dalsi-dokumenty\/\",\"url\":\"https:\/\/www.nau.gov.cz\/organizacni-struktura\/dalsi-dokumenty\/\",\"name\":\"Dal\u0161\u00ed dokumenty - N\u00e1rodn\u00ed akredita\u010dn\u00ed \u00fa\u0159ad\",\"isPartOf\":{\"@id\":\"https:\/\/www.nau.gov.cz\/#website\"},\"datePublished\":\"2026-02-04T03:17:15+00:00\",\"dateModified\":\"2026-02-25T09:51:43+00:00\",\"breadcrumb\":{\"@id\":\"https:\/\/www.nau.gov.cz\/organizacni-struktura\/dalsi-dokumenty\/#breadcrumb\"},\"inLanguage\":\"cs\",\"potentialAction\":[{\"@type\":\"ReadAction\",\"target\":[\"https:\/\/www.nau.gov.cz\/organizacni-struktura\/dalsi-dokumenty\/\"]}]},{\"@type\":\"BreadcrumbList\",\"@id\":\"https:\/\/www.nau.gov.cz\/organizacni-struktura\/dalsi-dokumenty\/#breadcrumb\",\"itemListElement\":[{\"@type\":\"ListItem\",\"position\":1,\"name\":\"Dom\u016f\",\"item\":\"https:\/\/www.nau.gov.cz\/\"},{\"@type\":\"ListItem\",\"position\":2,\"name\":\"Organiza\u010dn\u00ed struktura\",\"item\":\"https:\/\/www.nau.gov.cz\/organizacni-struktura\/\"},{\"@type\":\"ListItem\",\"position\":3,\"name\":\"Dal\u0161\u00ed dokumenty\"}]},{\"@type\":\"WebSite\",\"@id\":\"https:\/\/www.nau.gov.cz\/#website\",\"url\":\"https:\/\/www.nau.gov.cz\/\",\"name\":\"N\u00e1rodn\u00ed akredita\u010dn\u00ed \u00fa\u0159ad\",\"description\":\"N\u00e1rodn\u00ed akredita\u010dn\u00ed \u00fa\u0159ad pro vysok\u00e9 \u0161kolstv\u00ed\",\"potentialAction\":[{\"@type\":\"SearchAction\",\"target\":{\"@type\":\"EntryPoint\",\"urlTemplate\":\"https:\/\/www.nau.gov.cz\/?s={search_term_string}\"},\"query-input\":{\"@type\":\"PropertyValueSpecification\",\"valueRequired\":true,\"valueName\":\"search_term_string\"}}],\"inLanguage\":\"cs\"}]}<\/script>\n<!-- \/ Yoast SEO plugin. -->","yoast_head_json":{"title":"Dal\u0161\u00ed dokumenty - N\u00e1rodn\u00ed akredita\u010dn\u00ed \u00fa\u0159ad","robots":{"index":"index","follow":"follow","max-snippet":"max-snippet:-1","max-image-preview":"max-image-preview:large","max-video-preview":"max-video-preview:-1"},"canonical":"https:\/\/www.nau.gov.cz\/organizacni-struktura\/dalsi-dokumenty\/","og_locale":"cs_CZ","og_type":"article","og_title":"Dal\u0161\u00ed dokumenty - N\u00e1rodn\u00ed akredita\u010dn\u00ed \u00fa\u0159ad","og_description":"Informace k nahl\u00ed\u017een\u00ed do spisu \u00da\u010dastn\u00edci \u0159\u00edzen\u00ed a jejich z\u00e1stupci maj\u00ed dle \u00a7 38 odst. 1 spr\u00e1vn\u00edho \u0159\u00e1du pr\u00e1vo nahl\u00ed\u017eet do spisu. Nahl\u00ed\u017een\u00ed jin\u00fdch osob ne\u017e v\u00fd\u0161e uveden\u00fdch upravuje \u00a7 38 odst. 2 spr\u00e1vn\u00edho \u0159\u00e1du. O nahl\u00ed\u017een\u00ed do spisu je v\u017edy t\u0159eba po\u017e\u00e1dat p\u0159edem. Konkr\u00e9tn\u00ed term\u00edn k nahl\u00ed\u017een\u00ed do spisu je stanoven pov\u011b\u0159enou osobou po [&hellip;]","og_url":"https:\/\/www.nau.gov.cz\/organizacni-struktura\/dalsi-dokumenty\/","og_site_name":"N\u00e1rodn\u00ed akredita\u010dn\u00ed \u00fa\u0159ad","article_modified_time":"2026-02-25T09:51:43+00:00","twitter_card":"summary_large_image","twitter_misc":{"Odhadovan\u00e1 doba \u010dten\u00ed":"1 minuta"},"schema":{"@context":"https:\/\/schema.org","@graph":[{"@type":"WebPage","@id":"https:\/\/www.nau.gov.cz\/organizacni-struktura\/dalsi-dokumenty\/","url":"https:\/\/www.nau.gov.cz\/organizacni-struktura\/dalsi-dokumenty\/","name":"Dal\u0161\u00ed dokumenty - N\u00e1rodn\u00ed akredita\u010dn\u00ed \u00fa\u0159ad","isPartOf":{"@id":"https:\/\/www.nau.gov.cz\/#website"},"datePublished":"2026-02-04T03:17:15+00:00","dateModified":"2026-02-25T09:51:43+00:00","breadcrumb":{"@id":"https:\/\/www.nau.gov.cz\/organizacni-struktura\/dalsi-dokumenty\/#breadcrumb"},"inLanguage":"cs","potentialAction":[{"@type":"ReadAction","target":["https:\/\/www.nau.gov.cz\/organizacni-struktura\/dalsi-dokumenty\/"]}]},{"@type":"BreadcrumbList","@id":"https:\/\/www.nau.gov.cz\/organizacni-struktura\/dalsi-dokumenty\/#breadcrumb","itemListElement":[{"@type":"ListItem","position":1,"name":"Dom\u016f","item":"https:\/\/www.nau.gov.cz\/"},{"@type":"ListItem","position":2,"name":"Organiza\u010dn\u00ed struktura","item":"https:\/\/www.nau.gov.cz\/organizacni-struktura\/"},{"@type":"ListItem","position":3,"name":"Dal\u0161\u00ed dokumenty"}]},{"@type":"WebSite","@id":"https:\/\/www.nau.gov.cz\/#website","url":"https:\/\/www.nau.gov.cz\/","name":"N\u00e1rodn\u00ed akredita\u010dn\u00ed \u00fa\u0159ad","description":"N\u00e1rodn\u00ed akredita\u010dn\u00ed \u00fa\u0159ad pro vysok\u00e9 \u0161kolstv\u00ed","potentialAction":[{"@type":"SearchAction","target":{"@type":"EntryPoint","urlTemplate":"https:\/\/www.nau.gov.cz\/?s={search_term_string}"},"query-input":{"@type":"PropertyValueSpecification","valueRequired":true,"valueName":"search_term_string"}}],"inLanguage":"cs"}]}},"_links":{"self":[{"href":"https:\/\/www.nau.gov.cz\/wp-json\/wp\/v2\/pages\/101778","targetHints":{"allow":["GET"]}}],"collection":[{"href":"https:\/\/www.nau.gov.cz\/wp-json\/wp\/v2\/pages"}],"about":[{"href":"https:\/\/www.nau.gov.cz\/wp-json\/wp\/v2\/types\/page"}],"author":[{"embeddable":true,"href":"https:\/\/www.nau.gov.cz\/wp-json\/wp\/v2\/users\/1"}],"replies":[{"embeddable":true,"href":"https:\/\/www.nau.gov.cz\/wp-json\/wp\/v2\/comments?post=101778"}],"version-history":[{"count":5,"href":"https:\/\/www.nau.gov.cz\/wp-json\/wp\/v2\/pages\/101778\/revisions"}],"predecessor-version":[{"id":101911,"href":"https:\/\/www.nau.gov.cz\/wp-json\/wp\/v2\/pages\/101778\/revisions\/101911"}],"up":[{"embeddable":true,"href":"https:\/\/www.nau.gov.cz\/wp-json\/wp\/v2\/pages\/100729"}],"wp:attachment":[{"href":"https:\/\/www.nau.gov.cz\/wp-json\/wp\/v2\/media?parent=101778"}],"curies":[{"name":"wp","href":"https:\/\/api.w.org\/{rel}","templated":true}]}}