{"id":101794,"date":"2026-02-04T04:34:02","date_gmt":"2026-02-04T03:34:02","guid":{"rendered":"https:\/\/www.nau.gov.cz\/?page_id=101794"},"modified":"2026-02-04T04:34:03","modified_gmt":"2026-02-04T03:34:03","slug":"provoz-podatelny-a-podminky-prijimani-dokumentu","status":"publish","type":"page","link":"https:\/\/www.nau.gov.cz\/uredni-deska\/provoz-podatelny-a-podminky-prijimani-dokumentu\/","title":{"rendered":"Provoz podatelny a podm\u00ednky p\u0159ij\u00edm\u00e1n\u00ed dokument\u016f"},"content":{"rendered":"\n<p>Emailov\u00e1 adresa:\u00a0<a href=\"mailto:posta@nauvs.cz\">posta@nau.gov.cz<\/a><\/p>\n\n\n\n<p>IDS: k9z3e3y<\/p>\n\n\n\n<p>Doru\u010dovac\u00ed adresa: U Lu\u017eick\u00e9ho semin\u00e1\u0159e 13, 118 00 Praha 1<\/p>\n\n\n\n<p>Podatelna pro ve\u0159ejnost: U Lu\u017eick\u00e9ho semin\u00e1\u0159e 13, 118 00 Praha 1, Po a St 9-10 hod, 13-14 hod, v ostatn\u00ed term\u00edny po p\u0159edchoz\u00ed telefonick\u00e9 domluv\u011b<\/p>\n\n\n\n<p><a href=\"https:\/\/www.nauvs.cz\/attachments\/article\/184\/P%C5%99%C3%ADloha_%C4%8D_2_p%C5%99ij%C3%ADman%C3%A9_form%C3%A1ty_NA%C3%9A_upr_2.pdf\" target=\"_blank\" rel=\"noreferrer noopener\">Seznam povolen\u00fdch a v\u00fdstupn\u00edch datov\u00fdch form\u00e1t\u016f<\/a><\/p>\n\n\n\n<p>Akceptovateln\u00e9 p\u0159enosn\u00e9 technick\u00e9 nosi\u010de dat: CD, DVD a USB plug&amp;play za\u0159\u00edzen\u00ed (bez instalace ovlada\u010d\u016f).<\/p>\n\n\n\n<p>Nakl\u00e1d\u00e1n\u00ed s datov\u00fdmi zpr\u00e1vami obsahuj\u00edc\u00edmi \u0161kodliv\u00fd k\u00f3d: Datov\u00e1 zpr\u00e1va, u kter\u00e9 byl zji\u0161t\u011bn \u0161kodliv\u00fd k\u00f3d, nen\u00ed zpracov\u00e1v\u00e1na. Pokud z p\u0159ijat\u00e9 datov\u00e9 zpr\u00e1vy lze zjistit kontaktn\u00ed \u00fadaje odes\u00edlatele, je mu neprodlen\u011b zasl\u00e1no sd\u011blen\u00ed o zji\u0161t\u011bn\u00ed \u0161kodliv\u00e9ho k\u00f3du s n\u00e1vrhem na dal\u0161\u00ed postup.<\/p>\n\n\n\n<p>Ne\u00fapln\u00e9 nebo po\u0161kozen\u00e9 dokumenty: Lze-li z doru\u010den\u00e9ho ne\u00fapln\u00e9ho nebo po\u0161kozen\u00e9ho dokumentu zjistit kontaktn\u00ed \u00fadaje odes\u00edlatele, \u00fa\u0159ad jej touto cestou neprodlen\u011b vyrozum\u00ed a vyzve k n\u00e1prav\u011b. Ne\u00fapln\u00fd nebo po\u0161kozen\u00fd dokument nen\u00ed zpracov\u00e1v\u00e1n.<\/p>\n","protected":false},"excerpt":{"rendered":"<p>Emailov\u00e1 adresa:\u00a0posta@nau.gov.cz IDS: k9z3e3y Doru\u010dovac\u00ed adresa: U Lu\u017eick\u00e9ho semin\u00e1\u0159e 13, 118 00 Praha 1 Podatelna pro ve\u0159ejnost: U Lu\u017eick\u00e9ho semin\u00e1\u0159e 13, 118 00 Praha 1, Po a St 9-10 hod, 13-14 hod, v ostatn\u00ed term\u00edny po p\u0159edchoz\u00ed telefonick\u00e9 domluv\u011b Seznam povolen\u00fdch a v\u00fdstupn\u00edch datov\u00fdch form\u00e1t\u016f Akceptovateln\u00e9 p\u0159enosn\u00e9 technick\u00e9 nosi\u010de dat: CD, DVD a USB plug&amp;play [&hellip;]<\/p>\n","protected":false},"author":1,"featured_media":0,"parent":101766,"menu_order":0,"comment_status":"closed","ping_status":"closed","template":"","meta":{"_acf_changed":false,"_breakdance_hide_in_design_set":false,"_breakdance_tags":"","footnotes":""},"class_list":["post-101794","page","type-page","status-publish","hentry"],"acf":[],"yoast_head":"<!-- This site is optimized with the Yoast SEO plugin v26.3 - https:\/\/yoast.com\/wordpress\/plugins\/seo\/ -->\n<title>Provoz podatelny a podm\u00ednky p\u0159ij\u00edm\u00e1n\u00ed dokument\u016f - N\u00e1rodn\u00ed akredita\u010dn\u00ed \u00fa\u0159ad<\/title>\n<meta name=\"robots\" content=\"index, follow, max-snippet:-1, max-image-preview:large, max-video-preview:-1\" \/>\n<link rel=\"canonical\" href=\"https:\/\/www.nau.gov.cz\/uredni-deska\/provoz-podatelny-a-podminky-prijimani-dokumentu\/\" \/>\n<meta property=\"og:locale\" content=\"cs_CZ\" \/>\n<meta property=\"og:type\" content=\"article\" \/>\n<meta property=\"og:title\" content=\"Provoz podatelny a podm\u00ednky p\u0159ij\u00edm\u00e1n\u00ed dokument\u016f - N\u00e1rodn\u00ed akredita\u010dn\u00ed \u00fa\u0159ad\" \/>\n<meta property=\"og:description\" content=\"Emailov\u00e1 adresa:\u00a0posta@nau.gov.cz IDS: k9z3e3y Doru\u010dovac\u00ed adresa: U Lu\u017eick\u00e9ho semin\u00e1\u0159e 13, 118 00 Praha 1 Podatelna pro ve\u0159ejnost: U Lu\u017eick\u00e9ho semin\u00e1\u0159e 13, 118 00 Praha 1, Po a St 9-10 hod, 13-14 hod, v ostatn\u00ed term\u00edny po p\u0159edchoz\u00ed telefonick\u00e9 domluv\u011b Seznam povolen\u00fdch a v\u00fdstupn\u00edch datov\u00fdch form\u00e1t\u016f Akceptovateln\u00e9 p\u0159enosn\u00e9 technick\u00e9 nosi\u010de dat: CD, DVD a USB plug&amp;play [&hellip;]\" \/>\n<meta property=\"og:url\" content=\"https:\/\/www.nau.gov.cz\/uredni-deska\/provoz-podatelny-a-podminky-prijimani-dokumentu\/\" \/>\n<meta property=\"og:site_name\" content=\"N\u00e1rodn\u00ed akredita\u010dn\u00ed \u00fa\u0159ad\" \/>\n<meta property=\"article:modified_time\" content=\"2026-02-04T03:34:03+00:00\" \/>\n<meta name=\"twitter:card\" content=\"summary_large_image\" \/>\n<meta name=\"twitter:label1\" content=\"Odhadovan\u00e1 doba \u010dten\u00ed\" \/>\n\t<meta name=\"twitter:data1\" content=\"1 minuta\" \/>\n<script type=\"application\/ld+json\" class=\"yoast-schema-graph\">{\"@context\":\"https:\/\/schema.org\",\"@graph\":[{\"@type\":\"WebPage\",\"@id\":\"https:\/\/www.nau.gov.cz\/uredni-deska\/provoz-podatelny-a-podminky-prijimani-dokumentu\/\",\"url\":\"https:\/\/www.nau.gov.cz\/uredni-deska\/provoz-podatelny-a-podminky-prijimani-dokumentu\/\",\"name\":\"Provoz podatelny a podm\u00ednky p\u0159ij\u00edm\u00e1n\u00ed dokument\u016f - N\u00e1rodn\u00ed akredita\u010dn\u00ed \u00fa\u0159ad\",\"isPartOf\":{\"@id\":\"https:\/\/www.nau.gov.cz\/#website\"},\"datePublished\":\"2026-02-04T03:34:02+00:00\",\"dateModified\":\"2026-02-04T03:34:03+00:00\",\"breadcrumb\":{\"@id\":\"https:\/\/www.nau.gov.cz\/uredni-deska\/provoz-podatelny-a-podminky-prijimani-dokumentu\/#breadcrumb\"},\"inLanguage\":\"cs\",\"potentialAction\":[{\"@type\":\"ReadAction\",\"target\":[\"https:\/\/www.nau.gov.cz\/uredni-deska\/provoz-podatelny-a-podminky-prijimani-dokumentu\/\"]}]},{\"@type\":\"BreadcrumbList\",\"@id\":\"https:\/\/www.nau.gov.cz\/uredni-deska\/provoz-podatelny-a-podminky-prijimani-dokumentu\/#breadcrumb\",\"itemListElement\":[{\"@type\":\"ListItem\",\"position\":1,\"name\":\"Dom\u016f\",\"item\":\"https:\/\/www.nau.gov.cz\/\"},{\"@type\":\"ListItem\",\"position\":2,\"name\":\"\u00da\u0159edn\u00ed deska\",\"item\":\"https:\/\/www.nau.gov.cz\/uredni-deska\/\"},{\"@type\":\"ListItem\",\"position\":3,\"name\":\"Provoz podatelny a podm\u00ednky p\u0159ij\u00edm\u00e1n\u00ed dokument\u016f\"}]},{\"@type\":\"WebSite\",\"@id\":\"https:\/\/www.nau.gov.cz\/#website\",\"url\":\"https:\/\/www.nau.gov.cz\/\",\"name\":\"N\u00e1rodn\u00ed akredita\u010dn\u00ed \u00fa\u0159ad\",\"description\":\"N\u00e1rodn\u00ed akredita\u010dn\u00ed \u00fa\u0159ad pro vysok\u00e9 \u0161kolstv\u00ed\",\"potentialAction\":[{\"@type\":\"SearchAction\",\"target\":{\"@type\":\"EntryPoint\",\"urlTemplate\":\"https:\/\/www.nau.gov.cz\/?s={search_term_string}\"},\"query-input\":{\"@type\":\"PropertyValueSpecification\",\"valueRequired\":true,\"valueName\":\"search_term_string\"}}],\"inLanguage\":\"cs\"}]}<\/script>\n<!-- \/ Yoast SEO plugin. -->","yoast_head_json":{"title":"Provoz podatelny a podm\u00ednky p\u0159ij\u00edm\u00e1n\u00ed dokument\u016f - N\u00e1rodn\u00ed akredita\u010dn\u00ed \u00fa\u0159ad","robots":{"index":"index","follow":"follow","max-snippet":"max-snippet:-1","max-image-preview":"max-image-preview:large","max-video-preview":"max-video-preview:-1"},"canonical":"https:\/\/www.nau.gov.cz\/uredni-deska\/provoz-podatelny-a-podminky-prijimani-dokumentu\/","og_locale":"cs_CZ","og_type":"article","og_title":"Provoz podatelny a podm\u00ednky p\u0159ij\u00edm\u00e1n\u00ed dokument\u016f - N\u00e1rodn\u00ed akredita\u010dn\u00ed \u00fa\u0159ad","og_description":"Emailov\u00e1 adresa:\u00a0posta@nau.gov.cz IDS: k9z3e3y Doru\u010dovac\u00ed adresa: U Lu\u017eick\u00e9ho semin\u00e1\u0159e 13, 118 00 Praha 1 Podatelna pro ve\u0159ejnost: U Lu\u017eick\u00e9ho semin\u00e1\u0159e 13, 118 00 Praha 1, Po a St 9-10 hod, 13-14 hod, v ostatn\u00ed term\u00edny po p\u0159edchoz\u00ed telefonick\u00e9 domluv\u011b Seznam povolen\u00fdch a v\u00fdstupn\u00edch datov\u00fdch form\u00e1t\u016f Akceptovateln\u00e9 p\u0159enosn\u00e9 technick\u00e9 nosi\u010de dat: CD, DVD a USB plug&amp;play [&hellip;]","og_url":"https:\/\/www.nau.gov.cz\/uredni-deska\/provoz-podatelny-a-podminky-prijimani-dokumentu\/","og_site_name":"N\u00e1rodn\u00ed akredita\u010dn\u00ed \u00fa\u0159ad","article_modified_time":"2026-02-04T03:34:03+00:00","twitter_card":"summary_large_image","twitter_misc":{"Odhadovan\u00e1 doba \u010dten\u00ed":"1 minuta"},"schema":{"@context":"https:\/\/schema.org","@graph":[{"@type":"WebPage","@id":"https:\/\/www.nau.gov.cz\/uredni-deska\/provoz-podatelny-a-podminky-prijimani-dokumentu\/","url":"https:\/\/www.nau.gov.cz\/uredni-deska\/provoz-podatelny-a-podminky-prijimani-dokumentu\/","name":"Provoz podatelny a podm\u00ednky p\u0159ij\u00edm\u00e1n\u00ed dokument\u016f - N\u00e1rodn\u00ed akredita\u010dn\u00ed \u00fa\u0159ad","isPartOf":{"@id":"https:\/\/www.nau.gov.cz\/#website"},"datePublished":"2026-02-04T03:34:02+00:00","dateModified":"2026-02-04T03:34:03+00:00","breadcrumb":{"@id":"https:\/\/www.nau.gov.cz\/uredni-deska\/provoz-podatelny-a-podminky-prijimani-dokumentu\/#breadcrumb"},"inLanguage":"cs","potentialAction":[{"@type":"ReadAction","target":["https:\/\/www.nau.gov.cz\/uredni-deska\/provoz-podatelny-a-podminky-prijimani-dokumentu\/"]}]},{"@type":"BreadcrumbList","@id":"https:\/\/www.nau.gov.cz\/uredni-deska\/provoz-podatelny-a-podminky-prijimani-dokumentu\/#breadcrumb","itemListElement":[{"@type":"ListItem","position":1,"name":"Dom\u016f","item":"https:\/\/www.nau.gov.cz\/"},{"@type":"ListItem","position":2,"name":"\u00da\u0159edn\u00ed deska","item":"https:\/\/www.nau.gov.cz\/uredni-deska\/"},{"@type":"ListItem","position":3,"name":"Provoz podatelny a podm\u00ednky p\u0159ij\u00edm\u00e1n\u00ed dokument\u016f"}]},{"@type":"WebSite","@id":"https:\/\/www.nau.gov.cz\/#website","url":"https:\/\/www.nau.gov.cz\/","name":"N\u00e1rodn\u00ed akredita\u010dn\u00ed \u00fa\u0159ad","description":"N\u00e1rodn\u00ed akredita\u010dn\u00ed \u00fa\u0159ad pro vysok\u00e9 \u0161kolstv\u00ed","potentialAction":[{"@type":"SearchAction","target":{"@type":"EntryPoint","urlTemplate":"https:\/\/www.nau.gov.cz\/?s={search_term_string}"},"query-input":{"@type":"PropertyValueSpecification","valueRequired":true,"valueName":"search_term_string"}}],"inLanguage":"cs"}]}},"_links":{"self":[{"href":"https:\/\/www.nau.gov.cz\/wp-json\/wp\/v2\/pages\/101794","targetHints":{"allow":["GET"]}}],"collection":[{"href":"https:\/\/www.nau.gov.cz\/wp-json\/wp\/v2\/pages"}],"about":[{"href":"https:\/\/www.nau.gov.cz\/wp-json\/wp\/v2\/types\/page"}],"author":[{"embeddable":true,"href":"https:\/\/www.nau.gov.cz\/wp-json\/wp\/v2\/users\/1"}],"replies":[{"embeddable":true,"href":"https:\/\/www.nau.gov.cz\/wp-json\/wp\/v2\/comments?post=101794"}],"version-history":[{"count":1,"href":"https:\/\/www.nau.gov.cz\/wp-json\/wp\/v2\/pages\/101794\/revisions"}],"predecessor-version":[{"id":101795,"href":"https:\/\/www.nau.gov.cz\/wp-json\/wp\/v2\/pages\/101794\/revisions\/101795"}],"up":[{"embeddable":true,"href":"https:\/\/www.nau.gov.cz\/wp-json\/wp\/v2\/pages\/101766"}],"wp:attachment":[{"href":"https:\/\/www.nau.gov.cz\/wp-json\/wp\/v2\/media?parent=101794"}],"curies":[{"name":"wp","href":"https:\/\/api.w.org\/{rel}","templated":true}]}}