{"id":101798,"date":"2026-02-04T04:36:11","date_gmt":"2026-02-04T03:36:11","guid":{"rendered":"https:\/\/www.nau.gov.cz\/?page_id=101798"},"modified":"2026-02-04T04:36:12","modified_gmt":"2026-02-04T03:36:12","slug":"prehled-povinne-zverejnovanych-informaci-dle-zakona-c-106-1999-sb","status":"publish","type":"page","link":"https:\/\/www.nau.gov.cz\/uredni-deska\/prehled-povinne-zverejnovanych-informaci-dle-zakona-c-106-1999-sb\/","title":{"rendered":"P\u0159ehled povinn\u011b zve\u0159ej\u0148ovan\u00fdch informac\u00ed dle z\u00e1kona \u010d. 106\/1999 Sb."},"content":{"rendered":"\n<h4 class=\"wp-block-heading\"><strong>N\u00e1zev<\/strong><\/h4>\n\n\n\n<p>N\u00e1rodn\u00ed akredita\u010dn\u00ed \u00fa\u0159ad pro terci\u00e1rn\u00ed vzd\u011bl\u00e1v\u00e1n\u00ed<\/p>\n\n\n\n<h4 class=\"wp-block-heading\"><strong>D\u016fvod a zp\u016fsob zalo\u017een\u00ed, podm\u00ednky a principy, za kter\u00fdch provozuje svoji \u010dinnost<\/strong><\/h4>\n\n\n\n<p>N\u00e1rodn\u00ed akredita\u010dn\u00ed \u00fa\u0159ad pro terci\u00e1rn\u00ed vzd\u011bl\u00e1v\u00e1n\u00ed (d\u00e1le t\u00e9\u017e \u201eAkredita\u010dn\u00ed \u00fa\u0159ad\u201c) je pr\u00e1vnickou osobou ve\u0159ejn\u00e9ho pr\u00e1va z\u0159\u00edzenou z\u00e1konem \u010d. 111\/1998 Sb., o vysok\u00fdch \u0161kol\u00e1ch a o zm\u011bn\u011b a dopln\u011bn\u00ed dal\u0161\u00edch z\u00e1kon\u016f (z\u00e1kon o vysok\u00fdch \u0161kol\u00e1ch), ve zn\u011bn\u00ed pozd\u011bj\u0161\u00edch p\u0159edpis\u016f. Tento z\u00e1kon z\u00e1rove\u0148 vymezuje p\u016fsobnost Akredita\u010dn\u00edho \u00fa\u0159adu v oblasti vysok\u00e9ho a vy\u0161\u0161\u00edho odborn\u00e9ho \u0161kolstv\u00ed. Akredita\u010dn\u00ed \u00fa\u0159ad zejm\u00e9na:<\/p>\n\n\n\n<p>a) rozhoduje o akreditac\u00edch studijn\u00edch program\u016f, institucion\u00e1ln\u00edch akreditac\u00edch a akreditac\u00edch habilita\u010dn\u00edho \u0159\u00edzen\u00ed a \u0159\u00edzen\u00ed ke jmenov\u00e1n\u00ed profesorem,<\/p>\n\n\n\n<p>b) rozhoduje o akreditaci vzd\u011bl\u00e1vac\u00edch program\u016f vy\u0161\u0161\u00edch odborn\u00fdch \u0161kol,<\/p>\n\n\n\n<p>c) vykon\u00e1v\u00e1 kontrolu dodr\u017eov\u00e1n\u00ed pr\u00e1vn\u00edch p\u0159edpis\u016f p\u0159i uskute\u010d\u0148ov\u00e1n\u00ed akreditovan\u00fdch \u010dinnost\u00ed a<\/p>\n\n\n\n<p>d) prov\u00e1d\u00ed vn\u011bj\u0161\u00ed hodnocen\u00ed vzd\u011bl\u00e1vac\u00ed \u010dinnosti, v\u011bdeck\u00e9, v\u00fdzkumn\u00e9, v\u00fdvojov\u00e9, inova\u010dn\u00ed, um\u011bleck\u00e9 a dal\u0161\u00ed tv\u016fr\u010d\u00ed \u010dinnosti a s nimi souvisej\u00edc\u00edch \u010dinnost\u00ed vysok\u00fdch \u0161kol a vy\u0161\u0161\u00edch odborn\u00fdch \u0161kol.<\/p>\n\n\n\n<p>\u00dakoly spojen\u00e9 s odborn\u00fdm, organiza\u010dn\u00edm a technick\u00fdm zabezpe\u010den\u00edm \u010dinnosti Akredita\u010dn\u00edho \u00fa\u0159adu, v\u010detn\u011b veden\u00ed datab\u00e1z\u00ed spojen\u00fdch s \u010dinnost\u00ed Akredita\u010dn\u00edho \u00fa\u0159adu a prov\u00e1d\u011bn\u00ed \u00fakon\u016f Akredita\u010dn\u00edho \u00fa\u0159adu ve spr\u00e1vn\u00edm \u0159\u00edzen\u00ed, s v\u00fdjimkou \u00fakon\u016f vyhrazen\u00fdch org\u00e1n\u016fm nebo opr\u00e1vn\u011bn\u00fdm \u00fa\u0159edn\u00edm osob\u00e1m stanoven\u00fdm z\u00e1konem pln\u00ed Kancel\u00e1\u0159 Akredita\u010dn\u00edho \u00fa\u0159adu.<\/p>\n\n\n\n<h4 class=\"wp-block-heading\"><strong>Popis organiza\u010dn\u00ed struktury<\/strong><\/h4>\n\n\n\n<p>V \u010dele Akredita\u010dn\u00edho \u00fa\u0159adu stoj\u00ed p\u0159edseda Akredita\u010dn\u00edho \u00fa\u0159adu. P\u0159edsedu Akredita\u010dn\u00edho \u00fa\u0159adu v dob\u011b jeho nep\u0159\u00edtomnosti zastupuj\u00ed v pln\u00e9m rozsahu v j\u00edm ur\u010den\u00e9m po\u0159ad\u00ed m\u00edstop\u0159edsedov\u00e9 Akredita\u010dn\u00edho \u00fa\u0159adu.<\/p>\n\n\n\n<p>V\u00fdkonn\u00fdm org\u00e1nem Akredita\u010dn\u00edho \u00fa\u0159adu je patn\u00e1cti\u010dlenn\u00e1 Rada Akredita\u010dn\u00edho \u00fa\u0159adu. P\u0159edsedou Rady Akredita\u010dn\u00edho \u00fa\u0159adu je p\u0159edseda Akredita\u010dn\u00edho \u00fa\u0159adu, m\u00edstop\u0159edsedy Rady Akredita\u010dn\u00ed \u00fa\u0159adu jsou m\u00edstop\u0159edsedov\u00e9 Akredita\u010dn\u00edho \u00fa\u0159adu.<\/p>\n\n\n\n<p>Dal\u0161\u00edm org\u00e1nem Akredita\u010dn\u00edho \u00fa\u0159adu je p\u011bti\u010dlenn\u00e1 P\u0159ezkumn\u00e1 komise Akredita\u010dn\u00edho \u00fa\u0159adu.<\/p>\n\n\n\n<p>Poradn\u00edmi org\u00e1ny Rady Akredita\u010dn\u00edho \u00fa\u0159adu jsou hodnotic\u00ed komise a Akredita\u010dn\u00ed komise pro vy\u0161\u0161\u00ed odborn\u00e9 vzd\u011bl\u00e1v\u00e1n\u00ed.<\/p>\n\n\n\n<p>Kancel\u00e1\u0159 Akredita\u010dn\u00edho \u00fa\u0159adu se organiza\u010dn\u011b \u010dlen\u00ed na dv\u011b odd\u011blen\u00ed: odd\u011blen\u00ed odborn\u00fdch \u010dinnost\u00ed a provozn\u00ed odd\u011blen\u00ed.<\/p>\n\n\n\n<p>Zam\u011bstnanci za\u0159azen\u00ed do odd\u011blen\u00ed odborn\u00fdch \u010dinnost\u00ed jsou p\u0159\u00edmo \u0159\u00edzen\u00ed 1. m\u00edstop\u0159edsedou Akredita\u010dn\u00edho \u00fa\u0159adu.<\/p>\n\n\n\n<p>Zam\u011bstnanci za\u0159azen\u00ed do provozn\u00edho odd\u011blen\u00ed jsou \u0159\u00edzen\u00ed provozn\u00edm tajemn\u00edkem Akredita\u010dn\u00edho \u00fa\u0159adu, kter\u00fd je zam\u011bstnancem \u00fa\u0159adu.<\/p>\n\n\n\n<p>P\u0159edseda Akredita\u010dn\u00edho \u00fa\u0159adu m\u016f\u017ee pov\u011b\u0159it konkr\u00e9tn\u00edho zam\u011bstnance koordina\u010dn\u00edmi \u00fakoly. Pov\u011b\u0159en\u00fd zam\u011bstnanec je opr\u00e1vn\u011bn p\u0159i pln\u011bn\u00ed takov\u00e9ho \u00fakolu po\u017eadovat sou\u010dinnost ostatn\u00edch zam\u011bstnanc\u016f; ostatn\u00ed zam\u011bstnanci jsou povinni tuto sou\u010dinnost pov\u011b\u0159en\u00e9mu zam\u011bstnanci poskytnout.<\/p>\n\n\n\n<h4 class=\"wp-block-heading\"><strong>M\u00edsto a zp\u016fsob, jak z\u00edskat p\u0159\u00edslu\u0161n\u00e9 informace, a kde lze podat \u017e\u00e1dost \u010di st\u00ed\u017enost, p\u0159edlo\u017eit n\u00e1vrh, podn\u011bt \u010di jin\u00e9 do\u017e\u00e1d\u00e1n\u00ed anebo obdr\u017eet rozhodnut\u00ed<\/strong><\/h4>\n\n\n\n<p>Emailov\u00e1 adresa:\u00a0<a href=\"posta@nau.gov.cz\">posta@nau.gov.cz<\/a><\/p>\n\n\n\n<p>IDS: k9z3e3y<\/p>\n\n\n\n<p>Doru\u010dovac\u00ed adresa: U Lu\u017eick\u00e9ho semin\u00e1\u0159e 13, 118 00 Praha 1<\/p>\n\n\n\n<p>Podatelna pro ve\u0159ejnost: U Lu\u017eick\u00e9ho semin\u00e1\u0159e 13, 118 00 Praha 1, Po a St 9-10 hod, 13-14 hod, v ostatn\u00ed term\u00edny po p\u0159edchoz\u00ed telefonick\u00e9 domluv\u011b<\/p>\n\n\n\n<h4 class=\"wp-block-heading\"><strong>M\u00edsto, lh\u016fta a zp\u016fsob, kde lze podat opravn\u00fd prost\u0159edek proti rozhodnut\u00ed Akredita\u010dn\u00edho \u00fa\u0159adu, a to v\u010detn\u011b v\u00fdslovn\u00e9ho uveden\u00ed po\u017eadavk\u016f, kter\u00e9 jsou v t\u00e9to souvislosti kladeny na \u017eadatele, jako\u017e i popis postup\u016f a pravidel, kter\u00e1 je t\u0159eba dodr\u017eovat p\u0159i t\u011bchto \u010dinnostech<\/strong><\/h4>\n\n\n\n<p>Emailov\u00e1 adresa:\u00a0<a href=\"mailto:posta@nauvs.cz\">posta@nau.gov.cz<\/a><\/p>\n\n\n\n<p>IDS: k9z3e3y<\/p>\n\n\n\n<p>Doru\u010dovac\u00ed adresa: U Lu\u017eick\u00e9ho semin\u00e1\u0159e 13, 118 00 Praha 1<\/p>\n\n\n\n<p>Podatelna pro ve\u0159ejnost: U Lu\u017eick\u00e9ho semin\u00e1\u0159e 13, 118 00 Praha 1, Po a St 9-10 hod, 13-14 hod, v ostatn\u00ed term\u00edny po p\u0159edchoz\u00ed telefonick\u00e9 domluv\u011b<\/p>\n\n\n\n<p>Postup a lh\u016fty upravuje z\u00e1kon \u010d. 106\/1999 Sb., o svobodn\u00e9m p\u0159\u00edstupu k informac\u00edm, ve zn\u011bn\u00ed pozd\u011bj\u0161\u00edch p\u0159edpis\u016f (d\u00e1le tak\u00e9 \u201eInfZ\u201c).<\/p>\n\n\n\n<h4 class=\"wp-block-heading\"><strong>Postup, kter\u00fd mus\u00ed povinn\u00fd subjekt dodr\u017eovat p\u0159i vy\u0159izov\u00e1n\u00ed v\u0161ech \u017e\u00e1dost\u00ed, n\u00e1vrh\u016f i jin\u00fdch do\u017e\u00e1d\u00e1n\u00ed ob\u010dan\u016f<\/strong><\/h4>\n\n\n\n<p>Postup stanovuj\u00ed tyto pr\u00e1vn\u00ed p\u0159edpisy:<\/p>\n\n\n\n<p>Z\u00e1kon \u010d. 111\/1998 Sb., o vysok\u00fdch \u0161kol\u00e1ch a o zm\u011bn\u011b a dopln\u011bn\u00ed dal\u0161\u00edch z\u00e1kon\u016f (z\u00e1kon o vysok\u00fdch \u0161kol\u00e1ch), ve zn\u011bn\u00ed pozd\u011bj\u0161\u00edch p\u0159edpis\u016f<\/p>\n\n\n\n<p>Z\u00e1kon \u010d. 561\/2004 Sb., o p\u0159ed\u0161koln\u00edm, z\u00e1kladn\u00edm, st\u0159edn\u00edm, vy\u0161\u0161\u00edm odborn\u00e9m a jin\u00e9m vzd\u011bl\u00e1v\u00e1n\u00ed (\u0161kolsk\u00fd z\u00e1kon), ve zn\u011bn\u00ed pozd\u011bj\u0161\u00edch p\u0159edpis\u016f<\/p>\n\n\n\n<p>Z\u00e1kon \u010d. 106\/1999 Sb., o svobodn\u00e9m p\u0159\u00edstupu k&nbsp;informac\u00edm, ve zn\u011bn\u00ed pozd\u011bj\u0161\u00edch p\u0159edpis\u016f<\/p>\n\n\n\n<p>Z\u00e1kon \u010d. 500\/2004 Sb., spr\u00e1vn\u00ed \u0159\u00e1d, ve zn\u011bn\u00ed pozd\u011bj\u0161\u00edch p\u0159edpis\u016f<\/p>\n\n\n\n<h4 class=\"wp-block-heading\"><strong>P\u0159ehled nejd\u016fle\u017eit\u011bj\u0161\u00edch p\u0159edpis\u016f, podle nich\u017e Akredita\u010dn\u00ed \u00fa\u0159ad zejm\u00e9na jedn\u00e1 a rozhoduje, kter\u00e9 stanovuj\u00ed pr\u00e1vo \u017e\u00e1dat informace a kter\u00e9 upravuj\u00ed dal\u0161\u00ed pr\u00e1va ob\u010dan\u016f ve vztahu k Akredita\u010dn\u00edmu \u00fa\u0159adu<\/strong><\/h4>\n\n\n\n<p>Z\u00e1kon \u010d. 111\/1998 Sb., o vysok\u00fdch \u0161kol\u00e1ch a o zm\u011bn\u011b a dopln\u011bn\u00ed dal\u0161\u00edch z\u00e1kon\u016f (z\u00e1kon o vysok\u00fdch \u0161kol\u00e1ch), ve zn\u011bn\u00ed pozd\u011bj\u0161\u00edch p\u0159edpis\u016f<\/p>\n\n\n\n<p>Z\u00e1kon \u010d. 561\/2004 Sb., o p\u0159ed\u0161koln\u00edm, z\u00e1kladn\u00edm, st\u0159edn\u00edm, vy\u0161\u0161\u00edm odborn\u00e9m a jin\u00e9m vzd\u011bl\u00e1v\u00e1n\u00ed (\u0161kolsk\u00fd z\u00e1kon), ve zn\u011bn\u00ed pozd\u011bj\u0161\u00edch p\u0159edpis\u016f<\/p>\n\n\n\n<p>Z\u00e1kon \u010d. 106\/1999 Sb., o svobodn\u00e9m p\u0159\u00edstupu k&nbsp;informac\u00edm, ve zn\u011bn\u00ed pozd\u011bj\u0161\u00edch p\u0159edpis\u016f<\/p>\n\n\n\n<p>Z\u00e1kon \u010d. 101\/2000 Sb., o ochran\u011b osobn\u00edch \u00fadaj\u016f, ve zn\u011bn\u00ed pozd\u011bj\u0161\u00edch p\u0159edpis\u016f<\/p>\n\n\n\n<p>Z\u00e1kon \u010d. 500\/2004 Sb., spr\u00e1vn\u00ed \u0159\u00e1d, ve zn\u011bn\u00ed pozd\u011bj\u0161\u00edch p\u0159edpis\u016f<\/p>\n\n\n\n<p>Na\u0159\u00edzen\u00ed \u010d. 274\/2016 Sb., o standardech pro akreditace ve vysok\u00e9m \u0161kolstv\u00ed<\/p>\n\n\n\n<p>Na\u0159\u00edzen\u00ed \u010d. 275\/2016 Sb., o oblastech vzd\u011bl\u00e1v\u00e1n\u00ed ve vysok\u00e9m \u0161kolstv\u00ed<\/p>\n\n\n\n<p>Uveden\u00e9 z\u00e1kony jsou dostupn\u00e9 na adrese&nbsp;<a href=\"http:\/\/www.portal.gov.cz\/\">http:\/\/www.portal.gov.cz<\/a>.<\/p>\n\n\n\n<h4 class=\"wp-block-heading\"><strong>Seznam hlavn\u00edch dokument\u016f, zejm\u00e9na koncep\u010dn\u00ed, strategick\u00e9 a programov\u00e9 povahy, kter\u00e9 mohou b\u00fdt poskytnuty podle tohoto z\u00e1kona<\/strong><\/h4>\n\n\n\n<p><a href=\"https:\/\/www.nauvs.cz\/index.php\/cs\/statut-nau\" target=\"_blank\" rel=\"noreferrer noopener\">Statut<\/a>,&nbsp;<a href=\"https:\/\/www.nauvs.cz\/index.php\/cs\/predpisy-2\" target=\"_blank\" rel=\"noreferrer noopener\">P\u0159edpisy<\/a>,&nbsp;<a href=\"https:\/\/www.nauvs.cz\/index.php\/cs\/metodiky\" target=\"_blank\" rel=\"noreferrer noopener\">Metodick\u00e9 materi\u00e1ly<\/a>.<\/p>\n\n\n\n<p>Akredita\u010dn\u00ed \u00fa\u0159ad nepou\u017e\u00edv\u00e1 p\u0159i poskytov\u00e1n\u00ed informac\u00ed vzory licen\u010dn\u00edch smluv.<\/p>\n\n\n\n<h4 class=\"wp-block-heading\"><strong>Sazebn\u00edk \u00fahrad za poskytov\u00e1n\u00ed informac\u00ed<\/strong><\/h4>\n\n\n\n<p>\u00dahrady za poskytov\u00e1n\u00ed informac\u00ed se \u0159\u00edd\u00ed&nbsp;<a href=\"https:\/\/www.nauvs.cz\/attachments\/article\/34\/Sazebn%C3%ADk%20%C3%BAhrad-poskytov%C3%A1n%C3%AD%20informac%C3%AD-NA%C3%9ATV.pdf\" target=\"_blank\" rel=\"noreferrer noopener\">Sazebn\u00edkem \u00fahrad<\/a>&nbsp;za poskytov\u00e1n\u00ed informac\u00ed Akredita\u010dn\u00edho \u00fa\u0159adu.<\/p>\n\n\n\n<p>\u00dahrady za poskytov\u00e1n\u00ed informac\u00ed se poukazuj\u00ed na \u00fa\u010det Akredita\u010dn\u00edho \u00fa\u0159adu.<\/p>\n\n\n\n<p>\u010c\u00edslo \u00fa\u010dtu: 358259105\/0300<\/p>\n\n\n\n<h4 class=\"wp-block-heading\"><strong>V\u00fdro\u010dn\u00ed zpr\u00e1vy minim\u00e1ln\u011b p\u0159edchoz\u00ed kalend\u00e1\u0159n\u00ed rok o \u010dinnosti&nbsp;Akredita\u010dn\u00edho \u00fa\u0159adu v oblasti poskytov\u00e1n\u00ed informac\u00ed<\/strong><\/h4>\n\n\n\n<p><em>(dosud nebyla vyd\u00e1na takov\u00e1 zpr\u00e1va)<\/em><\/p>\n\n\n\n<h4 class=\"wp-block-heading\"><strong>Usnesen\u00ed P\u0159ezkumn\u00e9 komise o v\u00fd\u0161i \u00fahrad vydan\u00e1 podle \u00a7 16a odst. 7 InfZ<\/strong><\/h4>\n\n\n\n<p><em>(dosud nebylo vyd\u00e1no takov\u00e9 usnesen\u00ed)<\/em><\/p>\n","protected":false},"excerpt":{"rendered":"<p>N\u00e1zev N\u00e1rodn\u00ed akredita\u010dn\u00ed \u00fa\u0159ad pro terci\u00e1rn\u00ed vzd\u011bl\u00e1v\u00e1n\u00ed D\u016fvod a zp\u016fsob zalo\u017een\u00ed, podm\u00ednky a principy, za kter\u00fdch provozuje svoji \u010dinnost N\u00e1rodn\u00ed akredita\u010dn\u00ed \u00fa\u0159ad pro terci\u00e1rn\u00ed vzd\u011bl\u00e1v\u00e1n\u00ed (d\u00e1le t\u00e9\u017e \u201eAkredita\u010dn\u00ed \u00fa\u0159ad\u201c) je pr\u00e1vnickou osobou ve\u0159ejn\u00e9ho pr\u00e1va z\u0159\u00edzenou z\u00e1konem \u010d. 111\/1998 Sb., o vysok\u00fdch \u0161kol\u00e1ch a o zm\u011bn\u011b a dopln\u011bn\u00ed dal\u0161\u00edch z\u00e1kon\u016f (z\u00e1kon o vysok\u00fdch \u0161kol\u00e1ch), ve zn\u011bn\u00ed [&hellip;]<\/p>\n","protected":false},"author":1,"featured_media":0,"parent":101766,"menu_order":0,"comment_status":"closed","ping_status":"closed","template":"","meta":{"_acf_changed":false,"_breakdance_hide_in_design_set":false,"_breakdance_tags":"","footnotes":""},"class_list":["post-101798","page","type-page","status-publish","hentry"],"acf":[],"yoast_head":"<!-- This site is optimized with the Yoast SEO plugin v26.3 - https:\/\/yoast.com\/wordpress\/plugins\/seo\/ -->\n<title>P\u0159ehled povinn\u011b zve\u0159ej\u0148ovan\u00fdch informac\u00ed dle z\u00e1kona \u010d. 106\/1999 Sb. - N\u00e1rodn\u00ed akredita\u010dn\u00ed \u00fa\u0159ad<\/title>\n<meta name=\"robots\" content=\"index, follow, max-snippet:-1, max-image-preview:large, max-video-preview:-1\" \/>\n<link rel=\"canonical\" href=\"https:\/\/www.nau.gov.cz\/uredni-deska\/prehled-povinne-zverejnovanych-informaci-dle-zakona-c-106-1999-sb\/\" \/>\n<meta property=\"og:locale\" content=\"cs_CZ\" \/>\n<meta property=\"og:type\" content=\"article\" \/>\n<meta property=\"og:title\" content=\"P\u0159ehled povinn\u011b zve\u0159ej\u0148ovan\u00fdch informac\u00ed dle z\u00e1kona \u010d. 106\/1999 Sb. - N\u00e1rodn\u00ed akredita\u010dn\u00ed \u00fa\u0159ad\" \/>\n<meta property=\"og:description\" content=\"N\u00e1zev N\u00e1rodn\u00ed akredita\u010dn\u00ed \u00fa\u0159ad pro terci\u00e1rn\u00ed vzd\u011bl\u00e1v\u00e1n\u00ed D\u016fvod a zp\u016fsob zalo\u017een\u00ed, podm\u00ednky a principy, za kter\u00fdch provozuje svoji \u010dinnost N\u00e1rodn\u00ed akredita\u010dn\u00ed \u00fa\u0159ad pro terci\u00e1rn\u00ed vzd\u011bl\u00e1v\u00e1n\u00ed (d\u00e1le t\u00e9\u017e \u201eAkredita\u010dn\u00ed \u00fa\u0159ad\u201c) je pr\u00e1vnickou osobou ve\u0159ejn\u00e9ho pr\u00e1va z\u0159\u00edzenou z\u00e1konem \u010d. 111\/1998 Sb., o vysok\u00fdch \u0161kol\u00e1ch a o zm\u011bn\u011b a dopln\u011bn\u00ed dal\u0161\u00edch z\u00e1kon\u016f (z\u00e1kon o vysok\u00fdch \u0161kol\u00e1ch), ve zn\u011bn\u00ed [&hellip;]\" \/>\n<meta property=\"og:url\" content=\"https:\/\/www.nau.gov.cz\/uredni-deska\/prehled-povinne-zverejnovanych-informaci-dle-zakona-c-106-1999-sb\/\" \/>\n<meta property=\"og:site_name\" content=\"N\u00e1rodn\u00ed akredita\u010dn\u00ed \u00fa\u0159ad\" \/>\n<meta property=\"article:modified_time\" content=\"2026-02-04T03:36:12+00:00\" \/>\n<meta name=\"twitter:card\" content=\"summary_large_image\" \/>\n<meta name=\"twitter:label1\" content=\"Odhadovan\u00e1 doba \u010dten\u00ed\" \/>\n\t<meta name=\"twitter:data1\" content=\"5 minut\" \/>\n<script type=\"application\/ld+json\" class=\"yoast-schema-graph\">{\"@context\":\"https:\/\/schema.org\",\"@graph\":[{\"@type\":\"WebPage\",\"@id\":\"https:\/\/www.nau.gov.cz\/uredni-deska\/prehled-povinne-zverejnovanych-informaci-dle-zakona-c-106-1999-sb\/\",\"url\":\"https:\/\/www.nau.gov.cz\/uredni-deska\/prehled-povinne-zverejnovanych-informaci-dle-zakona-c-106-1999-sb\/\",\"name\":\"P\u0159ehled povinn\u011b zve\u0159ej\u0148ovan\u00fdch informac\u00ed dle z\u00e1kona \u010d. 106\/1999 Sb. - N\u00e1rodn\u00ed akredita\u010dn\u00ed \u00fa\u0159ad\",\"isPartOf\":{\"@id\":\"https:\/\/www.nau.gov.cz\/#website\"},\"datePublished\":\"2026-02-04T03:36:11+00:00\",\"dateModified\":\"2026-02-04T03:36:12+00:00\",\"breadcrumb\":{\"@id\":\"https:\/\/www.nau.gov.cz\/uredni-deska\/prehled-povinne-zverejnovanych-informaci-dle-zakona-c-106-1999-sb\/#breadcrumb\"},\"inLanguage\":\"cs\",\"potentialAction\":[{\"@type\":\"ReadAction\",\"target\":[\"https:\/\/www.nau.gov.cz\/uredni-deska\/prehled-povinne-zverejnovanych-informaci-dle-zakona-c-106-1999-sb\/\"]}]},{\"@type\":\"BreadcrumbList\",\"@id\":\"https:\/\/www.nau.gov.cz\/uredni-deska\/prehled-povinne-zverejnovanych-informaci-dle-zakona-c-106-1999-sb\/#breadcrumb\",\"itemListElement\":[{\"@type\":\"ListItem\",\"position\":1,\"name\":\"Dom\u016f\",\"item\":\"https:\/\/www.nau.gov.cz\/\"},{\"@type\":\"ListItem\",\"position\":2,\"name\":\"\u00da\u0159edn\u00ed deska\",\"item\":\"https:\/\/www.nau.gov.cz\/uredni-deska\/\"},{\"@type\":\"ListItem\",\"position\":3,\"name\":\"P\u0159ehled povinn\u011b zve\u0159ej\u0148ovan\u00fdch informac\u00ed dle z\u00e1kona \u010d. 106\/1999 Sb.\"}]},{\"@type\":\"WebSite\",\"@id\":\"https:\/\/www.nau.gov.cz\/#website\",\"url\":\"https:\/\/www.nau.gov.cz\/\",\"name\":\"N\u00e1rodn\u00ed akredita\u010dn\u00ed \u00fa\u0159ad\",\"description\":\"N\u00e1rodn\u00ed akredita\u010dn\u00ed \u00fa\u0159ad pro vysok\u00e9 \u0161kolstv\u00ed\",\"potentialAction\":[{\"@type\":\"SearchAction\",\"target\":{\"@type\":\"EntryPoint\",\"urlTemplate\":\"https:\/\/www.nau.gov.cz\/?s={search_term_string}\"},\"query-input\":{\"@type\":\"PropertyValueSpecification\",\"valueRequired\":true,\"valueName\":\"search_term_string\"}}],\"inLanguage\":\"cs\"}]}<\/script>\n<!-- \/ Yoast SEO plugin. -->","yoast_head_json":{"title":"P\u0159ehled povinn\u011b zve\u0159ej\u0148ovan\u00fdch informac\u00ed dle z\u00e1kona \u010d. 106\/1999 Sb. - N\u00e1rodn\u00ed akredita\u010dn\u00ed \u00fa\u0159ad","robots":{"index":"index","follow":"follow","max-snippet":"max-snippet:-1","max-image-preview":"max-image-preview:large","max-video-preview":"max-video-preview:-1"},"canonical":"https:\/\/www.nau.gov.cz\/uredni-deska\/prehled-povinne-zverejnovanych-informaci-dle-zakona-c-106-1999-sb\/","og_locale":"cs_CZ","og_type":"article","og_title":"P\u0159ehled povinn\u011b zve\u0159ej\u0148ovan\u00fdch informac\u00ed dle z\u00e1kona \u010d. 106\/1999 Sb. - N\u00e1rodn\u00ed akredita\u010dn\u00ed \u00fa\u0159ad","og_description":"N\u00e1zev N\u00e1rodn\u00ed akredita\u010dn\u00ed \u00fa\u0159ad pro terci\u00e1rn\u00ed vzd\u011bl\u00e1v\u00e1n\u00ed D\u016fvod a zp\u016fsob zalo\u017een\u00ed, podm\u00ednky a principy, za kter\u00fdch provozuje svoji \u010dinnost N\u00e1rodn\u00ed akredita\u010dn\u00ed \u00fa\u0159ad pro terci\u00e1rn\u00ed vzd\u011bl\u00e1v\u00e1n\u00ed (d\u00e1le t\u00e9\u017e \u201eAkredita\u010dn\u00ed \u00fa\u0159ad\u201c) je pr\u00e1vnickou osobou ve\u0159ejn\u00e9ho pr\u00e1va z\u0159\u00edzenou z\u00e1konem \u010d. 111\/1998 Sb., o vysok\u00fdch \u0161kol\u00e1ch a o zm\u011bn\u011b a dopln\u011bn\u00ed dal\u0161\u00edch z\u00e1kon\u016f (z\u00e1kon o vysok\u00fdch \u0161kol\u00e1ch), ve zn\u011bn\u00ed [&hellip;]","og_url":"https:\/\/www.nau.gov.cz\/uredni-deska\/prehled-povinne-zverejnovanych-informaci-dle-zakona-c-106-1999-sb\/","og_site_name":"N\u00e1rodn\u00ed akredita\u010dn\u00ed \u00fa\u0159ad","article_modified_time":"2026-02-04T03:36:12+00:00","twitter_card":"summary_large_image","twitter_misc":{"Odhadovan\u00e1 doba \u010dten\u00ed":"5 minut"},"schema":{"@context":"https:\/\/schema.org","@graph":[{"@type":"WebPage","@id":"https:\/\/www.nau.gov.cz\/uredni-deska\/prehled-povinne-zverejnovanych-informaci-dle-zakona-c-106-1999-sb\/","url":"https:\/\/www.nau.gov.cz\/uredni-deska\/prehled-povinne-zverejnovanych-informaci-dle-zakona-c-106-1999-sb\/","name":"P\u0159ehled povinn\u011b zve\u0159ej\u0148ovan\u00fdch informac\u00ed dle z\u00e1kona \u010d. 106\/1999 Sb. - N\u00e1rodn\u00ed akredita\u010dn\u00ed \u00fa\u0159ad","isPartOf":{"@id":"https:\/\/www.nau.gov.cz\/#website"},"datePublished":"2026-02-04T03:36:11+00:00","dateModified":"2026-02-04T03:36:12+00:00","breadcrumb":{"@id":"https:\/\/www.nau.gov.cz\/uredni-deska\/prehled-povinne-zverejnovanych-informaci-dle-zakona-c-106-1999-sb\/#breadcrumb"},"inLanguage":"cs","potentialAction":[{"@type":"ReadAction","target":["https:\/\/www.nau.gov.cz\/uredni-deska\/prehled-povinne-zverejnovanych-informaci-dle-zakona-c-106-1999-sb\/"]}]},{"@type":"BreadcrumbList","@id":"https:\/\/www.nau.gov.cz\/uredni-deska\/prehled-povinne-zverejnovanych-informaci-dle-zakona-c-106-1999-sb\/#breadcrumb","itemListElement":[{"@type":"ListItem","position":1,"name":"Dom\u016f","item":"https:\/\/www.nau.gov.cz\/"},{"@type":"ListItem","position":2,"name":"\u00da\u0159edn\u00ed deska","item":"https:\/\/www.nau.gov.cz\/uredni-deska\/"},{"@type":"ListItem","position":3,"name":"P\u0159ehled povinn\u011b zve\u0159ej\u0148ovan\u00fdch informac\u00ed dle z\u00e1kona \u010d. 106\/1999 Sb."}]},{"@type":"WebSite","@id":"https:\/\/www.nau.gov.cz\/#website","url":"https:\/\/www.nau.gov.cz\/","name":"N\u00e1rodn\u00ed akredita\u010dn\u00ed \u00fa\u0159ad","description":"N\u00e1rodn\u00ed akredita\u010dn\u00ed \u00fa\u0159ad pro vysok\u00e9 \u0161kolstv\u00ed","potentialAction":[{"@type":"SearchAction","target":{"@type":"EntryPoint","urlTemplate":"https:\/\/www.nau.gov.cz\/?s={search_term_string}"},"query-input":{"@type":"PropertyValueSpecification","valueRequired":true,"valueName":"search_term_string"}}],"inLanguage":"cs"}]}},"_links":{"self":[{"href":"https:\/\/www.nau.gov.cz\/wp-json\/wp\/v2\/pages\/101798","targetHints":{"allow":["GET"]}}],"collection":[{"href":"https:\/\/www.nau.gov.cz\/wp-json\/wp\/v2\/pages"}],"about":[{"href":"https:\/\/www.nau.gov.cz\/wp-json\/wp\/v2\/types\/page"}],"author":[{"embeddable":true,"href":"https:\/\/www.nau.gov.cz\/wp-json\/wp\/v2\/users\/1"}],"replies":[{"embeddable":true,"href":"https:\/\/www.nau.gov.cz\/wp-json\/wp\/v2\/comments?post=101798"}],"version-history":[{"count":1,"href":"https:\/\/www.nau.gov.cz\/wp-json\/wp\/v2\/pages\/101798\/revisions"}],"predecessor-version":[{"id":101799,"href":"https:\/\/www.nau.gov.cz\/wp-json\/wp\/v2\/pages\/101798\/revisions\/101799"}],"up":[{"embeddable":true,"href":"https:\/\/www.nau.gov.cz\/wp-json\/wp\/v2\/pages\/101766"}],"wp:attachment":[{"href":"https:\/\/www.nau.gov.cz\/wp-json\/wp\/v2\/media?parent=101798"}],"curies":[{"name":"wp","href":"https:\/\/api.w.org\/{rel}","templated":true}]}}